{"id":534,"date":"2025-05-15T11:05:43","date_gmt":"2025-05-15T03:05:43","guid":{"rendered":"http:\/\/www.canneed.com\/po\/?post_type=product&#038;p=534"},"modified":"2025-05-15T11:05:58","modified_gmt":"2025-05-15T03:05:58","slug":"canneed-as-400d","status":"publish","type":"product","link":"https:\/\/www.canneed.com\/po\/product\/canneed-as-400d\/","title":{"rendered":"CanNeed-AS-400d"},"content":{"rendered":"<p>&nbsp;<\/p>\n<h3>Aplicativos<\/h3>\n<div class='prodocut_content'>A calculadora de CO2 com agitador autom\u00e1tico CanNeed-AS-400D \u00e9 usada para medir o conte\u00fado de CO2 de cervejarias ou bebidas carbonatadas, o que \u00e9 adequado para amostras enlatadas ou engarrafadas de v\u00e1rios tamanhos. \u00c9 uma calculadora de CO2 confi\u00e1vel e ideal.<\/p>\n<p>Com refer\u00eancia ao m\u00e9todo da ASBC American Society of Brewing Chemists, a calculadora de CO2 com agitador autom\u00e1tico CanNeed-AS-400D foi projetada e est\u00e1 em conformidade com os padr\u00f5es nacionais GB\/T 4928-2001 Method for Analysis of Beer e GB\/T 10792-1995 Carbonated Soft Drinks (Soda). Ela \u00e9 bem adotada por muitas empresas cervejeiras, empresas de bebidas e institui\u00e7\u00f5es de supervis\u00e3o t\u00e9cnica e de qualidade.<\/div>\n<p>&nbsp;<\/p>\n<h3>Vantagens<\/h3>\n<div class='prodocut_content'>O CanNeed-AS-400D \u00e9 equipado com dispositivos de fixa\u00e7\u00e3o e perfura\u00e7\u00e3o de amostras com design especial, al\u00e9m de uma pin\u00e7a de rota\u00e7\u00e3o cont\u00ednua. Depois que a amostra \u00e9 perfurada, a m\u00e1quina pode girar automaticamente de acordo com o programa predefinido, de modo que o equil\u00edbrio de fases seja obtido ap\u00f3s o fim do processo de agita\u00e7\u00e3o. Ao pressionar \u201cTEST\u201d, a m\u00e1quina medir\u00e1 automaticamente a temperatura e a press\u00e3o da cervejaria, exibindo os resultados precisos e confi\u00e1veis da medi\u00e7\u00e3o do teor de CO2.<\/p>\n<p>Excelente desempenho\uff1a<br \/>\nAdota agitador autom\u00e1tico. A velocidade, a extens\u00e3o e o tempo de agita\u00e7\u00e3o s\u00e3o ajust\u00e1veis para evitar o excesso de trabalho ou o desvio da agita\u00e7\u00e3o manual, garantindo o resultado preciso e uma melhor estabilidade.<br \/>\nSimula\u00e7\u00e3o do chacoalhar das m\u00e3os para chacoalhar repetidamente para a esquerda e para a direita. Isso melhora o efeito da agita\u00e7\u00e3o.<br \/>\nF\u00e1cil perfura\u00e7\u00e3o. Adota a fivela m\u00f3vel para perfurar no princ\u00edpio da alavanca, economizando o esfor\u00e7o de perfura\u00e7\u00e3o e obtendo melhor veda\u00e7\u00e3o.<br \/>\nEquipado com tela LCD com painel sens\u00edvel ao toque. A interface espa\u00e7osa mostra o tempo, a temperatura, a press\u00e3o e a leitura de CO2 ao mesmo tempo.<br \/>\nOs dados testados podem ser transferidos para um computador ou impressora, o que facilita a extra\u00e7\u00e3o dos dados.<\/div>\n","protected":false},"excerpt":{"rendered":"<h3>Calculadora digital de CO2 para bebidas com agitador autom\u00e1tico<\/h3>\n","protected":false},"featured_media":581,"template":"","meta":[],"product_brand":[],"product_cat":[33,17,24,28,26,21],"product_tag":[],"class_list":{"0":"post-534","1":"product","2":"type-product","3":"status-publish","4":"has-post-thumbnail","6":"product_cat-bebidas-engarrafadas-pet-garrafas-pet-pre-formas-tampas-plasticas","7":"product_cat-cerveja-enlatada-bebidas-enlatadas-alimentos-enlatados","8":"product_cat-cerveja-mosto-malte-microrganismos","9":"product_cat-dioxido-de-carbono","10":"product_cat-garrafas-de-vidro-cerveja-engarrafada-vinho-uisque","11":"product_cat-laboratorio","13":"first","14":"instock","15":"shipping-taxable","16":"product-type-simple"},"aioseo_notices":[],"_links":{"self":[{"href":"https:\/\/www.canneed.com\/po\/wp-json\/wp\/v2\/product\/534","targetHints":{"allow":["GET"]}}],"collection":[{"href":"https:\/\/www.canneed.com\/po\/wp-json\/wp\/v2\/product"}],"about":[{"href":"https:\/\/www.canneed.com\/po\/wp-json\/wp\/v2\/types\/product"}],"wp:featuredmedia":[{"embeddable":true,"href":"https:\/\/www.canneed.com\/po\/wp-json\/wp\/v2\/media\/581"}],"wp:attachment":[{"href":"https:\/\/www.canneed.com\/po\/wp-json\/wp\/v2\/media?parent=534"}],"wp:term":[{"taxonomy":"product_brand","embeddable":true,"href":"https:\/\/www.canneed.com\/po\/wp-json\/wp\/v2\/product_brand?post=534"},{"taxonomy":"product_cat","embeddable":true,"href":"https:\/\/www.canneed.com\/po\/wp-json\/wp\/v2\/product_cat?post=534"},{"taxonomy":"product_tag","embeddable":true,"href":"https:\/\/www.canneed.com\/po\/wp-json\/wp\/v2\/product_tag?post=534"}],"curies":[{"name":"wp","href":"https:\/\/api.w.org\/{rel}","templated":true}]}}