{"id":532,"date":"2025-05-15T11:05:43","date_gmt":"2025-05-15T03:05:43","guid":{"rendered":"http:\/\/www.canneed.com\/po\/?post_type=product&#038;p=532"},"modified":"2025-05-15T11:05:58","modified_gmt":"2025-05-15T03:05:58","slug":"canneed-acbt-1100","status":"publish","type":"product","link":"https:\/\/www.canneed.com\/po\/product\/canneed-acbt-1100\/","title":{"rendered":"CanNeed-ACBT-1100"},"content":{"rendered":"<p>&nbsp;<\/p>\n<h3>Aplicativos<\/h3>\n<div class='prodocut_content'>CanNeed-ACBT-1100 \u00e9 um testador de fundo de fivela totalmente autom\u00e1tico para latas com opera\u00e7\u00e3o sem supervis\u00e3o. \u00c9 utilizado para testar a press\u00e3o m\u00e1xima antes do fundo da lata come\u00e7ar a deformar-se, e com fun\u00e7\u00e3o de crescimento da c\u00fapula. CanNeed-ACBT-1100 \u00e9 um instrumento padr\u00e3o para a ind\u00fastria de fabrica\u00e7\u00e3o de latas para alcan\u00e7ar a dete\u00e7\u00e3o autom\u00e1tica cont\u00ednua e eficiente.<\/p>\n<p>O CanNeed-ACBT-1100 est\u00e1 equipado com um dispositivo de amostragem autom\u00e1tica que transporta a lata para a \u00e1rea de teste automaticamente. A m\u00e3o mec\u00e2nica oscilante empurra a lata para a esta\u00e7\u00e3o de teste e mede e classifica automaticamente os produtos n\u00e3o qualificados. Tamb\u00e9m est\u00e1 equipado com um canal de reten\u00e7\u00e3o de amostras de produtos n\u00e3o qualificados, para facilitar aos utilizadores a an\u00e1lise de produtos n\u00e3o qualificados.<\/p>\n<p>N\u00e3o h\u00e1 necessidade de mudar as pin\u00e7as, aplic\u00e1vel a latas vazias com gargalo e latas de parede reta ao mesmo tempo. S\u00f3 precisa de mudar as pin\u00e7as de forma simples, aplic\u00e1vel para testar as latas com diferentes di\u00e2metros ao mesmo tempo. Os resultados dos testes podem ser guardados na base de dados e transferidos automaticamente para o sistema SPC.<\/div>\n<p>&nbsp;<\/p>\n<h3>Vantagens<\/h3>\n<div class='prodocut_content'>1) Medi\u00e7\u00e3o autom\u00e1tica: a press\u00e3o de encurvadura do fundo da lata, com fun\u00e7\u00e3o de crescimento da c\u00fapula.<br \/>\n2) Medi\u00e7\u00e3o autom\u00e1tica em todo o processo, poupando tempo e custos de RH, evitando erros pessoais.<br \/>\n3) Dispositivo de amostragem multi-canal, pode medir v\u00e1rias latas de uma s\u00f3 vez.<br \/>\n4) N\u00e3o \u00e9 necess\u00e1rio mudar as pin\u00e7as, aplic\u00e1vel a latas vazias com gargalo e latas de parede reta ao mesmo tempo.<br \/>\n5) Esta\u00e7\u00e3o \u00fanica, basta mudar as pin\u00e7as para testar diferentes di\u00e2metros de latas ao mesmo tempo.<br \/>\n6) Tr\u00eas modos de medi\u00e7\u00e3o: Modo de fivela, modo de crescimento de c\u00fapula, modo de comprimento.<br \/>\n7) Classificar automaticamente os produtos n\u00e3o qualificados, com canal de reten\u00e7\u00e3o de amostras de produtos n\u00e3o qualificados, para facilitar aos utilizadores a an\u00e1lise de produtos n\u00e3o qualificados.<br \/>\n8) Adotar um sensor avan\u00e7ado e preciso de classe mundial com uma precis\u00e3o e repetibilidade excepcionais<br \/>\n9) Os utilizadores podem selecionar diferentes unidades de medi\u00e7\u00e3o (Psi, bar, Kpa) atrav\u00e9s do software.<br \/>\n10) Visualiza\u00e7\u00e3o em tempo real dos valores de medi\u00e7\u00e3o e da curva.<br \/>\n11) Medi\u00e7\u00e3o eficaz, r\u00e1pida e precisa, melhorando a efici\u00eancia da inspe\u00e7\u00e3o.<br \/>\n12) Seguro, dur\u00e1vel, f\u00e1cil opera\u00e7\u00e3o e manuten\u00e7\u00e3o.<br \/>\n13) Montagem com componentes de classe mundial.<br \/>\n14) Montagem com c\u00e2mara HD para um servi\u00e7o p\u00f3s-venda conveniente atrav\u00e9s de liga\u00e7\u00e3o remota.<br \/>\n15) Adotar um design de armaz\u00e9m el\u00e9trico e mec\u00e2nico independente para facilitar a inspe\u00e7\u00e3o e a manuten\u00e7\u00e3o.<br \/>\n16) Os resultados dos testes podem ser enviados para o SPC.<br \/>\n17) Equipado com um poderoso software de gest\u00e3o de base de dados, conveniente para consulta de dados e estat\u00edsticas.<br \/>\n18) Pode rever os dados de amostras individuais depois de testar v\u00e1rias amostras. Pode calcular o valor de medi\u00e7\u00e3o m\u00e1ximo e m\u00ednimo e a m\u00e9dia automaticamente.<br \/>\n19) Os dados podem ser guardados em formato Excel.<br \/>\n20) Formato de relat\u00f3rio definido pelo utilizador, adequado para os estilos e formatos das empresas.<\/div>\n","protected":false},"excerpt":{"rendered":"<h3>Testador autom\u00e1tico de fivela de fundo para lata<\/h3>\n","protected":false},"featured_media":578,"template":"","meta":[],"product_brand":[],"product_cat":[23,27,57],"product_tag":[],"class_list":{"0":"post-532","1":"product","2":"type-product","3":"status-publish","4":"has-post-thumbnail","6":"product_cat-lata-garrafa-de-aluminio-de-duas-pecas","7":"product_cat-linha-on-line-embalagem","8":"product_cat-pressao-resistencia-a-pressao","10":"first","11":"instock","12":"shipping-taxable","13":"product-type-simple"},"aioseo_notices":[],"_links":{"self":[{"href":"https:\/\/www.canneed.com\/po\/wp-json\/wp\/v2\/product\/532","targetHints":{"allow":["GET"]}}],"collection":[{"href":"https:\/\/www.canneed.com\/po\/wp-json\/wp\/v2\/product"}],"about":[{"href":"https:\/\/www.canneed.com\/po\/wp-json\/wp\/v2\/types\/product"}],"wp:featuredmedia":[{"embeddable":true,"href":"https:\/\/www.canneed.com\/po\/wp-json\/wp\/v2\/media\/578"}],"wp:attachment":[{"href":"https:\/\/www.canneed.com\/po\/wp-json\/wp\/v2\/media?parent=532"}],"wp:term":[{"taxonomy":"product_brand","embeddable":true,"href":"https:\/\/www.canneed.com\/po\/wp-json\/wp\/v2\/product_brand?post=532"},{"taxonomy":"product_cat","embeddable":true,"href":"https:\/\/www.canneed.com\/po\/wp-json\/wp\/v2\/product_cat?post=532"},{"taxonomy":"product_tag","embeddable":true,"href":"https:\/\/www.canneed.com\/po\/wp-json\/wp\/v2\/product_tag?post=532"}],"curies":[{"name":"wp","href":"https:\/\/api.w.org\/{rel}","templated":true}]}}