{"id":519,"date":"2025-05-15T11:05:42","date_gmt":"2025-05-15T03:05:42","guid":{"rendered":"http:\/\/www.canneed.com\/po\/?post_type=product&#038;p=519"},"modified":"2025-05-15T11:05:52","modified_gmt":"2025-05-15T03:05:52","slug":"canneed-abpt-1000","status":"publish","type":"product","link":"https:\/\/www.canneed.com\/po\/product\/canneed-abpt-1000\/","title":{"rendered":"CanNeed-ABPT-1000"},"content":{"rendered":"<p>&nbsp;<\/p>\n<h3>Aplicativos<\/h3>\n<div class='prodocut_content'>\n<p>\n\t&nbsp;O \u201cCanNeed-ABPT-1000 Automatic Glass Bottle Pressure Tester\u201d da CanNeed pode testar a resist\u00eancia \u00e0 press\u00e3o de garrafas de vidro. Ele pode fazer o teste de passabilidade e o teste de ruptura.\n<\/p>\n<p>\n\t\n<\/p>\n<p>Descri\u00e7\u00e3o do instrumento:<br \/>\nO testador autom\u00e1tico de press\u00e3o de garrafas de vidro CanNeed-ABPT-1000 tem velocidade de medi\u00e7\u00e3o r\u00e1pida e alta efici\u00eancia, controle PLC, interface de opera\u00e7\u00e3o com tela de toque, amostragem autom\u00e1tica, enchimento autom\u00e1tico de \u00e1gua, fixa\u00e7\u00e3o autom\u00e1tica de amostras, teste autom\u00e1tico, servocontrole do processo de pressuriza\u00e7\u00e3o, exibi\u00e7\u00e3o de dados em tempo real e registro autom\u00e1tico dos resultados do teste.<br \/>\nEnquanto isso, ele tem tr\u00eas modos de medi\u00e7\u00e3o: \u201cM\u00e9todo de teste de pressuriza\u00e7\u00e3o linear\u201d, \u201cM\u00e9todo de teste de manuten\u00e7\u00e3o de press\u00e3o\u201d e \u201cModo P60\u201d, para que o usu\u00e1rio possa escolher o m\u00e9todo de teste de acordo com a necessidade real. O instrumento \u00e9 um instrumento padr\u00e3o no setor de fabrica\u00e7\u00e3o de garrafas, que est\u00e1 de acordo com o padr\u00e3o ASTM C147-86, GB\/T 4546-2008, ISO\/CD7458 e tem certificado CE.<\/div>\n<p>&nbsp;<\/p>\n<h3>Vantagens<\/h3>\n<div class='prodocut_content'>1. medi\u00e7\u00e3o autom\u00e1tica, bom desempenho de veda\u00e7\u00e3o<br \/>\nProcesso de teste autom\u00e1tico, sem necessidade de pessoal, cabe\u00e7ote de inje\u00e7\u00e3o de \u00e1gua de veda\u00e7\u00e3o de compensa\u00e7\u00e3o autom\u00e1tica (recebeu a patente de inven\u00e7\u00e3o nacional), com veda\u00e7\u00e3o de \u00f3leo, pode ser aplicado a uma variedade de tamanhos de boca de garrafa, tamb\u00e9m pode ser personalizado de acordo com a demanda do cliente, bom desempenho de veda\u00e7\u00e3o.&nbsp;<\/p>\n<p>2. alta precis\u00e3o, f\u00e1cil de operar<br \/>\nSistema de controle com tela de toque PLC, sistema de servocontrole Panasonic para controlar a pressuriza\u00e7\u00e3o, estrutura do dispositivo de pressuriza\u00e7\u00e3o com efici\u00eancia de transmiss\u00e3o est\u00e1vel e baixo ru\u00eddo, enquanto a repetibilidade da press\u00e3o \u00e9 boa e de alta precis\u00e3o.<\/p>\n<p>3. layout razo\u00e1vel, preven\u00e7\u00e3o de vazamentos<br \/>\nO instrumento adota uma estrutura de chassi de material de a\u00e7o inoxid\u00e1vel 304 com bom desempenho \u00e0 prova de ferrugem; a estrutura interna do instrumento \u00e9 compacta, com segrega\u00e7\u00e3o m\u00faltipla de unidades independentes, layout razo\u00e1vel, bom desempenho \u00e0 prova de vazamentos e \u00e0 prova d&#8217;\u00e1gua de cada unidade e conveniente para revis\u00e3o ao mesmo tempo.&nbsp;<\/p>\n<p>4. possui seu pr\u00f3prio tratamento de \u00e1gua, boa estabilidade<br \/>\nA fonte de \u00e1gua do instrumento com dois tratamentos de \u00e1gua (filtro de algod\u00e3o PP, filtro cati\u00f4nico) pode efetivamente garantir a preven\u00e7\u00e3o de materiais estranhos que bloqueiam o canal do instrumento, para evitar a produ\u00e7\u00e3o de incrusta\u00e7\u00f5es, garantir a precis\u00e3o dos resultados do teste e a opera\u00e7\u00e3o est\u00e1vel do instrumento.<\/p>\n<p>5. prote\u00e7\u00e3o de seguran\u00e7a suficiente<br \/>\nDispositivos de prote\u00e7\u00e3o de seguran\u00e7a de prote\u00e7\u00e3o m\u00faltipla do instrumento, como porta de prote\u00e7\u00e3o dupla, porta de prote\u00e7\u00e3o com mecanismo de prote\u00e7\u00e3o de seguran\u00e7a, interruptor fotoel\u00e9trico do sensor da porta, etc.<\/p>\n<p>6. multi-unidade, multi-idioma, multi-modo.<br \/>\nV\u00e1rias unidades de medida (MPA, PSI, BAR), v\u00e1rios idiomas nacionais, v\u00e1rios modos de teste (press\u00e3o de reten\u00e7\u00e3o, pressuriza\u00e7\u00e3o linear, P60).&nbsp;<\/p>\n<p>7. calibra\u00e7\u00e3o autom\u00e1tica, f\u00e1cil de usar<br \/>\nInstrumento com fun\u00e7\u00e3o de calibra\u00e7\u00e3o, f\u00e1cil de calibrar, equipado com funil de coleta de res\u00edduos, f\u00e1cil de coletar, tratamento centralizado<\/p>\n<p>8. \u00e9 poss\u00edvel implementar o salvamento e a sa\u00edda de dados<br \/>\nCom fun\u00e7\u00e3o de sa\u00edda de dados RS232C, salvamento autom\u00e1tico dos dados de medi\u00e7\u00e3o, at\u00e9 1.000 dados podem ser salvos<\/div>\n","protected":false},"excerpt":{"rendered":"<h3>Testador autom\u00e1tico de press\u00e3o interna de garrafas de vidro<\/h3>\n","protected":false},"featured_media":563,"template":"","meta":[],"product_brand":[],"product_cat":[26,27,57],"product_tag":[],"class_list":{"0":"post-519","1":"product","2":"type-product","3":"status-publish","4":"has-post-thumbnail","6":"product_cat-garrafas-de-vidro-cerveja-engarrafada-vinho-uisque","7":"product_cat-linha-on-line-embalagem","8":"product_cat-pressao-resistencia-a-pressao","10":"first","11":"instock","12":"shipping-taxable","13":"product-type-simple"},"aioseo_notices":[],"_links":{"self":[{"href":"https:\/\/www.canneed.com\/po\/wp-json\/wp\/v2\/product\/519","targetHints":{"allow":["GET"]}}],"collection":[{"href":"https:\/\/www.canneed.com\/po\/wp-json\/wp\/v2\/product"}],"about":[{"href":"https:\/\/www.canneed.com\/po\/wp-json\/wp\/v2\/types\/product"}],"wp:featuredmedia":[{"embeddable":true,"href":"https:\/\/www.canneed.com\/po\/wp-json\/wp\/v2\/media\/563"}],"wp:attachment":[{"href":"https:\/\/www.canneed.com\/po\/wp-json\/wp\/v2\/media?parent=519"}],"wp:term":[{"taxonomy":"product_brand","embeddable":true,"href":"https:\/\/www.canneed.com\/po\/wp-json\/wp\/v2\/product_brand?post=519"},{"taxonomy":"product_cat","embeddable":true,"href":"https:\/\/www.canneed.com\/po\/wp-json\/wp\/v2\/product_cat?post=519"},{"taxonomy":"product_tag","embeddable":true,"href":"https:\/\/www.canneed.com\/po\/wp-json\/wp\/v2\/product_tag?post=519"}],"curies":[{"name":"wp","href":"https:\/\/api.w.org\/{rel}","templated":true}]}}