{"id":518,"date":"2025-05-15T11:05:42","date_gmt":"2025-05-15T03:05:42","guid":{"rendered":"http:\/\/www.canneed.com\/po\/?post_type=product&#038;p=518"},"modified":"2025-05-15T11:05:52","modified_gmt":"2025-05-15T03:05:52","slug":"canneed-plt-100","status":"publish","type":"product","link":"https:\/\/www.canneed.com\/po\/product\/canneed-plt-100\/","title":{"rendered":"CanNeed-PLT-100"},"content":{"rendered":"<p>&nbsp;<\/p>\n<h3>Aplicativos<\/h3>\n<div class='prodocut_content'>Os recipientes de garrafas de vidro podem sofrer estresse durante a fabrica\u00e7\u00e3o e o processamento por alguns motivos, o que pode levar ao fen\u00f4meno indesej\u00e1vel de rompimento dos recipientes de garrafas de vidro em processos de esteriliza\u00e7\u00e3o em alta temperatura, enchimento e outros processos de processamento de produtos acabados, afetando a produ\u00e7\u00e3o e o teste dos produtos acabados. O teste de estresse de garrafas e recipientes de vidro avalia a capacidade dos recipientes de vidro de resistir a mudan\u00e7as dr\u00e1sticas de temperatura sem se romper.<br \/>\nO testador de estresse de garrafas de vidro CanNeed-PLT-100 da CanNeed \u00e9 o instrumento ideal para testar o estresse de recipientes de vidro. Ele \u00e9 capaz de detectar a tens\u00e3o interna dos recipientes de vidro, com medi\u00e7\u00f5es qualitativas e quantitativas, e foi projetado de acordo com as normas GB12415-1996 e GB4545-2007. \u00c9 muito adequado para fabricantes de recipientes de vidro e fabricantes de cerveja\/bebidas e desempenha um papel importante na an\u00e1lise e no aprimoramento do processo de produ\u00e7\u00e3o de recipientes de vidro, no teste e na inspe\u00e7\u00e3o de garrafas de vidro e na inspe\u00e7\u00e3o de materiais recebidos.<\/div>\n<p>&nbsp;<\/p>\n<h3>Vantagens<\/h3>\n<div class='prodocut_content'>1) Podem ser realizadas medi\u00e7\u00f5es qualitativas e quantitativas<br \/>\n2) F\u00e1cil de usar e operar, medi\u00e7\u00e3o precisa;<br \/>\n3) Boa compatibilidade, pode testar uma ampla gama de dimens\u00f5es;<br \/>\n4) Exibi\u00e7\u00e3o digital dos resultados do teste;<br \/>\n5) Certificado de calibra\u00e7\u00e3o de f\u00e1brica.<\/div>\n","protected":false},"excerpt":{"rendered":"<h3>Testador de estresse para garrafas de vidro<\/h3>\n","protected":false},"featured_media":560,"template":"","meta":[],"product_brand":[],"product_cat":[85,26,21],"product_tag":[],"class_list":{"0":"post-518","1":"product","2":"type-product","3":"status-publish","4":"has-post-thumbnail","6":"product_cat-estresse","7":"product_cat-garrafas-de-vidro-cerveja-engarrafada-vinho-uisque","8":"product_cat-laboratorio","10":"first","11":"instock","12":"shipping-taxable","13":"product-type-simple"},"aioseo_notices":[],"_links":{"self":[{"href":"https:\/\/www.canneed.com\/po\/wp-json\/wp\/v2\/product\/518","targetHints":{"allow":["GET"]}}],"collection":[{"href":"https:\/\/www.canneed.com\/po\/wp-json\/wp\/v2\/product"}],"about":[{"href":"https:\/\/www.canneed.com\/po\/wp-json\/wp\/v2\/types\/product"}],"wp:featuredmedia":[{"embeddable":true,"href":"https:\/\/www.canneed.com\/po\/wp-json\/wp\/v2\/media\/560"}],"wp:attachment":[{"href":"https:\/\/www.canneed.com\/po\/wp-json\/wp\/v2\/media?parent=518"}],"wp:term":[{"taxonomy":"product_brand","embeddable":true,"href":"https:\/\/www.canneed.com\/po\/wp-json\/wp\/v2\/product_brand?post=518"},{"taxonomy":"product_cat","embeddable":true,"href":"https:\/\/www.canneed.com\/po\/wp-json\/wp\/v2\/product_cat?post=518"},{"taxonomy":"product_tag","embeddable":true,"href":"https:\/\/www.canneed.com\/po\/wp-json\/wp\/v2\/product_tag?post=518"}],"curies":[{"name":"wp","href":"https:\/\/api.w.org\/{rel}","templated":true}]}}