{"id":517,"date":"2025-05-15T11:05:42","date_gmt":"2025-05-15T03:05:42","guid":{"rendered":"http:\/\/www.canneed.com\/po\/?post_type=product&#038;p=517"},"modified":"2025-05-15T11:05:51","modified_gmt":"2025-05-15T03:05:51","slug":"canneed-sst-300s","status":"publish","type":"product","link":"https:\/\/www.canneed.com\/po\/product\/canneed-sst-300s\/","title":{"rendered":"CanNeed-SST-300S"},"content":{"rendered":"<p>&nbsp;<\/p>\n<h3>Aplicativos<\/h3>\n<div class='prodocut_content'>Indicador de qualifica\u00e7\u00e3o do selo da tampa: 0,2 Mpa (por exemplo, \u00e1gua mineral, ch\u00e1)<\/p>\n<p>Garrafa PET sem g\u00e1s: 0,2 Mpa (por exemplo, \u00e1gua mineral, ch\u00e1)<\/p>\n<p>Garrafa PET aerada: 1,0 Mpa (por exemplo, cola)<\/p>\n<p>Garrafa de vidro com tampa de coroa: 1,0 Mpa (por exemplo, cerveja)<\/p>\n<p>Garrafas de vidro sem g\u00e1s &#8211; tampas de pl\u00e1stico e produtos com tampa de rosca de alum\u00ednio: 0,2 Mpa (por exemplo, molho de soja e vinho branco)<\/p>\n<p>Latas ou bebidas enlatadas: 0,2 Mpa (por exemplo, Wanglaoji)<\/div>\n<p>&nbsp;<\/p>\n<h3>Vantagens<\/h3>\n<div class='prodocut_content'>(1) O teste de tr\u00eas esta\u00e7\u00f5es melhora a efici\u00eancia e pode ser usado para medir tanto o m\u00e9todo de pun\u00e7\u00e3o quanto o m\u00e9todo de corte, o que \u00e9 conveniente e r\u00e1pido.<\/p>\n<p>2\uff09 Cabe\u00e7a de pun\u00e7\u00e3o direta, amostra fixa, f\u00e1cil de operar, para evitar falhas de medi\u00e7\u00e3o causadas pela m\u00e1 veda\u00e7\u00e3o da cabe\u00e7a de pun\u00e7\u00e3o.<\/p>\n<p>3\uff09M\u00faltiplas medidas de prote\u00e7\u00e3o de seguran\u00e7a.<\/p>\n<p>4\uff09 V\u00e1lvulas de controle, conectores e acess\u00f3rios de marcas mundialmente famosas importados, cuja qualidade pode ser comparada a qualquer produto similar no mundo.<\/p>\n<p>5\uff09 Alta sensibilidade e leitura precisa.<\/p>\n<p>6) Adota ar comprimido ou di\u00f3xido de carbono para infla\u00e7\u00e3o e pressuriza\u00e7\u00e3o.<\/p>\n<p>7) Feito de alum\u00ednio tratado contra oxida\u00e7\u00e3o, tanque de a\u00e7o inoxid\u00e1vel \u00e0 prova de explos\u00e3o com prote\u00e7\u00e3o de tela e materiais pl\u00e1sticos, resistente e dur\u00e1vel.<\/div>\n","protected":false},"excerpt":{"rendered":"<h3>Testador de veda\u00e7\u00e3o de tampas (medidor tipo 3 cabe\u00e7as)<\/h3>\n","protected":false},"featured_media":559,"template":"","meta":[],"product_brand":[],"product_cat":[33,32,65,21],"product_tag":[],"class_list":{"0":"post-517","1":"product","2":"type-product","3":"status-publish","4":"has-post-thumbnail","6":"product_cat-bebidas-engarrafadas-pet-garrafas-pet-pre-formas-tampas-plasticas","7":"product_cat-cosmeticos-produtos-farmaceuticos-alimentos-ensacados","8":"product_cat-estanqueidade-vazamento","9":"product_cat-laboratorio","11":"first","12":"instock","13":"shipping-taxable","14":"product-type-simple"},"aioseo_notices":[],"_links":{"self":[{"href":"https:\/\/www.canneed.com\/po\/wp-json\/wp\/v2\/product\/517","targetHints":{"allow":["GET"]}}],"collection":[{"href":"https:\/\/www.canneed.com\/po\/wp-json\/wp\/v2\/product"}],"about":[{"href":"https:\/\/www.canneed.com\/po\/wp-json\/wp\/v2\/types\/product"}],"wp:featuredmedia":[{"embeddable":true,"href":"https:\/\/www.canneed.com\/po\/wp-json\/wp\/v2\/media\/559"}],"wp:attachment":[{"href":"https:\/\/www.canneed.com\/po\/wp-json\/wp\/v2\/media?parent=517"}],"wp:term":[{"taxonomy":"product_brand","embeddable":true,"href":"https:\/\/www.canneed.com\/po\/wp-json\/wp\/v2\/product_brand?post=517"},{"taxonomy":"product_cat","embeddable":true,"href":"https:\/\/www.canneed.com\/po\/wp-json\/wp\/v2\/product_cat?post=517"},{"taxonomy":"product_tag","embeddable":true,"href":"https:\/\/www.canneed.com\/po\/wp-json\/wp\/v2\/product_tag?post=517"}],"curies":[{"name":"wp","href":"https:\/\/api.w.org\/{rel}","templated":true}]}}