{"id":457,"date":"2025-05-15T11:05:29","date_gmt":"2025-05-15T03:05:29","guid":{"rendered":"http:\/\/www.canneed.com\/po\/?post_type=product&#038;p=457"},"modified":"2025-05-15T11:05:40","modified_gmt":"2025-05-15T03:05:40","slug":"canneed-cog-100","status":"publish","type":"product","link":"https:\/\/www.canneed.com\/po\/product\/canneed-cog-100\/","title":{"rendered":"CanNeed-COG-100"},"content":{"rendered":"<p>&nbsp;<\/p>\n<h3>Aplicativos<\/h3>\n<div class='prodocut_content'>O CanNeed-COG-100 Can Internal Size Gauge \u00e9 um medidor digital para medir com rapidez e exatid\u00e3o o di\u00e2metro interno e a largura da flange de latas vazias.<br \/>\nO CanNeed-COG-100 combina as vantagens do medidor de di\u00e2metro interno e do medidor de largura de flange. Se for adquirido o adaptador do CanNeed-TRC-200 ou CanNeed-TRC-400, pode calcular automaticamente o di\u00e2metro interno real e evitar o desvio de medi\u00e7\u00e3o causado pelo \u201cefeito de elipse\u201d. Pode posicionar automaticamente a linha m\u00e9dia do corpo da lata. Os operadores que n\u00e3o t\u00eam experi\u00eancia tamb\u00e9m podem medir com precis\u00e3o devido ao seu design fi\u00e1vel e \u00e0 press\u00e3o e \u00e2ngulo de medi\u00e7\u00e3o constantes. Equipada com o indicador digital Mitutoyo de resolu\u00e7\u00e3o 0,01mm.<br \/>\nSe for adquirido o adaptador e o cabo, o medidor pode ser ligado a um computador ou a um sistema SPC para recolha de dados.<\/div>\n","protected":false},"excerpt":{"rendered":"<h3>Medidor de tamanho interno da lata<\/h3>\n","protected":false},"featured_media":504,"template":"","meta":[],"product_brand":[],"product_cat":[30,21,23],"product_tag":[],"class_list":{"0":"post-457","1":"product","2":"type-product","3":"status-publish","4":"has-post-thumbnail","6":"product_cat-dimensoes","7":"product_cat-laboratorio","8":"product_cat-lata-garrafa-de-aluminio-de-duas-pecas","10":"first","11":"instock","12":"shipping-taxable","13":"product-type-simple"},"aioseo_notices":[],"_links":{"self":[{"href":"https:\/\/www.canneed.com\/po\/wp-json\/wp\/v2\/product\/457","targetHints":{"allow":["GET"]}}],"collection":[{"href":"https:\/\/www.canneed.com\/po\/wp-json\/wp\/v2\/product"}],"about":[{"href":"https:\/\/www.canneed.com\/po\/wp-json\/wp\/v2\/types\/product"}],"wp:featuredmedia":[{"embeddable":true,"href":"https:\/\/www.canneed.com\/po\/wp-json\/wp\/v2\/media\/504"}],"wp:attachment":[{"href":"https:\/\/www.canneed.com\/po\/wp-json\/wp\/v2\/media?parent=457"}],"wp:term":[{"taxonomy":"product_brand","embeddable":true,"href":"https:\/\/www.canneed.com\/po\/wp-json\/wp\/v2\/product_brand?post=457"},{"taxonomy":"product_cat","embeddable":true,"href":"https:\/\/www.canneed.com\/po\/wp-json\/wp\/v2\/product_cat?post=457"},{"taxonomy":"product_tag","embeddable":true,"href":"https:\/\/www.canneed.com\/po\/wp-json\/wp\/v2\/product_tag?post=457"}],"curies":[{"name":"wp","href":"https:\/\/api.w.org\/{rel}","templated":true}]}}