{"id":455,"date":"2025-05-15T11:05:29","date_gmt":"2025-05-15T03:05:29","guid":{"rendered":"http:\/\/www.canneed.com\/po\/?post_type=product&#038;p=455"},"modified":"2025-05-15T11:05:39","modified_gmt":"2025-05-15T03:05:39","slug":"canneed-avm-320","status":"publish","type":"product","link":"https:\/\/www.canneed.com\/po\/product\/canneed-avm-320\/","title":{"rendered":"CanNeed-AVM-320"},"content":{"rendered":"<p>&nbsp;<\/p>\n<h3>Aplicativos<\/h3>\n<div class='prodocut_content'>O instrumento de medi\u00e7\u00e3o de imagem totalmente autom\u00e1tico baseia-se na vis\u00e3o de m\u00e1quina e no sistema de controle de movimento preciso para obter c\u00e2mera autom\u00e1tica, extra\u00e7\u00e3o autom\u00e1tica de bordas, s\u00edntese de medi\u00e7\u00e3o, s\u00edntese de imagem e outros instrumentos de teste e medi\u00e7\u00e3o de tecnologia de intelig\u00eancia artificial.<\/p>\n<p>Com um alto grau de intelig\u00eancia e caracter\u00edsticas de automa\u00e7\u00e3o, de modo que a medi\u00e7\u00e3o do operador, a partir da fadiga do alinhamento visual preciso, da sele\u00e7\u00e3o frequente de pontos, do alinhamento repetitivo, da altern\u00e2ncia de fun\u00e7\u00f5es e de outras opera\u00e7\u00f5es mon\u00f3tonas e da tarefa cada vez mais pesada a ser medida, centenas de vezes para melhorar a efici\u00eancia da inspe\u00e7\u00e3o de lotes de pe\u00e7as, para atender \u00e0 produ\u00e7\u00e3o de amostragem e aos requisitos de aplica\u00e7\u00e3o de inspe\u00e7\u00e3o de grande volume.<\/div>\n<p>&nbsp;<\/p>\n<h3>Vantagens<\/h3>\n<div class='prodocut_content'><strong>Vantagens e excelente desempenho:<\/strong><br \/>\n1) Medi\u00e7\u00e3o de elementos geom\u00e9tricos, como pontos, linhas, arcos, c\u00edrculos, ret\u00e2ngulos, elipses, rasgos de chaveta, curvas abertas, curvas fechadas, planos, cilindros, cones, esferas e assim por diante.<br \/>\n2) Quando o eixo Z \u00e9 equipado com uma sonda, um sensor a laser, um sensor de luz branca e outros m\u00f3dulos de medi\u00e7\u00e3o de altura tamb\u00e9m podem ser elementos gr\u00e1ficos tridimensionais, como cil\u00edndrico, c\u00f4nico, esf\u00e9rico, altura, planicidade, conicidade e a superf\u00edcie do espa\u00e7o tridimensional para medi\u00e7\u00e3o.<br \/>\n3) As dimens\u00f5es dos furos cegos e das ranhuras na superf\u00edcie superior do objeto a ser medido podem ser detectadas.<br \/>\n4) As imagens e os dados de medi\u00e7\u00e3o podem ser enviados a v\u00e1rios formatos de documentos para serem salvos e impressos; enquanto isso, ele tamb\u00e9m pode fazer relat\u00f3rios de an\u00e1lise estat\u00edstica SPC.<br \/>\n5) Os gr\u00e1ficos podem ser enviados para o AutoCAD; os desenhos de engenharia do AutoCAD podem ser importados para o software, e voc\u00ea sempre pode definir as coordenadas do usu\u00e1rio e o tamanho da medi\u00e7\u00e3o.<\/p>\n<p>\n\t6) A amplia\u00e7\u00e3o da lente do instrumento de medi\u00e7\u00e3o de imagem pode ser ajustada de 28 a 225 vezes.\n<\/p>\n<p>\n\t<strong>Caracter\u00edsticas do instrumento:<\/strong><br \/>\n1) Ado\u00e7\u00e3o de base e coluna de granito de alta precis\u00e3o para garantir a estabilidade de longo prazo do desempenho do instrumento.<br \/>\n2) Mesa m\u00f3vel est\u00e1vel; peso leve, baixa in\u00e9rcia, adequada para medi\u00e7\u00e3o de movimento em alta velocidade.<br \/>\n3) Sistema de controle servo de 3 eixos, alta precis\u00e3o e velocidade de posicionamento, fun\u00e7\u00e3o de medi\u00e7\u00e3o totalmente autom\u00e1tica.<br \/>\n4) Sistema de controle modular embutido, o sistema de controle complexo integrado ao instrumento, maior estabilidade<br \/>\n5) C\u00e2mera colorida de alta resolu\u00e7\u00e3o de 1,3 milh\u00e3o de cores de alta defini\u00e7\u00e3o com superf\u00edcie sens\u00edvel \u00e0 luz de 1\/2 polegada.<br \/>\n6) Apalpador opcional Renishaw Simplex para medi\u00e7\u00f5es simples em 3D<br \/>\n7) Amplia\u00e7\u00e3o autom\u00e1tica opcional para medi\u00e7\u00f5es eficientes e totalmente automatizadas em v\u00e1rias amplia\u00e7\u00f5es.<br \/>\n8) Vers\u00e3o profissional do software de medi\u00e7\u00e3o desenvolvida pelo pr\u00f3prio usu\u00e1rio<br \/>\n9) Software com foco r\u00e1pido, localiza\u00e7\u00e3o autom\u00e1tica de bordas, programa\u00e7\u00e3o poderosa e fun\u00e7\u00f5es de medi\u00e7\u00e3o autom\u00e1tica.<br \/>\n10) Ado\u00e7\u00e3o da tecnologia de subdivis\u00e3o de subpixel para melhorar a resolu\u00e7\u00e3o dos limites da imagem.<br \/>\n11) O software \u00e9 operado pelo mouse, o que \u00e9 simples e f\u00e1cil de usar.<br \/>\n12) A fonte de luz fria de superf\u00edcie acionada por corrente constante program\u00e1vel pode se adaptar \u00e0 medi\u00e7\u00e3o de pe\u00e7as complexas.<br \/>\n13) Processamento e an\u00e1lise de dados SPC on-line, adequados para medi\u00e7\u00e3o de pe\u00e7as de grande volume.\n<\/p>\n<\/div>\n","protected":false},"excerpt":{"rendered":"<h3>Instrumento autom\u00e1tico de medi\u00e7\u00e3o de imagens<\/h3>\n","protected":false},"featured_media":501,"template":"","meta":[],"product_brand":[],"product_cat":[67,30,21,35,31],"product_tag":[],"class_list":{"0":"post-455","1":"product","2":"type-product","3":"status-publish","4":"has-post-thumbnail","6":"product_cat-capa-de-vidro-para-celular","7":"product_cat-dimensoes","8":"product_cat-laboratorio","9":"product_cat-proposito-geral","10":"product_cat-tampa-de-metal-tampa-de-coroa-tampa-de-aba-tampa-de-rosca-tampa-de-abertura-de-garra","12":"first","13":"instock","14":"shipping-taxable","15":"product-type-simple"},"aioseo_notices":[],"_links":{"self":[{"href":"https:\/\/www.canneed.com\/po\/wp-json\/wp\/v2\/product\/455","targetHints":{"allow":["GET"]}}],"collection":[{"href":"https:\/\/www.canneed.com\/po\/wp-json\/wp\/v2\/product"}],"about":[{"href":"https:\/\/www.canneed.com\/po\/wp-json\/wp\/v2\/types\/product"}],"wp:featuredmedia":[{"embeddable":true,"href":"https:\/\/www.canneed.com\/po\/wp-json\/wp\/v2\/media\/501"}],"wp:attachment":[{"href":"https:\/\/www.canneed.com\/po\/wp-json\/wp\/v2\/media?parent=455"}],"wp:term":[{"taxonomy":"product_brand","embeddable":true,"href":"https:\/\/www.canneed.com\/po\/wp-json\/wp\/v2\/product_brand?post=455"},{"taxonomy":"product_cat","embeddable":true,"href":"https:\/\/www.canneed.com\/po\/wp-json\/wp\/v2\/product_cat?post=455"},{"taxonomy":"product_tag","embeddable":true,"href":"https:\/\/www.canneed.com\/po\/wp-json\/wp\/v2\/product_tag?post=455"}],"curies":[{"name":"wp","href":"https:\/\/api.w.org\/{rel}","templated":true}]}}