{"id":453,"date":"2025-05-15T11:05:29","date_gmt":"2025-05-15T03:05:29","guid":{"rendered":"http:\/\/www.canneed.com\/po\/?post_type=product&#038;p=453"},"modified":"2025-05-15T11:05:38","modified_gmt":"2025-05-15T03:05:38","slug":"canneed-fms-2000","status":"publish","type":"product","link":"https:\/\/www.canneed.com\/po\/product\/canneed-fms-2000\/","title":{"rendered":"CanNeed-FMS-2000"},"content":{"rendered":"<p>&nbsp;<\/p>\n<h3>Aplicativos<\/h3>\n<div class='prodocut_content'>O sistema autom\u00e1tico de medi\u00e7\u00e3o frontal CanNeed-FMS-2000 \u00e9 utilizado para medir a profundidade do fundo, a altura da lata e a espessura da parede superior e m\u00e9dia de latas de 2 pe\u00e7as. Foi concebido com base na experi\u00eancia pr\u00e1tica e aplicado na inspe\u00e7\u00e3o da extremidade posterior. Pode ser utilizado para testar latas de diferentes tamanhos e n\u00e3o \u00e9 necess\u00e1rio substituir as pin\u00e7as.<br \/>\nAdopta um calibrador normalizado, um micr\u00f3metro importado e um ecr\u00e3 t\u00e1til de controlo e visualiza\u00e7\u00e3o PLC.<\/div>\n<p>&nbsp;<\/p>\n<h3>Vantagens<\/h3>\n<div class='prodocut_content'>&#8211; Medi\u00e7\u00e3o autom\u00e1tica, poupa tempo e evita erros humanos.<br \/>\n&#8211; Pode medir amostras de diferentes di\u00e2metros e alturas. Substitui\u00e7\u00e3o r\u00e1pida das latas, sem necessidade de mudar as pin\u00e7as.<br \/>\n&#8211; pontos de transi\u00e7\u00e3o da espessura da parede<br \/>\n&#8211; A medi\u00e7\u00e3o vertical \u00e9 adoptada para evitar o erro da altura da lata e da profundidade do arco inferior causado pela medi\u00e7\u00e3o inversa do tanque.<br \/>\n&#8211; Adotar sensores de alta precis\u00e3o e os mais avan\u00e7ados, com excelente precis\u00e3o e repetibilidade (R&#038;R).<br \/>\n&#8211; Medi\u00e7\u00e3o eficiente, r\u00e1pida e exacta para melhorar a efici\u00eancia da dete\u00e7\u00e3o.<br \/>\n&#8211; Forte, dur\u00e1vel, f\u00e1cil de operar e manter.<br \/>\n&#8211; cabe\u00e7a de medi\u00e7\u00e3o de liga dura, dur\u00e1vel<br \/>\n&#8211; Ado\u00e7\u00e3o de componentes de classe mundial<br \/>\n&#8211; Grava\u00e7\u00e3o autom\u00e1tica de dados e sa\u00edda do resultado do teste para o computador ou sistema SPC atrav\u00e9s de RS232<br \/>\n&#8211; Porta de prote\u00e7\u00e3o com bloqueio de seguran\u00e7a para evitar les\u00f5es nas m\u00e3os durante o processo de teste ou manuten\u00e7\u00e3o di\u00e1ria<\/div>\n","protected":false},"excerpt":{"rendered":"<h3>Sistema autom\u00e1tico de medi\u00e7\u00e3o frontal<\/h3>\n","protected":false},"featured_media":495,"template":"","meta":[],"product_brand":[],"product_cat":[30,21,23],"product_tag":[],"class_list":{"0":"post-453","1":"product","2":"type-product","3":"status-publish","4":"has-post-thumbnail","6":"product_cat-dimensoes","7":"product_cat-laboratorio","8":"product_cat-lata-garrafa-de-aluminio-de-duas-pecas","10":"first","11":"instock","12":"shipping-taxable","13":"product-type-simple"},"aioseo_notices":[],"_links":{"self":[{"href":"https:\/\/www.canneed.com\/po\/wp-json\/wp\/v2\/product\/453","targetHints":{"allow":["GET"]}}],"collection":[{"href":"https:\/\/www.canneed.com\/po\/wp-json\/wp\/v2\/product"}],"about":[{"href":"https:\/\/www.canneed.com\/po\/wp-json\/wp\/v2\/types\/product"}],"wp:featuredmedia":[{"embeddable":true,"href":"https:\/\/www.canneed.com\/po\/wp-json\/wp\/v2\/media\/495"}],"wp:attachment":[{"href":"https:\/\/www.canneed.com\/po\/wp-json\/wp\/v2\/media?parent=453"}],"wp:term":[{"taxonomy":"product_brand","embeddable":true,"href":"https:\/\/www.canneed.com\/po\/wp-json\/wp\/v2\/product_brand?post=453"},{"taxonomy":"product_cat","embeddable":true,"href":"https:\/\/www.canneed.com\/po\/wp-json\/wp\/v2\/product_cat?post=453"},{"taxonomy":"product_tag","embeddable":true,"href":"https:\/\/www.canneed.com\/po\/wp-json\/wp\/v2\/product_tag?post=453"}],"curies":[{"name":"wp","href":"https:\/\/api.w.org\/{rel}","templated":true}]}}