{"id":451,"date":"2025-05-15T11:05:29","date_gmt":"2025-05-15T03:05:29","guid":{"rendered":"http:\/\/www.canneed.com\/po\/?post_type=product&#038;p=451"},"modified":"2025-05-15T11:05:38","modified_gmt":"2025-05-15T03:05:38","slug":"seam-x-on-line-t","status":"publish","type":"product","link":"https:\/\/www.canneed.com\/po\/product\/seam-x-on-line-t\/","title":{"rendered":"Seam-X-On-Line-T"},"content":{"rendered":"<p>&nbsp;<\/p>\n<h3>Aplicativos<\/h3>\n<div class='prodocut_content'>O scanner autom\u00e1tico da recrva\u00e7\u00e3o Seam-X&reg;-On-Line adota um m\u00e9todo de medi\u00e7\u00e3o n\u00e3o destrutivo para medir a dimens\u00e3o da recrava\u00e7\u00e3o. Pode ser instalado na linha de produ\u00e7\u00e3o, pegando as amostras e medindo-as.<br \/>\nItens de medi\u00e7\u00e3o: Comprimento da recrava\u00e7\u00e3o, gancho de corpo, gancho do fundo, sobreposi\u00e7\u00e3o, % de sobreposi\u00e7\u00e3o, altura da recrava\u00e7\u00e3o, % de encaixe do gancho de corpo e % de encaixe do gancho de fundo.<br \/>\n\u00c9 aplic\u00e1vel para medir latas de diversos materiais. A combina\u00e7\u00e3o do corpo da lata e do fundo&nbsp; pode ser a seguinte: (1) Alum\u00ednio e alum\u00ednio; (2) flandres e flandres.<br \/>\nO Seam-X&reg;-On-Line pode trabalhar em conjunto com o medidor de espessura da recrava\u00e7\u00e3o e a profundidade do rebaixo, para constituir um sistema de medi\u00e7\u00e3o completo para a costura dupla.<br \/>\nSe configurado com um sistema de amostragem de identifica\u00e7\u00e3o, pode fazer com que o resultado de cada lata corresponda \u00e0 cabe\u00e7a de costura correspondente.<\/div>\n<p>&nbsp;<\/p>\n<h3>Vantagens<\/h3>\n<div class='prodocut_content'>1) Medi\u00e7\u00e3o autom\u00e1tica e em linha, r\u00e1pida e eficiente<br \/>\n2) Opera\u00e7\u00e3o sem supervis\u00e3o, poupa custos de m\u00e3o de obra<br \/>\n3) N\u00e3o desperdi\u00e7a amostras, poupa custos e prote\u00e7\u00e3o ambiental<br \/>\n4) Mais preciso, evita erros de medi\u00e7\u00e3o manual<br \/>\n5) Alta velocidade e alta frequ\u00eancia de amostragem, reduzem o isolamento inferior<br \/>\n6) Capaz de seguir a cabe\u00e7a de recrava\u00e7\u00e3o correspondente ao inferior<br \/>\n7) Auto eje\u00e7\u00e3o<br \/>\n8) Excelente repetibilidade e reprodutibilidade (R&#038;R)<br \/>\n9) Varrimento total de 360<br \/>\n10) Patentes de inven\u00e7\u00e3o concedidas<br \/>\n11) Cumprir os crit\u00e9rios de seguran\u00e7a da prote\u00e7\u00e3o contra radia\u00e7\u00f5es de raios X, certificada por terceiros (0,08mSV\/ano).<br \/>\n12) Opera\u00e7\u00e3o segura para evitar ferimentos resultantes do m\u00e9todo de corte<br \/>\n13) Calibra\u00e7\u00e3o f\u00e1cil com a pe\u00e7a de calibra\u00e7\u00e3o fornecida<br \/>\n14) Adequado para latas de v\u00e1rios tamanhos e especifica\u00e7\u00f5es<br \/>\n15) Avalia\u00e7\u00e3o autom\u00e1tica de aprova\u00e7\u00e3o ou reprova\u00e7\u00e3o<br \/>\n16) Fun\u00e7\u00e3o de identifica\u00e7\u00e3o de solda para latas de 3 pe\u00e7as (opcional)<br \/>\n17) Os dados de medi\u00e7\u00e3o podem ser armazenados automaticamente no SPC<\/div>\n","protected":false},"excerpt":{"rendered":"<h3>Scaneamento completo e automatico da recrava\u00e7\u00e3o(amostragem n\u00e3o destrutiva e autom\u00e1tica)<\/h3>\n","protected":false},"featured_media":490,"template":"","meta":[],"product_brand":[],"product_cat":[19,17,22,27],"product_tag":[],"class_list":{"0":"post-451","1":"product","2":"type-product","3":"status-publish","4":"has-post-thumbnail","6":"product_cat-bainha-dupla","7":"product_cat-cerveja-enlatada-bebidas-enlatadas-alimentos-enlatados","8":"product_cat-lata-lata-de-spray-de-tres-pecas-revestimento","9":"product_cat-linha-on-line-embalagem","11":"first","12":"instock","13":"shipping-taxable","14":"product-type-simple"},"aioseo_notices":[],"_links":{"self":[{"href":"https:\/\/www.canneed.com\/po\/wp-json\/wp\/v2\/product\/451","targetHints":{"allow":["GET"]}}],"collection":[{"href":"https:\/\/www.canneed.com\/po\/wp-json\/wp\/v2\/product"}],"about":[{"href":"https:\/\/www.canneed.com\/po\/wp-json\/wp\/v2\/types\/product"}],"wp:featuredmedia":[{"embeddable":true,"href":"https:\/\/www.canneed.com\/po\/wp-json\/wp\/v2\/media\/490"}],"wp:attachment":[{"href":"https:\/\/www.canneed.com\/po\/wp-json\/wp\/v2\/media?parent=451"}],"wp:term":[{"taxonomy":"product_brand","embeddable":true,"href":"https:\/\/www.canneed.com\/po\/wp-json\/wp\/v2\/product_brand?post=451"},{"taxonomy":"product_cat","embeddable":true,"href":"https:\/\/www.canneed.com\/po\/wp-json\/wp\/v2\/product_cat?post=451"},{"taxonomy":"product_tag","embeddable":true,"href":"https:\/\/www.canneed.com\/po\/wp-json\/wp\/v2\/product_tag?post=451"}],"curies":[{"name":"wp","href":"https:\/\/api.w.org\/{rel}","templated":true}]}}