{"id":446,"date":"2025-05-15T11:05:28","date_gmt":"2025-05-15T03:05:28","guid":{"rendered":"http:\/\/www.canneed.com\/po\/?post_type=product&#038;p=446"},"modified":"2025-05-15T11:05:34","modified_gmt":"2025-05-15T03:05:34","slug":"canneed-acbtaaxl-2000","status":"publish","type":"product","link":"https:\/\/www.canneed.com\/po\/product\/canneed-acbtaaxl-2000\/","title":{"rendered":"CanNeed-ACBT+AAXL-2000"},"content":{"rendered":"<p>&nbsp;<\/p>\n<h3>Aplicativos<\/h3>\n<div class='prodocut_content'>O CanNeed-AAXL-2000 \u00e9 um sistema totalmente autom\u00e1tico de medi\u00e7\u00e3o da carga axial de latas com funcionamento sem supervis\u00e3o. Pode medir a carga axial da lata de 2 pe\u00e7as. \u00c9 um instrumento padr\u00e3o para a ind\u00fastria de fabrica\u00e7\u00e3o de latas que pode realizar a inspe\u00e7\u00e3o constante, eficiente e autom\u00e1tica para latas.<br \/>\nO CanNeed-ACBT-1000 \u00e9 um equipamento totalmente autom\u00e1tico para medir a curvatura do fundo da lata, com funcionamento sem supervis\u00e3o, que determina a press\u00e3o exacta a que o fundo da lata come\u00e7a a curvar, respetivamente, a c\u00fapula inverte com a fun\u00e7\u00e3o de crescimento da c\u00fapula.<\/div>\n<p>&nbsp;<\/p>\n<h3>Vantagens<\/h3>\n<div class='prodocut_content'>\n<ol>\n<li>\n\t\tMedi\u00e7\u00e3o autom\u00e1tica em linha sem supervis\u00e3o\n\t<\/li>\n<li>\n\t\tMedi\u00e7\u00e3o autom\u00e1tica em todo o processo, economizando tempo e custo de RH, evitando erros pessoais\n\t<\/li>\n<li>\n\t\tDuas esta\u00e7\u00f5es, pode medir duas amostras com diferentes di\u00e2metros internos de boca de uma s\u00f3 vez sem alterar qualquer componente\n\t<\/li>\n<li>\n\t\tDispositivo de amostragem multicanal, pode medir v\u00e1rias latas de uma s\u00f3 vez\n\t<\/li>\n<li>\n\t\tSoftware de gest\u00e3o de base de dados para consulta f\u00e1cil de dados e estat\u00edsticas\n\t<\/li>\n<li>\n\t\tFormato de relat\u00f3rio definido pelo utilizador, estilo e formato adequados para a empresa\n\t<\/li>\n<\/ol>\n<\/div>\n","protected":false},"excerpt":{"rendered":"<h3>Testador autom\u00e1tico de resist\u00eancia de latas<\/h3>\n","protected":false},"featured_media":482,"template":"","meta":[],"product_brand":[],"product_cat":[58,23,27],"product_tag":[],"class_list":{"0":"post-446","1":"product","2":"type-product","3":"status-publish","4":"has-post-thumbnail","6":"product_cat-forca-de-tracao-rolamento-de-pressao-carga-vertical-resistencia-ao-impacto","7":"product_cat-lata-garrafa-de-aluminio-de-duas-pecas","8":"product_cat-linha-on-line-embalagem","10":"first","11":"instock","12":"shipping-taxable","13":"product-type-simple"},"aioseo_notices":[],"_links":{"self":[{"href":"https:\/\/www.canneed.com\/po\/wp-json\/wp\/v2\/product\/446","targetHints":{"allow":["GET"]}}],"collection":[{"href":"https:\/\/www.canneed.com\/po\/wp-json\/wp\/v2\/product"}],"about":[{"href":"https:\/\/www.canneed.com\/po\/wp-json\/wp\/v2\/types\/product"}],"wp:featuredmedia":[{"embeddable":true,"href":"https:\/\/www.canneed.com\/po\/wp-json\/wp\/v2\/media\/482"}],"wp:attachment":[{"href":"https:\/\/www.canneed.com\/po\/wp-json\/wp\/v2\/media?parent=446"}],"wp:term":[{"taxonomy":"product_brand","embeddable":true,"href":"https:\/\/www.canneed.com\/po\/wp-json\/wp\/v2\/product_brand?post=446"},{"taxonomy":"product_cat","embeddable":true,"href":"https:\/\/www.canneed.com\/po\/wp-json\/wp\/v2\/product_cat?post=446"},{"taxonomy":"product_tag","embeddable":true,"href":"https:\/\/www.canneed.com\/po\/wp-json\/wp\/v2\/product_tag?post=446"}],"curies":[{"name":"wp","href":"https:\/\/api.w.org\/{rel}","templated":true}]}}