{"id":445,"date":"2025-05-15T11:05:28","date_gmt":"2025-05-15T03:05:28","guid":{"rendered":"http:\/\/www.canneed.com\/po\/?post_type=product&#038;p=445"},"modified":"2025-05-15T11:05:34","modified_gmt":"2025-05-15T03:05:34","slug":"canneed-afmsabms-2010","status":"publish","type":"product","link":"https:\/\/www.canneed.com\/po\/product\/canneed-afmsabms-2010\/","title":{"rendered":"CanNeed-AFMS+ABMS-2010"},"content":{"rendered":"<p>&nbsp;<\/p>\n<h3>Aplicativos<\/h3>\n<div class='prodocut_content'>O CanNeed-AFMS-2000 \u00e9 um sistema de medi\u00e7\u00e3o frontal totalmente autom\u00e1tico com funcionamento sem supervis\u00e3o. Pode medir a espessura da parede das partes superior e m\u00e9dia da lata, a profundidade do fundo e a altura da lata. \u00c9 um instrumento padr\u00e3o para a ind\u00fastria de fabrico de latas que pode realizar a inspe\u00e7\u00e3o constante, eficiente e autom\u00e1tica de latas.&nbsp;<\/p>\n<p>O sistema autom\u00e1tico de medi\u00e7\u00e3o de latas CanNeed-ABMS-2000 para a extremidade traseira \u00e9 utilizado para medir a largura da flange, a altura da lata e o di\u00e2metro interno da boca da lata de 2 pe\u00e7as atrav\u00e9s de uma opera\u00e7\u00e3o sem supervis\u00e3o. \u00c9 um instrumento padr\u00e3o para a ind\u00fastria de fabrica\u00e7\u00e3o de latas que pode realizar a inspe\u00e7\u00e3o constante, eficiente e autom\u00e1tica para latas.<\/div>\n<p>&nbsp;<\/p>\n<h3>Vantagens<\/h3>\n<div class='prodocut_content'>\n<ol>\n<li>\n\t\tMedi\u00e7\u00e3o autom\u00e1tica em linha sem supervis\u00e3o\n\t<\/li>\n<li>\n\t\tMedi\u00e7\u00e3o autom\u00e1tica em todos os processos, poupando tempo e custos de RH, evitando erros pessoais\n\t<\/li>\n<li>\n\t\tAt\u00e9 50 pontos de medi\u00e7\u00e3o definidos pelo utilizador\n\t<\/li>\n<li>\n\t\tDispositivo de amostragem multicanal, pode medir v\u00e1rias latas de uma s\u00f3 vez.\n\t<\/li>\n<li>\n\t\tSoftware de gest\u00e3o de base de dados para consulta f\u00e1cil de dados e estat\u00edsticas.\n\t<\/li>\n<li>\n\t\tFormato de relat\u00f3rio definido pelo utilizador, estilo e formato adequados para a empresa.\n\t<\/li>\n<\/ol>\n<\/div>\n","protected":false},"excerpt":{"rendered":"<h3>Sistemas autom\u00e1ticos de medi\u00e7\u00e3o front-end e back-end<\/h3>\n","protected":false},"featured_media":481,"template":"","meta":[],"product_brand":[],"product_cat":[30,23,27],"product_tag":[],"class_list":{"0":"post-445","1":"product","2":"type-product","3":"status-publish","4":"has-post-thumbnail","6":"product_cat-dimensoes","7":"product_cat-lata-garrafa-de-aluminio-de-duas-pecas","8":"product_cat-linha-on-line-embalagem","10":"first","11":"instock","12":"shipping-taxable","13":"product-type-simple"},"aioseo_notices":[],"_links":{"self":[{"href":"https:\/\/www.canneed.com\/po\/wp-json\/wp\/v2\/product\/445","targetHints":{"allow":["GET"]}}],"collection":[{"href":"https:\/\/www.canneed.com\/po\/wp-json\/wp\/v2\/product"}],"about":[{"href":"https:\/\/www.canneed.com\/po\/wp-json\/wp\/v2\/types\/product"}],"wp:featuredmedia":[{"embeddable":true,"href":"https:\/\/www.canneed.com\/po\/wp-json\/wp\/v2\/media\/481"}],"wp:attachment":[{"href":"https:\/\/www.canneed.com\/po\/wp-json\/wp\/v2\/media?parent=445"}],"wp:term":[{"taxonomy":"product_brand","embeddable":true,"href":"https:\/\/www.canneed.com\/po\/wp-json\/wp\/v2\/product_brand?post=445"},{"taxonomy":"product_cat","embeddable":true,"href":"https:\/\/www.canneed.com\/po\/wp-json\/wp\/v2\/product_cat?post=445"},{"taxonomy":"product_tag","embeddable":true,"href":"https:\/\/www.canneed.com\/po\/wp-json\/wp\/v2\/product_tag?post=445"}],"curies":[{"name":"wp","href":"https:\/\/api.w.org\/{rel}","templated":true}]}}