{"id":437,"date":"2025-05-15T11:05:27","date_gmt":"2025-05-15T03:05:27","guid":{"rendered":"http:\/\/www.canneed.com\/po\/?post_type=product&#038;p=437"},"modified":"2025-05-15T11:05:31","modified_gmt":"2025-05-15T03:05:31","slug":"clx-50","status":"publish","type":"product","link":"https:\/\/www.canneed.com\/po\/product\/clx-50\/","title":{"rendered":"CLX-50"},"content":{"rendered":"<p>&nbsp;<\/p>\n<h3>Aplicativos<\/h3>\n<div class='prodocut_content'>Com o uso da m\u00e1quina de contagem autom\u00e1tica de raios X on-line, conectada \u00e0 extremidade traseira da m\u00e1quina de contagem inteligente, por meio do mecanismo de eleva\u00e7\u00e3o e do mecanismo de recebimento, o c\u00f3digo de barras \u00e9 afixado automaticamente e a bandeja de material \u00e9 arrumada de forma organizada na estrutura de material. Ela pode concluir com efici\u00eancia e precis\u00e3o o revestimento de c\u00f3digo de barras dos materiais recebidos.&nbsp; &nbsp; &nbsp; &nbsp; &nbsp; &nbsp; &nbsp; &nbsp; &nbsp; &nbsp; &nbsp; &nbsp; &nbsp; &nbsp; &nbsp; &nbsp; &nbsp; &nbsp; &nbsp; &nbsp; &nbsp; &nbsp; &nbsp; &nbsp; &nbsp; &nbsp; &nbsp; &nbsp; &nbsp; &nbsp; &nbsp; &nbsp; &nbsp; &nbsp; &nbsp; &nbsp; &nbsp; &nbsp; &nbsp; &nbsp;&nbsp;<\/p>\n<p>Essa m\u00e1quina adota o posicionamento visual, que pode melhorar o desvio de posi\u00e7\u00e3o que pode ocorrer na colagem manual, e pode trabalhar de forma cont\u00ednua e eficiente sem interrup\u00e7\u00e3o, o que economiza custos com m\u00e3o de obra.<\/div>\n","protected":false},"excerpt":{"rendered":"<h3>M\u00e1quina de etiquetagem SMT<\/h3>\n","protected":false},"featured_media":470,"template":"","meta":[],"product_brand":[],"product_cat":[27,76,75],"product_tag":[],"class_list":{"0":"post-437","1":"product","2":"type-product","3":"status-publish","4":"has-post-thumbnail","6":"product_cat-linha-on-line-embalagem","7":"product_cat-raio-x","8":"product_cat-smt-eletronica-mini-led","10":"first","11":"instock","12":"shipping-taxable","13":"product-type-simple"},"aioseo_notices":[],"_links":{"self":[{"href":"https:\/\/www.canneed.com\/po\/wp-json\/wp\/v2\/product\/437","targetHints":{"allow":["GET"]}}],"collection":[{"href":"https:\/\/www.canneed.com\/po\/wp-json\/wp\/v2\/product"}],"about":[{"href":"https:\/\/www.canneed.com\/po\/wp-json\/wp\/v2\/types\/product"}],"wp:featuredmedia":[{"embeddable":true,"href":"https:\/\/www.canneed.com\/po\/wp-json\/wp\/v2\/media\/470"}],"wp:attachment":[{"href":"https:\/\/www.canneed.com\/po\/wp-json\/wp\/v2\/media?parent=437"}],"wp:term":[{"taxonomy":"product_brand","embeddable":true,"href":"https:\/\/www.canneed.com\/po\/wp-json\/wp\/v2\/product_brand?post=437"},{"taxonomy":"product_cat","embeddable":true,"href":"https:\/\/www.canneed.com\/po\/wp-json\/wp\/v2\/product_cat?post=437"},{"taxonomy":"product_tag","embeddable":true,"href":"https:\/\/www.canneed.com\/po\/wp-json\/wp\/v2\/product_tag?post=437"}],"curies":[{"name":"wp","href":"https:\/\/api.w.org\/{rel}","templated":true}]}}