{"id":436,"date":"2025-05-15T11:05:27","date_gmt":"2025-05-15T03:05:27","guid":{"rendered":"http:\/\/www.canneed.com\/po\/?post_type=product&#038;p=436"},"modified":"2025-05-15T11:05:31","modified_gmt":"2025-05-15T03:05:31","slug":"cl-100","status":"publish","type":"product","link":"https:\/\/www.canneed.com\/po\/product\/cl-100\/","title":{"rendered":"CL-100"},"content":{"rendered":"<p>&nbsp;<\/p>\n<h3>Aplicativos<\/h3>\n<div class='prodocut_content'>Usado em conjunto com um dispensador autom\u00e1tico de raios X em linha, ele \u00e9 conectado \u00e0 extremidade frontal do dispensador inteligente e fornece continuamente material ao dispensador por meio da coopera\u00e7\u00e3o entre o mecanismo de eleva\u00e7\u00e3o e o mecanismo de separa\u00e7\u00e3o.<\/div>\n","protected":false},"excerpt":{"rendered":"<h3>M\u00e1quina de carregamento SMT<\/h3>\n","protected":false},"featured_media":469,"template":"","meta":[],"product_brand":[],"product_cat":[27,76,75],"product_tag":[],"class_list":{"0":"post-436","1":"product","2":"type-product","3":"status-publish","4":"has-post-thumbnail","6":"product_cat-linha-on-line-embalagem","7":"product_cat-raio-x","8":"product_cat-smt-eletronica-mini-led","10":"first","11":"instock","12":"shipping-taxable","13":"product-type-simple"},"aioseo_notices":[],"_links":{"self":[{"href":"https:\/\/www.canneed.com\/po\/wp-json\/wp\/v2\/product\/436","targetHints":{"allow":["GET"]}}],"collection":[{"href":"https:\/\/www.canneed.com\/po\/wp-json\/wp\/v2\/product"}],"about":[{"href":"https:\/\/www.canneed.com\/po\/wp-json\/wp\/v2\/types\/product"}],"wp:featuredmedia":[{"embeddable":true,"href":"https:\/\/www.canneed.com\/po\/wp-json\/wp\/v2\/media\/469"}],"wp:attachment":[{"href":"https:\/\/www.canneed.com\/po\/wp-json\/wp\/v2\/media?parent=436"}],"wp:term":[{"taxonomy":"product_brand","embeddable":true,"href":"https:\/\/www.canneed.com\/po\/wp-json\/wp\/v2\/product_brand?post=436"},{"taxonomy":"product_cat","embeddable":true,"href":"https:\/\/www.canneed.com\/po\/wp-json\/wp\/v2\/product_cat?post=436"},{"taxonomy":"product_tag","embeddable":true,"href":"https:\/\/www.canneed.com\/po\/wp-json\/wp\/v2\/product_tag?post=436"}],"curies":[{"name":"wp","href":"https:\/\/api.w.org\/{rel}","templated":true}]}}