{"id":434,"date":"2025-05-15T11:05:27","date_gmt":"2025-05-15T03:05:27","guid":{"rendered":"http:\/\/www.canneed.com\/po\/?post_type=product&#038;p=434"},"modified":"2025-05-15T11:05:30","modified_gmt":"2025-05-15T03:05:30","slug":"canneed-bpt-5","status":"publish","type":"product","link":"https:\/\/www.canneed.com\/po\/product\/canneed-bpt-5\/","title":{"rendered":"CanNeed-BPT-5"},"content":{"rendered":"<p>&nbsp;<\/p>\n<h3>Aplicativos<\/h3>\n<div class='prodocut_content'>A for\u00e7a da resist\u00eancia da garrafa de vidro \u00e0 rampa determina sua qualidade. Para medir a resist\u00eancia de rampa da garrafa de vidro, \u00e9 necess\u00e1rio um testador de press\u00e3o de rampa.<br \/>\nO testador de press\u00e3o de rampa CanNeed-BPT-5 (autom\u00e1tico e de mesa) \u00e9 capaz de testar a resist\u00eancia de garrafas de vidro. Ele \u00e9 capaz de realizar tanto o teste de aceita\u00e7\u00e3o quanto o teste de ruptura. A afus\u00e3o autom\u00e1tica, a fixa\u00e7\u00e3o autom\u00e1tica e o teste autom\u00e1tico est\u00e3o dispon\u00edveis. O processo de pressuriza\u00e7\u00e3o \u00e9 controlado por um sistema servo.&nbsp; Os dados em tempo real s\u00e3o exibidos e o resultado do teste \u00e9 registrado automaticamente.<br \/>\nO testador de press\u00e3o de rampa CanNeed-BPT-5 \u00e9 configurado com modo de pressuriza\u00e7\u00e3o linear, modo de reten\u00e7\u00e3o de press\u00e3o e modo P60. O usu\u00e1rio pode selecionar o modo de teste de acordo com suas necessidades.<\/div>\n<p>&nbsp;<\/p>\n<h3>Vantagens<\/h3>\n<div class='prodocut_content'>\n<ol>\n<li>\n\t\tInstrumento padr\u00e3o do setor de garrafas de vidro com alta precis\u00e3o de press\u00e3o e ampla escala de teste\n\t<\/li>\n<li>\n\t\tProjeto de mesa, alta efici\u00eancia\n\t<\/li>\n<li>\n\t\tFixa\u00e7\u00e3o e afus\u00e3o autom\u00e1ticas\n\t<\/li>\n<li>\n\t\tControle PLC e tela sens\u00edvel ao toque com v\u00e1rias formas de teste\n\t<\/li>\n<li>\n\t\tIntertravamentos de seguran\u00e7a nas portas da c\u00e2mara de teste\n\t<\/li>\n<li>\n\t\tRetirada autom\u00e1tica do gargalo da garrafa ap\u00f3s o teste. Coleta de fragmentos de vidro em v\u00e1rias camadas e limpeza do instrumento, de f\u00e1cil manuten\u00e7\u00e3o\n\t<\/li>\n<li>\n\t\tEstrutura de a\u00e7o em \u00e2ngulo, dur\u00e1vel; a \u00e1gua, a eletricidade e o ar s\u00e3o separados para torn\u00e1-lo \u00e0 prova d&#8217;\u00e1gua.\n\t<\/li>\n<li>\n\t\tPress\u00e3o controlada por servo motor com boa repetibilidade de press\u00e3o e alta precis\u00e3o.\n\t<\/li>\n<\/ol>\n<\/div>\n","protected":false},"excerpt":{"rendered":"<h3>Testador de press\u00e3o de rampa (autom\u00e1tico e de mesa)<\/h3>\n","protected":false},"featured_media":464,"template":"","meta":[],"product_brand":[],"product_cat":[16],"product_tag":[],"class_list":{"0":"post-434","1":"product","2":"type-product","3":"status-publish","4":"has-post-thumbnail","6":"product_cat-objeto-de-deteccao","8":"first","9":"instock","10":"shipping-taxable","11":"product-type-simple"},"aioseo_notices":[],"_links":{"self":[{"href":"https:\/\/www.canneed.com\/po\/wp-json\/wp\/v2\/product\/434","targetHints":{"allow":["GET"]}}],"collection":[{"href":"https:\/\/www.canneed.com\/po\/wp-json\/wp\/v2\/product"}],"about":[{"href":"https:\/\/www.canneed.com\/po\/wp-json\/wp\/v2\/types\/product"}],"wp:featuredmedia":[{"embeddable":true,"href":"https:\/\/www.canneed.com\/po\/wp-json\/wp\/v2\/media\/464"}],"wp:attachment":[{"href":"https:\/\/www.canneed.com\/po\/wp-json\/wp\/v2\/media?parent=434"}],"wp:term":[{"taxonomy":"product_brand","embeddable":true,"href":"https:\/\/www.canneed.com\/po\/wp-json\/wp\/v2\/product_brand?post=434"},{"taxonomy":"product_cat","embeddable":true,"href":"https:\/\/www.canneed.com\/po\/wp-json\/wp\/v2\/product_cat?post=434"},{"taxonomy":"product_tag","embeddable":true,"href":"https:\/\/www.canneed.com\/po\/wp-json\/wp\/v2\/product_tag?post=434"}],"curies":[{"name":"wp","href":"https:\/\/api.w.org\/{rel}","templated":true}]}}