{"id":429,"date":"2025-05-15T11:05:27","date_gmt":"2025-05-15T03:05:27","guid":{"rendered":"http:\/\/www.canneed.com\/po\/?post_type=product&#038;p=429"},"modified":"2025-05-15T11:05:29","modified_gmt":"2025-05-15T03:05:29","slug":"canneed-ahwc-100-2","status":"publish","type":"product","link":"https:\/\/www.canneed.com\/po\/product\/canneed-ahwc-100-2\/","title":{"rendered":"CanNeed-AHWC-100"},"content":{"rendered":"<p>&nbsp;<\/p>\n<h3>Aplicativos<\/h3>\n<div class='prodocut_content'>&nbsp;Cortador de segmento CanNeed-AHWC-100, opera\u00e7\u00e3o automatizada, durante o processo de medi\u00e7\u00e3o, o cortador de segmento CanNeed-AHWC-100 usa um fio quente para cortar garrafas PET de maneira uniforme e r\u00e1pida para obter um perfil claro sem distorcer as garrafas, eliminando completamente a influ\u00eancia do fator humano, tudo o que o operador precisa fazer \u00e9 colocar a amostra na mesa de fixa\u00e7\u00e3o e, em seguida, pressionar o bot\u00e3o Iniciar. O operador s\u00f3 precisa colocar a amostra na mesa de fixa\u00e7\u00e3o e pressionar o bot\u00e3o de in\u00edcio. O instrumento pode ser usado no laborat\u00f3rio para verificar o torque ou pr\u00f3ximo \u00e0 linha de produ\u00e7\u00e3o para analisar o peso das garrafas PET em se\u00e7\u00f5es, verificando se cada se\u00e7\u00e3o atende aos crit\u00e9rios de peso correspondentes. O design exclusivo mais recente \u00e9 seguro e eficiente.<\/div>\n<p>&nbsp;<\/p>\n<h3>Vantagens<\/h3>\n<div class='prodocut_content'>\n<ul>\n<li>\n\t\tVelocidade de corte: corte garrafas PET em velocidade uniforme para obter um melhor efeito de corte; evite o efeito de corte ao cortar manualmente.\n\t<\/li>\n<li>\n\t\tPot\u00eancia de corte: a pot\u00eancia de corte pode ser ajustada para se adaptar a diferentes espessuras de garrafas PET e obter um melhor efeito de corte.\n\t<\/li>\n<li>\n\t\tG\u00e1s de exaust\u00e3o autom\u00e1tico: o g\u00e1s de exaust\u00e3o gerado durante o corte de garrafas PET \u00e9 automaticamente descarregado para o exterior por meio do tubo de exaust\u00e3o, o que n\u00e3o polui o ambiente interno e evita afetar a sa\u00fade humana. O sistema n\u00e3o apenas economiza energia, mas tamb\u00e9m prolonga a vida \u00fatil do fio de corte.\n\t<\/li>\n<li>\n\t\tA pin\u00e7a para garrafas pode ser ajustada para se adaptar a uma ampla variedade de formatos de garrafas sem a necessidade de ferramentas especiais ou pe\u00e7as de reposi\u00e7\u00e3o.\n\t<\/li>\n<li>\n\t\tOs suportes ajust\u00e1veis mant\u00eam as garrafas no lugar durante o processo de corte.\n\t<\/li>\n<li>\n\t\tAs escalas de precis\u00e3o permitem cortes precisos e repet\u00edveis.\n\t<\/li>\n<li>\n\t\tO design de 4 fios permite at\u00e9 5 cortes.\n\t<\/li>\n<li>\n\t\tO design inteligente facilita a troca de garrafas de diferentes tamanhos e formatos para o corte.\n\t<\/li>\n<li>\n\t\tN\u00e3o s\u00e3o necess\u00e1rias ferramentas ou acess\u00f3rios adicionais para diferentes tarefas de corte.\n\t<\/li>\n<li>\n\t\tEst\u00e3o dispon\u00edveis acess\u00f3rios opcionais para cortar garrafas n\u00e3o redondas.\n\t<\/li>\n<\/ul>\n<\/div>\n","protected":false},"excerpt":{"rendered":"<h3>M\u00e1quina de corte seccional de garrafas pl\u00e1sticas<\/h3>\n","protected":false},"featured_media":427,"template":"","meta":[],"product_brand":[],"product_cat":[15],"product_tag":[],"class_list":{"0":"post-429","1":"product","2":"type-product","3":"status-publish","4":"has-post-thumbnail","6":"product_cat-uncategorized","8":"first","9":"instock","10":"shipping-taxable","11":"product-type-simple"},"aioseo_notices":[],"_links":{"self":[{"href":"https:\/\/www.canneed.com\/po\/wp-json\/wp\/v2\/product\/429","targetHints":{"allow":["GET"]}}],"collection":[{"href":"https:\/\/www.canneed.com\/po\/wp-json\/wp\/v2\/product"}],"about":[{"href":"https:\/\/www.canneed.com\/po\/wp-json\/wp\/v2\/types\/product"}],"wp:featuredmedia":[{"embeddable":true,"href":"https:\/\/www.canneed.com\/po\/wp-json\/wp\/v2\/media\/427"}],"wp:attachment":[{"href":"https:\/\/www.canneed.com\/po\/wp-json\/wp\/v2\/media?parent=429"}],"wp:term":[{"taxonomy":"product_brand","embeddable":true,"href":"https:\/\/www.canneed.com\/po\/wp-json\/wp\/v2\/product_brand?post=429"},{"taxonomy":"product_cat","embeddable":true,"href":"https:\/\/www.canneed.com\/po\/wp-json\/wp\/v2\/product_cat?post=429"},{"taxonomy":"product_tag","embeddable":true,"href":"https:\/\/www.canneed.com\/po\/wp-json\/wp\/v2\/product_tag?post=429"}],"curies":[{"name":"wp","href":"https:\/\/api.w.org\/{rel}","templated":true}]}}