{"id":372,"date":"2025-05-15T11:05:14","date_gmt":"2025-05-15T03:05:14","guid":{"rendered":"http:\/\/www.canneed.com\/po\/?post_type=product&#038;p=372"},"modified":"2025-05-15T11:05:22","modified_gmt":"2025-05-15T03:05:22","slug":"canneed-sfat-100","status":"publish","type":"product","link":"https:\/\/www.canneed.com\/po\/product\/canneed-sfat-100\/","title":{"rendered":"CanNeed-SFAT-100"},"content":{"rendered":"<p>&nbsp;<\/p>\n<h3>Aplicativos<\/h3>\n<div class='prodocut_content'>O CanNeed-SFAT-100 Static Friction Angle Tester permite a medi\u00e7\u00e3o exacta da lubrifica\u00e7\u00e3o do recipiente e do coeficiente de fric\u00e7\u00e3o est\u00e1tica.<\/p>\n<p>S\u00e3o colocados tr\u00eas contentores na mesa numa configura\u00e7\u00e3o piramidal. Depois de premido o bot\u00e3o de arranque, um motor el\u00e9trico aumenta o \u00e2ngulo de inclina\u00e7\u00e3o da mesa. Os dois contentores do fundo s\u00e3o limitados e n\u00e3o se movem durante o ensaio. Quando o \u00e2ngulo de inclina\u00e7\u00e3o se torna suficientemente grande para ultrapassar as for\u00e7as de fric\u00e7\u00e3o entre os contentores, o contentor superior come\u00e7a a deslizar e entra em contacto com a barra de disparo, que p\u00e1ra o motor de acionamento e aplica simultaneamente um trav\u00e3o \u00e0 mesa inclinada. Isto evita a paragem e medi\u00e7\u00f5es inadvertidas de \u00e2ngulos de inclina\u00e7\u00e3o erradamente elevados.<\/p>\n<p>Aplic\u00e1vel a: garrafas de vidro, garrafas de pl\u00e1stico, garrafas e latas de alum\u00ednio, etc.<\/div>\n<p>&nbsp;<\/p>\n<h3>Vantagens<\/h3>\n<div class='prodocut_content'>\n<ol>\n<li>\n\t\tOpera\u00e7\u00e3o simples\n\t<\/li>\n<li>\n\t\tSistema de avalia\u00e7\u00e3o autom\u00e1tica do final do teste\n\t<\/li>\n<li>\n\t\tSistema de trav\u00e3o eletr\u00f3nico\n\t<\/li>\n<li>\n\t\tAplic\u00e1vel a diferentes tamanhos de contentores\n\t<\/li>\n<li>\n\t\tCom bot\u00e3o de reset\n\t<\/li>\n<\/ol>\n<\/div>\n","protected":false},"excerpt":{"rendered":"<h3>Testador de \u00e2ngulo de fric\u00e7\u00e3o est\u00e1tica (mesa inclinada)<\/h3>\n","protected":false},"featured_media":408,"template":"","meta":[],"product_brand":[],"product_cat":[33,17,32,27,35,34],"product_tag":[],"class_list":{"0":"post-372","1":"product","2":"type-product","3":"status-publish","4":"has-post-thumbnail","6":"product_cat-bebidas-engarrafadas-pet-garrafas-pet-pre-formas-tampas-plasticas","7":"product_cat-cerveja-enlatada-bebidas-enlatadas-alimentos-enlatados","8":"product_cat-cosmeticos-produtos-farmaceuticos-alimentos-ensacados","9":"product_cat-linha-on-line-embalagem","10":"product_cat-proposito-geral","11":"product_cat-temperatura-pu-f0","13":"first","14":"instock","15":"shipping-taxable","16":"product-type-simple"},"aioseo_notices":[],"_links":{"self":[{"href":"https:\/\/www.canneed.com\/po\/wp-json\/wp\/v2\/product\/372","targetHints":{"allow":["GET"]}}],"collection":[{"href":"https:\/\/www.canneed.com\/po\/wp-json\/wp\/v2\/product"}],"about":[{"href":"https:\/\/www.canneed.com\/po\/wp-json\/wp\/v2\/types\/product"}],"wp:featuredmedia":[{"embeddable":true,"href":"https:\/\/www.canneed.com\/po\/wp-json\/wp\/v2\/media\/408"}],"wp:attachment":[{"href":"https:\/\/www.canneed.com\/po\/wp-json\/wp\/v2\/media?parent=372"}],"wp:term":[{"taxonomy":"product_brand","embeddable":true,"href":"https:\/\/www.canneed.com\/po\/wp-json\/wp\/v2\/product_brand?post=372"},{"taxonomy":"product_cat","embeddable":true,"href":"https:\/\/www.canneed.com\/po\/wp-json\/wp\/v2\/product_cat?post=372"},{"taxonomy":"product_tag","embeddable":true,"href":"https:\/\/www.canneed.com\/po\/wp-json\/wp\/v2\/product_tag?post=372"}],"curies":[{"name":"wp","href":"https:\/\/api.w.org\/{rel}","templated":true}]}}