{"id":357,"date":"2025-05-15T11:05:13","date_gmt":"2025-05-15T03:05:13","guid":{"rendered":"http:\/\/www.canneed.com\/po\/?post_type=product&#038;p=357"},"modified":"2025-05-15T11:05:17","modified_gmt":"2025-05-15T03:05:17","slug":"canneed-ptt-300","status":"publish","type":"product","link":"https:\/\/www.canneed.com\/po\/product\/canneed-ptt-300\/","title":{"rendered":"CanNeed-PTT-300"},"content":{"rendered":"<p>&nbsp;<\/p>\n<h3>Aplicativos<\/h3>\n<div class='prodocut_content'>O CanNeed-PTT-300 Pop &#038; Tear Tester foi desenvolvido para testar diferentes tipos de extremidades abertas f\u00e1ceis. Ele pode medir a for\u00e7a de estalo e rasgo, a for\u00e7a de rota\u00e7\u00e3o do anel e a for\u00e7a de desprendimento do anel.<\/p>\n<p>Adotou 7 modos de teste diferentes: RP \/ SOT \/ EO \/ OVAL \/ SNAP \/ RF e RPP. O modo OVAL pode testar as extremidades OVAL e FSE. O modo SNAP pode testar as extremidades SNAP e ALUFIX. O modo VF \u00e9 para medi\u00e7\u00e3o da for\u00e7a de rota\u00e7\u00e3o do anel, enquanto o modo RPP \u00e9 para medi\u00e7\u00e3o da for\u00e7a de desprendimento do anel.<\/p>\n<p>Aplic\u00e1vel a v\u00e1rios tipos de extremidades, aqui ser\u00e3o mostrados 7 tipos: RP \/ SOT \/ EO \/ OVAL \/ FSE \/ SNAP e ALUFIX. Tamb\u00e9m \u00e9 adequado para extremidades de amostras dos tipos 113 a 211 (extremidades redondas). As extremidades ovais ou retangulares precisam de uma pin\u00e7a personalizada para o teste. O di\u00e2metro das extremidades ovais ou o comprimento maior das retangulares n\u00e3o deve ser maior que 163 mm.<\/div>\n<p>&nbsp;<\/p>\n<h3>Vantagens<\/h3>\n<div class='prodocut_content'>\n<ol>\n<li>\n\t\tOpera\u00e7\u00e3o simples\n\t<\/li>\n<li>\n\t\tCapacidade de comunica\u00e7\u00e3o RS-232, pode exportar dados para o SPC.\n\t<\/li>\n<li>\n\t\tSistema de controle PLC com tela sens\u00edvel ao toque, coleta autom\u00e1tica de dados.\n\t<\/li>\n<li>\n\t\tAlta precis\u00e3o\n\t<\/li>\n<li>\n\t\tFun\u00e7\u00e3o de calibra\u00e7\u00e3o, conveniente para calibra\u00e7\u00e3o.\n\t<\/li>\n<li>\n\t\tN\u00e3o precisa de fonte de ar\n\t<\/li>\n<\/ol>\n<\/div>\n","protected":false},"excerpt":{"rendered":"<h3>Testador de estalo e rasgo<\/h3>\n","protected":false},"featured_media":389,"template":"","meta":[],"product_brand":[],"product_cat":[17,26,27,35,34],"product_tag":[],"class_list":{"0":"post-357","1":"product","2":"type-product","3":"status-publish","4":"has-post-thumbnail","6":"product_cat-cerveja-enlatada-bebidas-enlatadas-alimentos-enlatados","7":"product_cat-garrafas-de-vidro-cerveja-engarrafada-vinho-uisque","8":"product_cat-linha-on-line-embalagem","9":"product_cat-proposito-geral","10":"product_cat-temperatura-pu-f0","12":"first","13":"instock","14":"shipping-taxable","15":"product-type-simple"},"aioseo_notices":[],"_links":{"self":[{"href":"https:\/\/www.canneed.com\/po\/wp-json\/wp\/v2\/product\/357","targetHints":{"allow":["GET"]}}],"collection":[{"href":"https:\/\/www.canneed.com\/po\/wp-json\/wp\/v2\/product"}],"about":[{"href":"https:\/\/www.canneed.com\/po\/wp-json\/wp\/v2\/types\/product"}],"wp:featuredmedia":[{"embeddable":true,"href":"https:\/\/www.canneed.com\/po\/wp-json\/wp\/v2\/media\/389"}],"wp:attachment":[{"href":"https:\/\/www.canneed.com\/po\/wp-json\/wp\/v2\/media?parent=357"}],"wp:term":[{"taxonomy":"product_brand","embeddable":true,"href":"https:\/\/www.canneed.com\/po\/wp-json\/wp\/v2\/product_brand?post=357"},{"taxonomy":"product_cat","embeddable":true,"href":"https:\/\/www.canneed.com\/po\/wp-json\/wp\/v2\/product_cat?post=357"},{"taxonomy":"product_tag","embeddable":true,"href":"https:\/\/www.canneed.com\/po\/wp-json\/wp\/v2\/product_tag?post=357"}],"curies":[{"name":"wp","href":"https:\/\/api.w.org\/{rel}","templated":true}]}}