{"id":355,"date":"2025-05-15T11:05:13","date_gmt":"2025-05-15T03:05:13","guid":{"rendered":"http:\/\/www.canneed.com\/po\/?post_type=product&#038;p=355"},"modified":"2025-05-15T11:05:17","modified_gmt":"2025-05-15T03:05:17","slug":"canneed-astg-1000","status":"publish","type":"product","link":"https:\/\/www.canneed.com\/po\/product\/canneed-astg-1000\/","title":{"rendered":"CanNeed-ASTG-1000"},"content":{"rendered":"<p>&nbsp;<\/p>\n<h3>Aplicativos<\/h3>\n<div class='prodocut_content'>H\u00e1 fugas de ar em algumas bebidas enlatadas. Para medir a espessura da costura dupla de tais latas com fugas de ar e depois de medir automaticamente a costura a 360\u00b0, descobrir\u00e1 que a costura dupla \u00e9 irregular e que os valores de espessura de alguns pontos s\u00e3o maiores do que outros. Estes pontos, onde as estruturas da costura n\u00e3o est\u00e3o suficientemente apertadas, causariam provavelmente fugas de ar na bebida enlatada.<br \/>\nAconselha-se a medir a espessura da costura dupla a 360\u00b0, e se a espessura da costura for identificada como irregular, devem ser tomadas medidas imediatas para evitar fugas de ar na bebida enlatada.<br \/>\nO medidor autom\u00e1tico da espessura da costura CanNeed-ASTG-1000 \u00e9 caracterizado por uma medi\u00e7\u00e3o autom\u00e1tica da espessura da costura dupla a 360\u00b0, rota\u00e7\u00e3o autom\u00e1tica da lata para medi\u00e7\u00e3o multiponto, f\u00e1cil localiza\u00e7\u00e3o de posi\u00e7\u00f5es de costura dupla defeituosas, alta velocidade e alta precis\u00e3o. Evita erros humanos e a leitura digital \u00e9 apresentada no ecr\u00e3 t\u00e1til.<br \/>\nCom interface de sa\u00edda RS232, o resultado da medi\u00e7\u00e3o pode ser enviado instantaneamente para o computador para processamento SPC.<br \/>\nOpcionalmente, pode ser utilizado o modo de fun\u00e7\u00e3o de medi\u00e7\u00e3o da altura.<\/div>\n<p>&nbsp;<\/p>\n<h3>Vantagens<\/h3>\n<div class='prodocut_content'>\n<ol>\n<li>\n\t\tMedi\u00e7\u00e3o autom\u00e1tica da espessura da costura dupla a 360\u00b0, at\u00e9 50 pontos de teste.\n\t<\/li>\n<li>\n\t\tRota\u00e7\u00e3o autom\u00e1tica da lata para medi\u00e7\u00e3o de v\u00e1rios pontos.\n\t<\/li>\n<li>\n\t\tMedi\u00e7\u00e3o r\u00e1pida e correta, evitando erros causados por opera\u00e7\u00e3o pessoal.\n\t<\/li>\n<\/ol>\n<\/div>\n","protected":false},"excerpt":{"rendered":"<h3>Medidor autom\u00e1tico de espessura de costura<\/h3>\n","protected":false},"featured_media":387,"template":"","meta":[],"product_brand":[],"product_cat":[58,21,31],"product_tag":[],"class_list":{"0":"post-355","1":"product","2":"type-product","3":"status-publish","4":"has-post-thumbnail","6":"product_cat-forca-de-tracao-rolamento-de-pressao-carga-vertical-resistencia-ao-impacto","7":"product_cat-laboratorio","8":"product_cat-tampa-de-metal-tampa-de-coroa-tampa-de-aba-tampa-de-rosca-tampa-de-abertura-de-garra","10":"first","11":"instock","12":"shipping-taxable","13":"product-type-simple"},"aioseo_notices":[],"_links":{"self":[{"href":"https:\/\/www.canneed.com\/po\/wp-json\/wp\/v2\/product\/355","targetHints":{"allow":["GET"]}}],"collection":[{"href":"https:\/\/www.canneed.com\/po\/wp-json\/wp\/v2\/product"}],"about":[{"href":"https:\/\/www.canneed.com\/po\/wp-json\/wp\/v2\/types\/product"}],"wp:featuredmedia":[{"embeddable":true,"href":"https:\/\/www.canneed.com\/po\/wp-json\/wp\/v2\/media\/387"}],"wp:attachment":[{"href":"https:\/\/www.canneed.com\/po\/wp-json\/wp\/v2\/media?parent=355"}],"wp:term":[{"taxonomy":"product_brand","embeddable":true,"href":"https:\/\/www.canneed.com\/po\/wp-json\/wp\/v2\/product_brand?post=355"},{"taxonomy":"product_cat","embeddable":true,"href":"https:\/\/www.canneed.com\/po\/wp-json\/wp\/v2\/product_cat?post=355"},{"taxonomy":"product_tag","embeddable":true,"href":"https:\/\/www.canneed.com\/po\/wp-json\/wp\/v2\/product_tag?post=355"}],"curies":[{"name":"wp","href":"https:\/\/api.w.org\/{rel}","templated":true}]}}