{"id":313,"date":"2025-05-15T11:04:59","date_gmt":"2025-05-15T03:04:59","guid":{"rendered":"http:\/\/www.canneed.com\/po\/?post_type=product&#038;p=313"},"modified":"2025-05-15T11:05:11","modified_gmt":"2025-05-15T03:05:11","slug":"canneed-tt-200","status":"publish","type":"product","link":"https:\/\/www.canneed.com\/po\/product\/canneed-tt-200\/","title":{"rendered":"CanNeed-TT-200"},"content":{"rendered":"<p>&nbsp;<\/p>\n<h3>Aplicativos<\/h3>\n<div class='prodocut_content'>\n<p>\n\t\n<\/p>\n<p>\n\t<span style=\"color:#000000;background-color:#FFFFFF;\"> <\/span>\n<\/p>\n<p class=\"MsoNormal\">\n\tInd\u00fastrias aplic\u00e1veis: Ind\u00fastria alimentar \/ cosm\u00e9tica \/ farmac\u00eautica \/&nbsp;de produtos qu\u00edmicos \/&nbsp;de medi\u00e7\u00e3o\n<\/p>\n<p class=\"MsoNormal\">\n\tO torqu\u00edmetro de ecr\u00e3 t\u00e1ctil eletr\u00f4nico CanNeed-TT-200 \u00e9 um equipamento especial para medir &#8220;torque de fecho&#8221; e &#8220;torque de abertura&#8221; da tampa do produto engarrafado, cujo desempenho \u00e9 muito bom, \u00e9 o equipamento padr\u00e3o da ind\u00fastria. Pode escolher alguns softwares de medi\u00e7\u00e3o.\n<\/p>\n<\/div>\n<p>&nbsp;<\/p>\n<h3>Vantagens<\/h3>\n<div class='prodocut_content'>\n<p>\n\t1. Interface de visualiza\u00e7\u00e3o potente<br \/>\n2. Dispositivo de calibra\u00e7\u00e3o simples<br \/>\n3. Sa\u00edda de dados potente<br \/>\n4. Design de fixa\u00e7\u00e3o de f\u00e1cil utiliza\u00e7\u00e3o<br \/>\n5. Design \u00e0 prova de \u00e1gua<br \/>\n6. Design do eixo de rota\u00e7\u00e3o da liga\u00e7\u00e3o n\u00e3o r\u00edgida<br \/>\n7. O CanNeed-TT-200 \u00e9 fornecido juntamente com uma mala especial, conveniente e elegante.\n<\/p>\n<\/div>\n<p>&nbsp;<\/p>\n<h3>Par\u00e2metro t\u00e9cnico<\/h3>\n<div class='prodocut_content'>\n<p>\n\t\n<\/p>\n<\/div>\n","protected":false},"excerpt":{"rendered":"<h3>Torqu\u00edmetro com display t\u00e1ctil eletr\u00f4nico<\/h3>\n","protected":false},"featured_media":344,"template":"","meta":[],"product_brand":[],"product_cat":[19,17,21,22],"product_tag":[],"class_list":{"0":"post-313","1":"product","2":"type-product","3":"status-publish","4":"has-post-thumbnail","6":"product_cat-bainha-dupla","7":"product_cat-cerveja-enlatada-bebidas-enlatadas-alimentos-enlatados","8":"product_cat-laboratorio","9":"product_cat-lata-lata-de-spray-de-tres-pecas-revestimento","11":"first","12":"instock","13":"shipping-taxable","14":"product-type-simple"},"aioseo_notices":[],"_links":{"self":[{"href":"https:\/\/www.canneed.com\/po\/wp-json\/wp\/v2\/product\/313","targetHints":{"allow":["GET"]}}],"collection":[{"href":"https:\/\/www.canneed.com\/po\/wp-json\/wp\/v2\/product"}],"about":[{"href":"https:\/\/www.canneed.com\/po\/wp-json\/wp\/v2\/types\/product"}],"wp:featuredmedia":[{"embeddable":true,"href":"https:\/\/www.canneed.com\/po\/wp-json\/wp\/v2\/media\/344"}],"wp:attachment":[{"href":"https:\/\/www.canneed.com\/po\/wp-json\/wp\/v2\/media?parent=313"}],"wp:term":[{"taxonomy":"product_brand","embeddable":true,"href":"https:\/\/www.canneed.com\/po\/wp-json\/wp\/v2\/product_brand?post=313"},{"taxonomy":"product_cat","embeddable":true,"href":"https:\/\/www.canneed.com\/po\/wp-json\/wp\/v2\/product_cat?post=313"},{"taxonomy":"product_tag","embeddable":true,"href":"https:\/\/www.canneed.com\/po\/wp-json\/wp\/v2\/product_tag?post=313"}],"curies":[{"name":"wp","href":"https:\/\/api.w.org\/{rel}","templated":true}]}}