{"id":300,"date":"2025-05-15T11:04:58","date_gmt":"2025-05-15T03:04:58","guid":{"rendered":"http:\/\/www.canneed.com\/po\/?post_type=product&#038;p=300"},"modified":"2025-05-15T11:05:06","modified_gmt":"2025-05-15T03:05:06","slug":"canneed-afmd-200","status":"publish","type":"product","link":"https:\/\/www.canneed.com\/po\/product\/canneed-afmd-200\/","title":{"rendered":"CanNeed-AFMD-200"},"content":{"rendered":"<p>&nbsp;<\/p>\n<h3>Aplicativos<\/h3>\n<div class='prodocut_content'>A mesa de medi\u00e7\u00e3o de latas de aerossol AFMD-200 para a extremidade traseira \u00e9 usada na linha de produtos de latas de aerossol. Mede a espessura do fundo e da parede, o di\u00e2metro do corpo da lata e a altura da lata. Por favor, informe o tipo de lata ao fazer um pedido<\/div>\n<p>&nbsp;<\/p>\n<h3>Vantagens<\/h3>\n<div class='prodocut_content'>Ele \u00e9 equipado com o indicador digital de resolu\u00e7\u00e3o Mitutoyo de 0,01 mm. Se adquirir o multiplexador e o cabo, ele poder\u00e1 se comunicar com o sistema SPC ou com um PC.<\/div>\n","protected":false},"excerpt":{"rendered":"<h3>Balc\u00e3o de medi\u00e7\u00e3o de latas de aerossol para front-end<\/h3>\n","protected":false},"featured_media":331,"template":"","meta":[],"product_brand":[],"product_cat":[32,65,21,22],"product_tag":[],"class_list":{"0":"post-300","1":"product","2":"type-product","3":"status-publish","4":"has-post-thumbnail","6":"product_cat-cosmeticos-produtos-farmaceuticos-alimentos-ensacados","7":"product_cat-estanqueidade-vazamento","8":"product_cat-laboratorio","9":"product_cat-lata-lata-de-spray-de-tres-pecas-revestimento","11":"first","12":"instock","13":"shipping-taxable","14":"product-type-simple"},"aioseo_notices":[],"_links":{"self":[{"href":"https:\/\/www.canneed.com\/po\/wp-json\/wp\/v2\/product\/300","targetHints":{"allow":["GET"]}}],"collection":[{"href":"https:\/\/www.canneed.com\/po\/wp-json\/wp\/v2\/product"}],"about":[{"href":"https:\/\/www.canneed.com\/po\/wp-json\/wp\/v2\/types\/product"}],"wp:featuredmedia":[{"embeddable":true,"href":"https:\/\/www.canneed.com\/po\/wp-json\/wp\/v2\/media\/331"}],"wp:attachment":[{"href":"https:\/\/www.canneed.com\/po\/wp-json\/wp\/v2\/media?parent=300"}],"wp:term":[{"taxonomy":"product_brand","embeddable":true,"href":"https:\/\/www.canneed.com\/po\/wp-json\/wp\/v2\/product_brand?post=300"},{"taxonomy":"product_cat","embeddable":true,"href":"https:\/\/www.canneed.com\/po\/wp-json\/wp\/v2\/product_cat?post=300"},{"taxonomy":"product_tag","embeddable":true,"href":"https:\/\/www.canneed.com\/po\/wp-json\/wp\/v2\/product_tag?post=300"}],"curies":[{"name":"wp","href":"https:\/\/api.w.org\/{rel}","templated":true}]}}