{"id":297,"date":"2025-05-15T11:04:58","date_gmt":"2025-05-15T03:04:58","guid":{"rendered":"http:\/\/www.canneed.com\/po\/?post_type=product&#038;p=297"},"modified":"2025-05-15T11:05:05","modified_gmt":"2025-05-15T03:05:05","slug":"canneed-abt-100","status":"publish","type":"product","link":"https:\/\/www.canneed.com\/po\/product\/canneed-abt-100\/","title":{"rendered":"CanNeed-ABT-100"},"content":{"rendered":"<p>&nbsp;<\/p>\n<h3>Aplicativos<\/h3>\n<div class='prodocut_content'><span>O detector de resistir \u00e0 press\u00e3o da lata de aerossol CanNeed-ABT-100 \u00e9 para detectar a resist\u00eancia \u00e0 press\u00e3o (resist\u00eancia da lata com cabe\u00e7a erguida) e a resist\u00eancia&nbsp; de ruptura do fundo da lata do aerossol. Equipado com grampo especial, o detector pode medir a resist\u00eancia \u00e0 press\u00e3o da tampa do fundo ou a da tampa do topo independentemente.<\/span><br \/>\n<span>\u00c9 simples de usar o dispositivo. depois de encher a lata ser testada com \u00e1gua, a lata (revestido com ferro) pode ser adsorvida no grampo automaticamente, usa-se a lata de amostra de prender automaticamente da lata de ar, ap\u00f3s o clampeamento firme, fecha a porta de seguran\u00e7a, provoca a alavanca de controle, aumenta a press\u00e3o lentamente e automaticamente. Quando a press\u00e3o excede o limite da resist\u00eancia \u00e0 press\u00e3o da lata, acontece a deforma\u00e7\u00e3o para fora do fundo da lata e tampa da lata. Devido a s\u00fabito aumento de volume e redu\u00e7\u00e3o repentina da press\u00e3o na lata, deste momento o ponteiro do medidor de press\u00e3o estagnar\u00e1 por um pouco tempo claramente, o valor mostrado \u00e9 aerossol o valor da resist\u00eancia \u00e0 press\u00e3o do aerossol (resist\u00eancia da lata com cabe\u00e7a erguida). Ao mesmo tempo, a press\u00e3o continua a subir lentamente, a lata rompe-se, o ponteiro do medidor de press\u00e3o volta para zero rapidamente, e o que o ponteiro de mem\u00f3ria mostra \u00e9 o valor m\u00e1ximo da ruptura do aerossol. O agarramento uma vez pode terminar dois processos e leituras.<\/span><\/div>\n<p>&nbsp;<\/p>\n<h3>Vantagens<\/h3>\n<div class='prodocut_content'><span>Design para grampo especial\uff1a<\/span><br \/>\n<span>1. Quanto \u00e0 lata de aerossol de ferro, a cabe\u00e7a do grampo de \u00edm\u00e3 pega a lata de amostra automaticamente, depois a lata de ar fecha a boca da lata automaticamente, rapidamente e confiavelmente.<\/span><br \/>\n<span>2. Quanto \u00e0 lata de aerossol de alum\u00ednio, a lata de ar fecha a boca da lata automaticamente, depois utitliza o mecanismo de travamento da boca da lata auxiliar para evitar a lata de amostra solta por causa de deforma\u00e7\u00e3o da boca da lata depois do aumento da press\u00e3o.<\/span><\/div>\n","protected":false},"excerpt":{"rendered":"<h3>Detector de Resistir \u00e0 Press\u00e3o da Lata de Aerossol<\/h3>\n","protected":false},"featured_media":327,"template":"","meta":[],"product_brand":[],"product_cat":[30,21,22],"product_tag":[],"class_list":{"0":"post-297","1":"product","2":"type-product","3":"status-publish","4":"has-post-thumbnail","6":"product_cat-dimensoes","7":"product_cat-laboratorio","8":"product_cat-lata-lata-de-spray-de-tres-pecas-revestimento","10":"first","11":"instock","12":"shipping-taxable","13":"product-type-simple"},"aioseo_notices":[],"_links":{"self":[{"href":"https:\/\/www.canneed.com\/po\/wp-json\/wp\/v2\/product\/297","targetHints":{"allow":["GET"]}}],"collection":[{"href":"https:\/\/www.canneed.com\/po\/wp-json\/wp\/v2\/product"}],"about":[{"href":"https:\/\/www.canneed.com\/po\/wp-json\/wp\/v2\/types\/product"}],"wp:featuredmedia":[{"embeddable":true,"href":"https:\/\/www.canneed.com\/po\/wp-json\/wp\/v2\/media\/327"}],"wp:attachment":[{"href":"https:\/\/www.canneed.com\/po\/wp-json\/wp\/v2\/media?parent=297"}],"wp:term":[{"taxonomy":"product_brand","embeddable":true,"href":"https:\/\/www.canneed.com\/po\/wp-json\/wp\/v2\/product_brand?post=297"},{"taxonomy":"product_cat","embeddable":true,"href":"https:\/\/www.canneed.com\/po\/wp-json\/wp\/v2\/product_cat?post=297"},{"taxonomy":"product_tag","embeddable":true,"href":"https:\/\/www.canneed.com\/po\/wp-json\/wp\/v2\/product_tag?post=297"}],"curies":[{"name":"wp","href":"https:\/\/api.w.org\/{rel}","templated":true}]}}