{"id":294,"date":"2025-05-15T11:04:58","date_gmt":"2025-05-15T03:04:58","guid":{"rendered":"http:\/\/www.canneed.com\/po\/?post_type=product&#038;p=294"},"modified":"2025-05-15T11:05:04","modified_gmt":"2025-05-15T03:05:04","slug":"canneed-zm-370-d","status":"publish","type":"product","link":"https:\/\/www.canneed.com\/po\/product\/canneed-zm-370-d\/","title":{"rendered":"CanNeed-ZM-370-D"},"content":{"rendered":"<p>&nbsp;<\/p>\n<h3>Aplicativos<\/h3>\n<div class='prodocut_content'>\n<p>\n\t<span style=\"color:#000000;background-color:#FFFFFF;\"><strong>O USO do Produto<\/strong>\uff1a<\/span>\n<\/p>\n<p>\n\t<span style=\"color:#000000;background-color:#FFFFFF;\">O calibrador de perpendicularidade da preforma ZM-370-D,ZM-570-D,ZM-920-D \u00e9 utilizado para medir o comprimento, largura e perpendicularidade (\u00e2ngulo).<br \/>\n<\/span>\n<\/p>\n<\/div>\n<p>&nbsp;<\/p>\n<h3>Vantagens<\/h3>\n<div class='prodocut_content'>\n<p>\n\t<span style=\"color:#000000;background-color:#FFFFFF;\"><strong>Vantagens DOS produtos\uff1a<\/strong><\/span>\n<\/p>\n<p>\n\t<span style=\"background-color:#FFFFFF;\">1.aplica a ret\u00edcula de alta precis\u00e3o combinada com medidor com mostrador para medir comprimento, largura e perpendicularidade (\u00e2ngulo) da preforma.<\/span><br \/>\n<span style=\"background-color:#FFFFFF;\">2.Tem repetibilidade boa dos resultados medidos.<\/span><br \/>\n<span style=\"background-color:#FFFFFF;\">3.Apresenta leituras de forma cont\u00ednua.<\/span><br \/>\n<span style=\"background-color:#FFFFFF;\">4<\/span>.Gradua\u00e7\u00e3o: 0,005mm<br \/>\n5.precis\u00e3o: 0,02mm\n<\/p>\n<\/div>\n<p>&nbsp;<\/p>\n<h3>Par\u00e2metro t\u00e9cnico<\/h3>\n<div class='prodocut_content'>\n<p>\n\t<span style=\"color:#000000;background-color:#FFFFFF;\"><strong>Par\u00e2metros t\u00e9cnicos\uff1a<\/strong><\/span>\n<\/p>\n<p>\n\t<span style=\"color:#000000;background-color:#FFFFFF;\"> <\/span>\n<\/p>\n<div align=\"center\">\n<table class=\"MsoNormalTable\" border=\"1\" cellspacing=\"0\" cellpadding=\"0\">\n<tbody>\n<tr>\n<td width=\"82\" style=\"border:1px dotted #AAAAAA;\">\n<p class=\"MsoNormal\" align=\"left\" style=\"text-align:center;\">\n\t\t\t\t\t\tmodelo\n\t\t\t\t\t<\/p>\n<\/td>\n<td width=\"91\" style=\"border:1px dotted #AAAAAA;\">\n<p class=\"MsoNormal\" align=\"center\" style=\"text-align:center;\">\n\t\t\t\t\t\tZM-370-D\n\t\t\t\t\t<\/p>\n<\/td>\n<td width=\"91\" style=\"border:1px dotted #AAAAAA;\">\n<p class=\"MsoNormal\" align=\"center\" style=\"text-align:center;\">\n\t\t\t\t\t\tZM-570-D\n\t\t\t\t\t<\/p>\n<\/td>\n<td width=\"91\" style=\"border:1px dotted #AAAAAA;\">\n<p class=\"MsoNormal\" align=\"center\" style=\"text-align:center;\">\n\t\t\t\t\t\tZM-920-D\n\t\t\t\t\t<\/p>\n<\/td>\n<td width=\"112\" style=\"border:1px dotted #AAAAAA;\">\n<p class=\"MsoNormal\" align=\"center\" style=\"text-align:center;\">\n\t\t\t\t\t\tZM-1220-D\n\t\t\t\t\t<\/p>\n<\/td>\n<\/tr>\n<tr>\n<td width=\"82\" style=\"border:1px dotted #AAAAAA;\">\n<div align=\"center\">\n<table class=\"MsoNormalTable\" border=\"1\" cellspacing=\"0\" cellpadding=\"0\" style=\"text-align:center;\">\n<tbody>\n<tr>\n<td width=\"82\" style=\"border:1px dotted #AAAAAA;\">\n<p class=\"MsoNormal\" align=\"left\" style=\"text-align:center;\">\n\t\t\t\t\t\t\t\t\t\t\tFaixa de medi\u00e7\u00e3o\n\t\t\t\t\t\t\t\t\t\t<\/p>\n<\/td>\n<\/tr>\n<\/tbody>\n<\/table><\/div>\n<\/td>\n<td width=\"91\" style=\"border:1px dotted #AAAAAA;\">\n<p class=\"MsoNormal\" align=\"center\" style=\"text-align:center;\">\n\t\t\t\t\t\t0 -370 mm\n\t\t\t\t\t<\/p>\n<\/td>\n<td width=\"91\" style=\"border:1px dotted #AAAAAA;\">\n<p class=\"MsoNormal\" align=\"center\" style=\"text-align:center;\">\n\t\t\t\t\t\t0 -550 mm\n\t\t\t\t\t<\/p>\n<\/td>\n<td width=\"91\" style=\"border:1px dotted #AAAAAA;\">\n<p class=\"MsoNormal\" align=\"center\" style=\"text-align:center;\">\n\t\t\t\t\t\t0 -900 mm\n\t\t\t\t\t<\/p>\n<\/td>\n<td width=\"112\" style=\"border:1px dotted #AAAAAA;\">\n<p class=\"MsoNormal\" align=\"center\" style=\"text-align:center;\">\n\t\t\t\t\t\t300 -1220 mm\n\t\t\t\t\t<\/p>\n<\/td>\n<\/tr>\n<tr>\n<td width=\"82\" style=\"border:1px dotted #AAAAAA;\">\n<p class=\"MsoNormal\" align=\"left\" style=\"text-align:center;\">\n\t\t\t\t\t\tcomprimento\n\t\t\t\t\t<\/p>\n<\/td>\n<td width=\"91\" style=\"border:1px dotted #AAAAAA;\">\n<p class=\"MsoNormal\" align=\"center\" style=\"text-align:center;\">\n\t\t\t\t\t\t590 mm\n\t\t\t\t\t<\/p>\n<\/td>\n<td width=\"91\" style=\"border:1px dotted #AAAAAA;\">\n<p class=\"MsoNormal\" align=\"center\" style=\"text-align:center;\">\n\t\t\t\t\t\t790 mm\n\t\t\t\t\t<\/p>\n<\/td>\n<td width=\"91\" style=\"border:1px dotted #AAAAAA;\">\n<p class=\"MsoNormal\" align=\"center\" style=\"text-align:center;\">\n\t\t\t\t\t\t1140 mm\n\t\t\t\t\t<\/p>\n<\/td>\n<td width=\"112\" style=\"border:1px dotted #AAAAAA;\">\n<p class=\"MsoNormal\" align=\"center\" style=\"text-align:center;\">\n\t\t\t\t\t\t1441 mm\n\t\t\t\t\t<\/p>\n<\/td>\n<\/tr>\n<tr>\n<td width=\"82\" style=\"border:1px dotted #AAAAAA;\">\n<p class=\"MsoNormal\" align=\"left\" style=\"text-align:center;\">\n\t\t\t\t\t\t&nbsp;largura\n\t\t\t\t\t<\/p>\n<\/td>\n<td width=\"91\" style=\"border:1px dotted #AAAAAA;\">\n<p class=\"MsoNormal\" align=\"center\" style=\"text-align:center;\">\n\t\t\t\t\t\t630 mm\n\t\t\t\t\t<\/p>\n<\/td>\n<td width=\"91\" style=\"border:1px dotted #AAAAAA;\">\n<p class=\"MsoNormal\" align=\"center\" style=\"text-align:center;\">\n\t\t\t\t\t\t630 mm\n\t\t\t\t\t<\/p>\n<\/td>\n<td width=\"91\" style=\"border:1px dotted #AAAAAA;\">\n<p class=\"MsoNormal\" align=\"center\" style=\"text-align:center;\">\n\t\t\t\t\t\t630 mm\n\t\t\t\t\t<\/p>\n<\/td>\n<td width=\"112\" style=\"border:1px dotted #AAAAAA;\">\n<p class=\"MsoNormal\" align=\"center\" style=\"text-align:center;\">\n\t\t\t\t\t\t824 mm\n\t\t\t\t\t<\/p>\n<\/td>\n<\/tr>\n<tr>\n<td width=\"82\" style=\"border:1px dotted #AAAAAA;\">\n<p class=\"MsoNormal\" align=\"left\" style=\"text-align:center;\">\n\t\t\t\t\t\t&nbsp;altura\n\t\t\t\t\t<\/p>\n<\/td>\n<td width=\"91\" style=\"border:1px dotted #AAAAAA;\">\n<p class=\"MsoNormal\" align=\"center\" style=\"text-align:center;\">\n\t\t\t\t\t\t400 mm\n\t\t\t\t\t<\/p>\n<\/td>\n<td width=\"91\" style=\"border:1px dotted #AAAAAA;\">\n<p class=\"MsoNormal\" align=\"center\" style=\"text-align:center;\">\n\t\t\t\t\t\t400 mm\n\t\t\t\t\t<\/p>\n<\/td>\n<td width=\"91\" style=\"border:1px dotted #AAAAAA;\">\n<p class=\"MsoNormal\" align=\"center\" style=\"text-align:center;\">\n\t\t\t\t\t\t400 mm\n\t\t\t\t\t<\/p>\n<\/td>\n<td width=\"112\" style=\"border:1px dotted #AAAAAA;\">\n<p class=\"MsoNormal\" align=\"center\" style=\"text-align:center;\">\n\t\t\t\t\t\t400 mm\n\t\t\t\t\t<\/p>\n<\/td>\n<\/tr>\n<tr>\n<td width=\"82\" style=\"border:1px dotted #AAAAAA;\">\n<p class=\"MsoNormal\" style=\"text-align:center;\">\n\t\t\t\t\t\t&nbsp;peso\n\t\t\t\t\t<\/p>\n<\/td>\n<td width=\"91\" style=\"border:1px dotted #AAAAAA;\">\n<p class=\"MsoNormal\" align=\"center\" style=\"text-align:center;\">\n\t\t\t\t\t\t33 kg\n\t\t\t\t\t<\/p>\n<\/td>\n<td width=\"91\" style=\"border:1px dotted #AAAAAA;\">\n<p class=\"MsoNormal\" align=\"center\" style=\"text-align:center;\">\n\t\t\t\t\t\t39 kg\n\t\t\t\t\t<\/p>\n<\/td>\n<td width=\"91\" style=\"border:1px dotted #AAAAAA;\">\n<p class=\"MsoNormal\" align=\"center\" style=\"text-align:center;\">\n\t\t\t\t\t\t50 kg\n\t\t\t\t\t<\/p>\n<\/td>\n<td width=\"112\" style=\"border:1px dotted #AAAAAA;\">\n<p class=\"MsoNormal\" align=\"center\" style=\"text-align:center;\">\n\t\t\t\t\t\t78 kg\n\t\t\t\t\t<\/p>\n<\/td>\n<\/tr>\n<\/tbody>\n<\/table>\n<\/div>\n<p>\n\t\n<\/p>\n<\/div>\n","protected":false},"excerpt":{"rendered":"<h3>Mesa de medi\u00e7\u00e3o e esquadro de folhas<\/h3>\n","protected":false},"featured_media":324,"template":"","meta":[],"product_brand":[],"product_cat":[30,22,27],"product_tag":[],"class_list":{"0":"post-294","1":"product","2":"type-product","3":"status-publish","4":"has-post-thumbnail","6":"product_cat-dimensoes","7":"product_cat-lata-lata-de-spray-de-tres-pecas-revestimento","8":"product_cat-linha-on-line-embalagem","10":"first","11":"instock","12":"shipping-taxable","13":"product-type-simple"},"aioseo_notices":[],"_links":{"self":[{"href":"https:\/\/www.canneed.com\/po\/wp-json\/wp\/v2\/product\/294","targetHints":{"allow":["GET"]}}],"collection":[{"href":"https:\/\/www.canneed.com\/po\/wp-json\/wp\/v2\/product"}],"about":[{"href":"https:\/\/www.canneed.com\/po\/wp-json\/wp\/v2\/types\/product"}],"wp:featuredmedia":[{"embeddable":true,"href":"https:\/\/www.canneed.com\/po\/wp-json\/wp\/v2\/media\/324"}],"wp:attachment":[{"href":"https:\/\/www.canneed.com\/po\/wp-json\/wp\/v2\/media?parent=294"}],"wp:term":[{"taxonomy":"product_brand","embeddable":true,"href":"https:\/\/www.canneed.com\/po\/wp-json\/wp\/v2\/product_brand?post=294"},{"taxonomy":"product_cat","embeddable":true,"href":"https:\/\/www.canneed.com\/po\/wp-json\/wp\/v2\/product_cat?post=294"},{"taxonomy":"product_tag","embeddable":true,"href":"https:\/\/www.canneed.com\/po\/wp-json\/wp\/v2\/product_tag?post=294"}],"curies":[{"name":"wp","href":"https:\/\/api.w.org\/{rel}","templated":true}]}}