{"id":293,"date":"2025-05-15T11:04:58","date_gmt":"2025-05-15T03:04:58","guid":{"rendered":"http:\/\/www.canneed.com\/po\/?post_type=product&#038;p=293"},"modified":"2025-05-15T11:05:04","modified_gmt":"2025-05-15T03:05:04","slug":"canneed-wwt-100","status":"publish","type":"product","link":"https:\/\/www.canneed.com\/po\/product\/canneed-wwt-100\/","title":{"rendered":"CanNeed-WWT-100"},"content":{"rendered":"<p>&nbsp;<\/p>\n<h3>Aplicativos<\/h3>\n<div class='prodocut_content'>O \u201cCanNeed-WWT-100 Welding line outstretched tester\u201d \u00e9 usado para testar a integralidade da soldagem do ponto de flange de latas de 3 pe\u00e7as.<\/p>\n<p>Como testar: Coloque um corpo de lata de amostra no plugue correspondente, manuseie a v\u00e1lvula de pist\u00e3o. E o cilindro aciona a placa para pressionar o corpo da lata. Pare quando o flange estiver enrolado em cerca de 10 mm. Em seguida, solte a v\u00e1lvula do pist\u00e3o e retire o corpo da lata para verificar se h\u00e1 alguma viola\u00e7\u00e3o. Anote o resultado.<\/div>\n","protected":false},"excerpt":{"rendered":"<h3>Testador de Expans\u00e3o da Junta Soldada<\/h3>\n","protected":false},"featured_media":323,"template":"","meta":[],"product_brand":[],"product_cat":[30,21,31],"product_tag":[],"class_list":{"0":"post-293","1":"product","2":"type-product","3":"status-publish","4":"has-post-thumbnail","6":"product_cat-dimensoes","7":"product_cat-laboratorio","8":"product_cat-tampa-de-metal-tampa-de-coroa-tampa-de-aba-tampa-de-rosca-tampa-de-abertura-de-garra","10":"first","11":"instock","12":"shipping-taxable","13":"product-type-simple"},"aioseo_notices":[],"_links":{"self":[{"href":"https:\/\/www.canneed.com\/po\/wp-json\/wp\/v2\/product\/293","targetHints":{"allow":["GET"]}}],"collection":[{"href":"https:\/\/www.canneed.com\/po\/wp-json\/wp\/v2\/product"}],"about":[{"href":"https:\/\/www.canneed.com\/po\/wp-json\/wp\/v2\/types\/product"}],"wp:featuredmedia":[{"embeddable":true,"href":"https:\/\/www.canneed.com\/po\/wp-json\/wp\/v2\/media\/323"}],"wp:attachment":[{"href":"https:\/\/www.canneed.com\/po\/wp-json\/wp\/v2\/media?parent=293"}],"wp:term":[{"taxonomy":"product_brand","embeddable":true,"href":"https:\/\/www.canneed.com\/po\/wp-json\/wp\/v2\/product_brand?post=293"},{"taxonomy":"product_cat","embeddable":true,"href":"https:\/\/www.canneed.com\/po\/wp-json\/wp\/v2\/product_cat?post=293"},{"taxonomy":"product_tag","embeddable":true,"href":"https:\/\/www.canneed.com\/po\/wp-json\/wp\/v2\/product_tag?post=293"}],"curies":[{"name":"wp","href":"https:\/\/api.w.org\/{rel}","templated":true}]}}