{"id":290,"date":"2025-05-15T11:04:58","date_gmt":"2025-05-15T03:04:58","guid":{"rendered":"http:\/\/www.canneed.com\/po\/?post_type=product&#038;p=290"},"modified":"2025-05-15T11:05:03","modified_gmt":"2025-05-15T03:05:03","slug":"canneed-clt-600","status":"publish","type":"product","link":"https:\/\/www.canneed.com\/po\/product\/canneed-clt-600\/","title":{"rendered":"CanNeed-CLT-600"},"content":{"rendered":"<p>&nbsp;<\/p>\n<h3>Aplicativos<\/h3>\n<div class='prodocut_content'>O testador de vazamento para latas CanNeed-CLT-600 \u00e9 usado para verificar o vazamento de latas de 3 pe\u00e7as XE \u201c3-piece can\u201d s em um banho de \u00e1gua. Ele pode testar seis latas em cada teste.&nbsp;<\/div>\n<p>&nbsp;<\/p>\n<h3>Vantagens<\/h3>\n<div class='prodocut_content'>Coloque a lata de amostra no cilindro e, em seguida, adicione uma certa press\u00e3o \u00e0 lata. Observe o corpo da lata para ver se h\u00e1 bolhas saindo. Se as bolhas sa\u00edrem constantemente do corpo da lata, isso significa que a lata de amostra est\u00e1 vazando. \u00c9 poss\u00edvel testar latas de diferentes di\u00e2metros e alturas sem alterar a bra\u00e7adeira.<\/p>\n<p>Os operadores podem agitar a alavanca de controle para fazer com que o dispositivo pneum\u00e1tico de subida e descida coloque a lata de amostra na \u00e1gua e a retire da \u00e1gua de forma r\u00e1pida e autom\u00e1tica.<\/p>\n<p>Quando est\u00e1 sob pressuriza\u00e7\u00e3o, os operadores podem controlar a lata de amostra em 360 graus para observar a parte superior e inferior da lata, o corpo da lata e a linha de solda.&nbsp;<\/div>\n","protected":false},"excerpt":{"rendered":"<h3>Testador de vazamento para latas<\/h3>\n","protected":false},"featured_media":320,"template":"","meta":[],"product_brand":[],"product_cat":[58,21,22],"product_tag":[],"class_list":{"0":"post-290","1":"product","2":"type-product","3":"status-publish","4":"has-post-thumbnail","6":"product_cat-forca-de-tracao-rolamento-de-pressao-carga-vertical-resistencia-ao-impacto","7":"product_cat-laboratorio","8":"product_cat-lata-lata-de-spray-de-tres-pecas-revestimento","10":"first","11":"instock","12":"shipping-taxable","13":"product-type-simple"},"aioseo_notices":[],"_links":{"self":[{"href":"https:\/\/www.canneed.com\/po\/wp-json\/wp\/v2\/product\/290","targetHints":{"allow":["GET"]}}],"collection":[{"href":"https:\/\/www.canneed.com\/po\/wp-json\/wp\/v2\/product"}],"about":[{"href":"https:\/\/www.canneed.com\/po\/wp-json\/wp\/v2\/types\/product"}],"wp:featuredmedia":[{"embeddable":true,"href":"https:\/\/www.canneed.com\/po\/wp-json\/wp\/v2\/media\/320"}],"wp:attachment":[{"href":"https:\/\/www.canneed.com\/po\/wp-json\/wp\/v2\/media?parent=290"}],"wp:term":[{"taxonomy":"product_brand","embeddable":true,"href":"https:\/\/www.canneed.com\/po\/wp-json\/wp\/v2\/product_brand?post=290"},{"taxonomy":"product_cat","embeddable":true,"href":"https:\/\/www.canneed.com\/po\/wp-json\/wp\/v2\/product_cat?post=290"},{"taxonomy":"product_tag","embeddable":true,"href":"https:\/\/www.canneed.com\/po\/wp-json\/wp\/v2\/product_tag?post=290"}],"curies":[{"name":"wp","href":"https:\/\/api.w.org\/{rel}","templated":true}]}}