{"id":289,"date":"2025-05-15T11:04:57","date_gmt":"2025-05-15T03:04:57","guid":{"rendered":"http:\/\/www.canneed.com\/po\/?post_type=product&#038;p=289"},"modified":"2025-05-15T11:05:02","modified_gmt":"2025-05-15T03:05:02","slug":"canneed-clt-100","status":"publish","type":"product","link":"https:\/\/www.canneed.com\/po\/product\/canneed-clt-100\/","title":{"rendered":"CanNeed-CLT-100"},"content":{"rendered":"<p>&nbsp;<\/p>\n<h3>Aplicativos<\/h3>\n<div class='prodocut_content'>O \u201cCanNeed-CLT-100 Leak Tester para latas\u201d \u00e9 utilizado para verificar o vazamento de latas de 3 pe\u00e7as quando imersas num banho de \u00e1gua. O teste \u00e9 realizado&nbsp; uma lata por vez, de forma semi-autom\u00e1tica.<br \/>\nO CanNeed-CLT-100 \u00e9 adequado para diferentes tamanhos de latas redondas de 3 pe\u00e7as.<br \/>\nM\u00e9todo do teste: Colocar a lata de amostra no prato, a lata ser\u00e1 fixada pela placa de disco magn\u00e9tico, fechar a lata para selar o topo, depois submergir a lata em \u00e1gua e aplicar press\u00e3o na lata.<br \/>\nObservar o corpo da lata para ver se h\u00e1 bolhas saindo. Se as bolhas saem do corpo da lata constantemente, isso significa que a amostra (lata) esta com vazamento. Durante o teste, o operador pode virar a amostra para observar facilmente o topo da lata, o fundo da lata, o corpo da lata e a linha de solda.<\/div>\n<p>&nbsp;<\/p>\n<h3>Vantagens<\/h3>\n<div class='prodocut_content'>1) Fixa\u00e7\u00e3o independente do di\u00e2metro da lata<br \/>\n2) Opera\u00e7\u00e3o simples<br \/>\n3) Costuras laterais e finais vis\u00edveis<\/div>\n","protected":false},"excerpt":{"rendered":"<h3>Teste de vazamento em latas<\/h3>\n","protected":false},"featured_media":319,"template":"","meta":[],"product_brand":[],"product_cat":[65,21,22],"product_tag":[],"class_list":{"0":"post-289","1":"product","2":"type-product","3":"status-publish","4":"has-post-thumbnail","6":"product_cat-estanqueidade-vazamento","7":"product_cat-laboratorio","8":"product_cat-lata-lata-de-spray-de-tres-pecas-revestimento","10":"first","11":"instock","12":"shipping-taxable","13":"product-type-simple"},"aioseo_notices":[],"_links":{"self":[{"href":"https:\/\/www.canneed.com\/po\/wp-json\/wp\/v2\/product\/289","targetHints":{"allow":["GET"]}}],"collection":[{"href":"https:\/\/www.canneed.com\/po\/wp-json\/wp\/v2\/product"}],"about":[{"href":"https:\/\/www.canneed.com\/po\/wp-json\/wp\/v2\/types\/product"}],"wp:featuredmedia":[{"embeddable":true,"href":"https:\/\/www.canneed.com\/po\/wp-json\/wp\/v2\/media\/319"}],"wp:attachment":[{"href":"https:\/\/www.canneed.com\/po\/wp-json\/wp\/v2\/media?parent=289"}],"wp:term":[{"taxonomy":"product_brand","embeddable":true,"href":"https:\/\/www.canneed.com\/po\/wp-json\/wp\/v2\/product_brand?post=289"},{"taxonomy":"product_cat","embeddable":true,"href":"https:\/\/www.canneed.com\/po\/wp-json\/wp\/v2\/product_cat?post=289"},{"taxonomy":"product_tag","embeddable":true,"href":"https:\/\/www.canneed.com\/po\/wp-json\/wp\/v2\/product_tag?post=289"}],"curies":[{"name":"wp","href":"https:\/\/api.w.org\/{rel}","templated":true}]}}