{"id":26,"date":"2025-05-15T11:04:06","date_gmt":"2025-05-15T03:04:06","guid":{"rendered":"http:\/\/www.canneed.com\/po\/?post_type=product&#038;p=26"},"modified":"2025-05-15T11:04:12","modified_gmt":"2025-05-15T03:04:12","slug":"canneed-rpg-100","status":"publish","type":"product","link":"https:\/\/www.canneed.com\/po\/product\/canneed-rpg-100\/","title":{"rendered":"CanNeed-RPG-100"},"content":{"rendered":"<p>&nbsp;<\/p>\n<h3>Aplicativos<\/h3>\n<div class='prodocut_content'>O CanNeed-RPG-100 \u00e9 capaz de digitalizar perfis de rolos e mandris de costura (ou outras ferramentas &#8211; incluindo ferramentas de carboneto e cer\u00e2mica) de forma f\u00e1cil e r\u00e1pida. O sistema pode ser utilizado para testes de aceita\u00e7\u00e3o de novos rolos ou mandris de costura, para efeitos de garantia de qualidade e para an\u00e1lise de tens\u00f5es. Monitorizar o desgaste das ferramentas para substituir os rolos e os mandris apenas quando for necess\u00e1rio.<\/div>\n<p>&nbsp;<\/p>\n<h3>Vantagens<\/h3>\n<div class='prodocut_content'>\n<ol>\n<li>\n\t\tInvers\u00e3o do projeto de ferramentas de engenharia\n\t<\/li>\n<li>\n\t\tCompara\u00e7\u00e3o de projectos de diferentes fabricantes\n\t<\/li>\n<li>\n\t\tLocaliza\u00e7\u00e3o de desenhos duplicados de rolos e mandris &#8211; redu\u00e7\u00e3o do invent\u00e1rio\n\t<\/li>\n<li>\n\t\tCataloga\u00e7\u00e3o de rolos e mandris\n\t<\/li>\n<li>\n\t\tTestes de aceita\u00e7\u00e3o de rolos e mandris &#8211; evitando erros na produ\u00e7\u00e3o!\n\t<\/li>\n<li>\n\t\tMonitoriza\u00e7\u00e3o do desgaste das ferramentas para substituir os rolos e os mandris apenas quando for necess\u00e1rio\n\t<\/li>\n<li>\n\t\tIsolamento de maus projectos de perfis\n\t<\/li>\n<li>\n\t\tCompara\u00e7\u00e3o do projeto com o fabrico\n\t<\/li>\n<\/ol>\n<\/div>\n","protected":false},"excerpt":{"rendered":"<h3>Medidor de perfil para rolo e mandril<\/h3>\n","protected":false},"featured_media":56,"template":"","meta":[],"product_brand":[],"product_cat":[19,17,27],"product_tag":[],"class_list":{"0":"post-26","1":"product","2":"type-product","3":"status-publish","4":"has-post-thumbnail","6":"product_cat-bainha-dupla","7":"product_cat-cerveja-enlatada-bebidas-enlatadas-alimentos-enlatados","8":"product_cat-linha-on-line-embalagem","10":"first","11":"instock","12":"shipping-taxable","13":"product-type-simple"},"aioseo_notices":[],"_links":{"self":[{"href":"https:\/\/www.canneed.com\/po\/wp-json\/wp\/v2\/product\/26","targetHints":{"allow":["GET"]}}],"collection":[{"href":"https:\/\/www.canneed.com\/po\/wp-json\/wp\/v2\/product"}],"about":[{"href":"https:\/\/www.canneed.com\/po\/wp-json\/wp\/v2\/types\/product"}],"wp:featuredmedia":[{"embeddable":true,"href":"https:\/\/www.canneed.com\/po\/wp-json\/wp\/v2\/media\/56"}],"wp:attachment":[{"href":"https:\/\/www.canneed.com\/po\/wp-json\/wp\/v2\/media?parent=26"}],"wp:term":[{"taxonomy":"product_brand","embeddable":true,"href":"https:\/\/www.canneed.com\/po\/wp-json\/wp\/v2\/product_brand?post=26"},{"taxonomy":"product_cat","embeddable":true,"href":"https:\/\/www.canneed.com\/po\/wp-json\/wp\/v2\/product_cat?post=26"},{"taxonomy":"product_tag","embeddable":true,"href":"https:\/\/www.canneed.com\/po\/wp-json\/wp\/v2\/product_tag?post=26"}],"curies":[{"name":"wp","href":"https:\/\/api.w.org\/{rel}","templated":true}]}}