{"id":247,"date":"2025-05-15T11:04:46","date_gmt":"2025-05-15T03:04:46","guid":{"rendered":"http:\/\/www.canneed.com\/po\/?post_type=product&#038;p=247"},"modified":"2025-05-15T11:04:56","modified_gmt":"2025-05-15T03:04:56","slug":"canneed-cbt-400","status":"publish","type":"product","link":"https:\/\/www.canneed.com\/po\/product\/canneed-cbt-400\/","title":{"rendered":"CanNeed-CBT-400"},"content":{"rendered":"<p>&nbsp;<\/p>\n<h3>Aplicativos<\/h3>\n<div class='prodocut_content'>N\u00e3o \u00e9 necess\u00e1rio substituir a pin\u00e7a quando se medem latas com gargalo e latas com paredes rectas. O CanNeed-CBT-400 pode medir latas com diferentes di\u00e2metros e alturas.<\/p>\n<p>Coloque as latas de amostra diretamente na esta\u00e7\u00e3o de medi\u00e7\u00e3o. N\u00e3o \u00e9 necess\u00e1rio pressionar as latas. O cilindro e o dispositivo de selagem autom\u00e1tica prendem e selam automaticamente as latas. Quando os operadores pressionam \u201cTEST\u201d, ele ir\u00e1 recolher os valores de fivela das latas.<\/div>\n<p>&nbsp;<\/p>\n<h3>Vantagens<\/h3>\n<div class='prodocut_content'>\n<ul>\n<li>\n\t\tCom fun\u00e7\u00e3o de medi\u00e7\u00e3o do crescimento da c\u00fapula. O tempo de reten\u00e7\u00e3o da press\u00e3o pode ser definido, para medir o crescimento da c\u00fapula.\n\t<\/li>\n<li>\n\t\tF\u00e1cil de colocar e retirar as amostras, sem necessidade de pressionar e puxar para fora!\n\t<\/li>\n<li>\n\t\tN\u00e3o h\u00e1 necessidade de substituir a bra\u00e7adeira ao medir latas com gargalo e latas de parede reta.\n\t<\/li>\n<li>\n\t\tSa\u00edda de dados RS232Cdata, capaz de transferir os dados para o sistema SPC\n\t<\/li>\n<li>\n\t\tSistema controlado por PLC com ecr\u00e3 t\u00e1til, dados recolhidos automaticamente.\n\t<\/li>\n<li>\n\t\tA velocidade de press\u00e3o \u00e9 ajust\u00e1vel e a curva de press\u00e3o pode ser definida\n\t<\/li>\n<li>\n\t\t\u201cV\u00e1lvula de refor\u00e7o pneum\u00e1tico\u201d incorporada, capaz de aumentar o fornecimento pneum\u00e1tico para 1 a 2 vezes a press\u00e3o de entrada.\n\t<\/li>\n<li>\n\t\tAlta precis\u00e3o\n\t<\/li>\n<li>\n\t\tCom porta de calibra\u00e7\u00e3o, conveniente para calibrar\n\t<\/li>\n<li>\n\t\tQuando v\u00e1rias amostras terminam a medi\u00e7\u00e3o, os operadores podem consultar cada resultado de medi\u00e7\u00e3o.&nbsp; Os valores de medi\u00e7\u00e3o m\u00e1ximos e m\u00ednimos e os valores m\u00e9dios podem ser calculados automaticamente.\n\t<\/li>\n<li>\n\t\tDesign de seguran\u00e7a m\u00faltipla\n\t<\/li>\n<li>\n\t\tProte\u00e7\u00e3o contra sobrecarga mec\u00e2nica\n\t<\/li>\n<\/ul>\n<\/div>\n","protected":false},"excerpt":{"rendered":"<h3>Verificador de fivela para fundo de lata<\/h3>\n","protected":false},"featured_media":282,"template":"","meta":[],"product_brand":[],"product_cat":[17,21,57],"product_tag":[],"class_list":{"0":"post-247","1":"product","2":"type-product","3":"status-publish","4":"has-post-thumbnail","6":"product_cat-cerveja-enlatada-bebidas-enlatadas-alimentos-enlatados","7":"product_cat-laboratorio","8":"product_cat-pressao-resistencia-a-pressao","10":"first","11":"instock","12":"shipping-taxable","13":"product-type-simple"},"aioseo_notices":[],"_links":{"self":[{"href":"https:\/\/www.canneed.com\/po\/wp-json\/wp\/v2\/product\/247","targetHints":{"allow":["GET"]}}],"collection":[{"href":"https:\/\/www.canneed.com\/po\/wp-json\/wp\/v2\/product"}],"about":[{"href":"https:\/\/www.canneed.com\/po\/wp-json\/wp\/v2\/types\/product"}],"wp:featuredmedia":[{"embeddable":true,"href":"https:\/\/www.canneed.com\/po\/wp-json\/wp\/v2\/media\/282"}],"wp:attachment":[{"href":"https:\/\/www.canneed.com\/po\/wp-json\/wp\/v2\/media?parent=247"}],"wp:term":[{"taxonomy":"product_brand","embeddable":true,"href":"https:\/\/www.canneed.com\/po\/wp-json\/wp\/v2\/product_brand?post=247"},{"taxonomy":"product_cat","embeddable":true,"href":"https:\/\/www.canneed.com\/po\/wp-json\/wp\/v2\/product_cat?post=247"},{"taxonomy":"product_tag","embeddable":true,"href":"https:\/\/www.canneed.com\/po\/wp-json\/wp\/v2\/product_tag?post=247"}],"curies":[{"name":"wp","href":"https:\/\/api.w.org\/{rel}","templated":true}]}}