{"id":240,"date":"2025-05-15T11:04:45","date_gmt":"2025-05-15T03:04:45","guid":{"rendered":"http:\/\/www.canneed.com\/po\/?post_type=product&#038;p=240"},"modified":"2025-05-15T11:04:53","modified_gmt":"2025-05-15T03:04:53","slug":"canneed-ptt-400","status":"publish","type":"product","link":"https:\/\/www.canneed.com\/po\/product\/canneed-ptt-400\/","title":{"rendered":"CanNeed-PTT-400"},"content":{"rendered":"<p>&nbsp;<\/p>\n<h3>Aplicativos<\/h3>\n<div class='prodocut_content'>CanNeed-PTT-400 testador da for\u00e7a de abertura da tampa de abertura f\u00e1cil, testador da for\u00e7a de abertura total, utilizado para detetar a for\u00e7a de tra\u00e7\u00e3o do anel de abertura f\u00e1cil da tampa.<\/p>\n<p>Adequado para medir uma vasta gama de fechos de latas, 5 modos de medi\u00e7\u00e3o: Ring Pull (RP), Stay-On-Tab (SOT), Full-Open (EO), Oval (OVAL), Whisker Scored (SNAP).<\/p>\n<p>Medi\u00e7\u00e3o de 7 tipos de tampas: tampas com anel de tra\u00e7\u00e3o (RP), tampas com lingueta (SOT), tampas totalmente abertas (EO), tampas quadradas (FSE), tampas ovais (OVAL), tampas com pontua\u00e7\u00e3o de bigodes (SNAP), tampas ALUFIX.<\/p>\n<p>O operador engancha simplesmente o anel de tra\u00e7\u00e3o e prime o bot\u00e3o de inspe\u00e7\u00e3o. O microprocessador determina e apresenta automaticamente a for\u00e7a de rutura m\u00e1xima e a for\u00e7a de abertura total durante o teste. O software opcional de an\u00e1lise CND_Track est\u00e1 dispon\u00edvel para analisar a curva de for\u00e7a de todo o processo de teste.<\/p>\n<p>Equipado com dispositivos de diferentes di\u00e2metros para testar diferentes di\u00e2metros de tampas.<\/div>\n<p>&nbsp;<\/p>\n<h3>Vantagens<\/h3>\n<div class='prodocut_content'>\n<ul>\n<li>\n\t\tPadr\u00e3o da ind\u00fastria\n\t<\/li>\n<li>\n\t\tOpcional para o software de an\u00e1lise CND_Track.\n\t<\/li>\n<li>\n\t\tOpera\u00e7\u00e3o simples\n\t<\/li>\n<li>\n\t\tCapacidade de comunica\u00e7\u00e3o RS-232, pode exportar dados para o SPC.\n\t<\/li>\n<li>\n\t\tSistema de controle de tela de toque \u25cfPLC, coleta autom\u00e1tica de dados.\n\t<\/li>\n<li>\n\t\tAlta precis\u00e3o\n\t<\/li>\n<li>\n\t\tFun\u00e7\u00e3o de calibra\u00e7\u00e3o, conveni\u00eancia para calibra\u00e7\u00e3o.\n\t<\/li>\n<li>\n\t\tN\u00e3o precisa da fonte de ar\n\t<\/li>\n<\/ul>\n<\/div>\n","protected":false},"excerpt":{"rendered":"<h3>For\u00e7a de abertura da tampa da lata etestador de for\u00e7a de abertura total<\/h3>\n","protected":false},"featured_media":275,"template":"","meta":[],"product_brand":[],"product_cat":[17,32,58,21,23],"product_tag":[],"class_list":{"0":"post-240","1":"product","2":"type-product","3":"status-publish","4":"has-post-thumbnail","6":"product_cat-cerveja-enlatada-bebidas-enlatadas-alimentos-enlatados","7":"product_cat-cosmeticos-produtos-farmaceuticos-alimentos-ensacados","8":"product_cat-forca-de-tracao-rolamento-de-pressao-carga-vertical-resistencia-ao-impacto","9":"product_cat-laboratorio","10":"product_cat-lata-garrafa-de-aluminio-de-duas-pecas","12":"first","13":"instock","14":"shipping-taxable","15":"product-type-simple"},"aioseo_notices":[],"_links":{"self":[{"href":"https:\/\/www.canneed.com\/po\/wp-json\/wp\/v2\/product\/240","targetHints":{"allow":["GET"]}}],"collection":[{"href":"https:\/\/www.canneed.com\/po\/wp-json\/wp\/v2\/product"}],"about":[{"href":"https:\/\/www.canneed.com\/po\/wp-json\/wp\/v2\/types\/product"}],"wp:featuredmedia":[{"embeddable":true,"href":"https:\/\/www.canneed.com\/po\/wp-json\/wp\/v2\/media\/275"}],"wp:attachment":[{"href":"https:\/\/www.canneed.com\/po\/wp-json\/wp\/v2\/media?parent=240"}],"wp:term":[{"taxonomy":"product_brand","embeddable":true,"href":"https:\/\/www.canneed.com\/po\/wp-json\/wp\/v2\/product_brand?post=240"},{"taxonomy":"product_cat","embeddable":true,"href":"https:\/\/www.canneed.com\/po\/wp-json\/wp\/v2\/product_cat?post=240"},{"taxonomy":"product_tag","embeddable":true,"href":"https:\/\/www.canneed.com\/po\/wp-json\/wp\/v2\/product_tag?post=240"}],"curies":[{"name":"wp","href":"https:\/\/api.w.org\/{rel}","templated":true}]}}