{"id":238,"date":"2025-05-15T11:04:45","date_gmt":"2025-05-15T03:04:45","guid":{"rendered":"http:\/\/www.canneed.com\/po\/?post_type=product&#038;p=238"},"modified":"2025-05-15T11:04:52","modified_gmt":"2025-05-15T03:04:52","slug":"canneed-laserscore-200","status":"publish","type":"product","link":"https:\/\/www.canneed.com\/po\/product\/canneed-laserscore-200\/","title":{"rendered":"CanNeed-LaserScore-200"},"content":{"rendered":"<p>&nbsp;<\/p>\n<h3>Aplicativos<\/h3>\n<div class='prodocut_content'>Com base na tecnologia a laser e na an\u00e1lise de software, o \u201cCanNeed-Laserscore-200 Score Residue Measure System\u201d \u00e9 um sistema n\u00e3o destrutivo para medir a pontua\u00e7\u00e3o residual em extremidades. Ele combina facilidade de uso e confiabilidade com excelente repetibilidade e precis\u00e3o. A pin\u00e7a de extremidade \u00e9 equipada com uma plataforma de trabalho de guia linear bidimensional rotativa de 360\u00b0. Ele combina com as extremidades, sendo conveniente para posicionar e medir.&nbsp;<\/p>\n<p>Princ\u00edpio de medi\u00e7\u00e3o: A posi\u00e7\u00e3o da luz refletida no sensor muda de acordo com a mudan\u00e7a da<br \/>\n\u201ca profundidade da marca\u00e7\u00e3o\u201d. Por meio da inspe\u00e7\u00e3o dessa mudan\u00e7a de posi\u00e7\u00e3o, \u00e9 poss\u00edvel medir a profundidade da marca\u00e7\u00e3o das extremidades. O sistema CanNeed-LaserScore-200 usa dois sensores a laser, que s\u00e3o instalados na parte superior e inferior da extremidade da lata &#8211; o feixe de laser \u00e9 refletido para os sensores dependendo da profundidade da superf\u00edcie. A profundidade da pontua\u00e7\u00e3o e o res\u00edduo s\u00e3o calculados com base na tabela de calibra\u00e7\u00e3o e na medi\u00e7\u00e3o efetivamente realizada.<\/p>\n<p>Leva cerca de 5 segundos para fazer uma medi\u00e7\u00e3o. \u00c9 simples operar o software de medi\u00e7\u00e3o a laser!<\/div>\n<p>&nbsp;<\/p>\n<h3>Vantagens<\/h3>\n<div class='prodocut_content'>\n<ol>\n<li>\n\t\tAlta precis\u00e3o, a precis\u00e3o chega a 1\u03bcm e a resolu\u00e7\u00e3o a 0,01\u03bcm\n\t<\/li>\n<li>\n\t\tA se\u00e7\u00e3o transversal da pontua\u00e7\u00e3o final ser\u00e1 claramente exibida no monitor\n\t<\/li>\n<li>\n\t\tA superf\u00edcie da pontua\u00e7\u00e3o final ser\u00e1 exibida no monitor.\n\t<\/li>\n<li>\n\t\tA tecnologia de precis\u00e3o a laser evita erros humanos\n\t<\/li>\n<li>\n\t\tF\u00e1cil de trocar as amostras, leva apenas cerca de 2 segundos\n\t<\/li>\n<li>\n\t\tUma medi\u00e7\u00e3o leva apenas cerca de 5 segundos\n\t<\/li>\n<\/ol>\n<\/div>\n","protected":false},"excerpt":{"rendered":"<h3>Sistema de medi\u00e7\u00e3o de res\u00edduos de pontua\u00e7\u00e3o<\/h3>\n","protected":false},"featured_media":269,"template":"","meta":[],"product_brand":[],"product_cat":[17,32,58,21,31],"product_tag":[],"class_list":{"0":"post-238","1":"product","2":"type-product","3":"status-publish","4":"has-post-thumbnail","6":"product_cat-cerveja-enlatada-bebidas-enlatadas-alimentos-enlatados","7":"product_cat-cosmeticos-produtos-farmaceuticos-alimentos-ensacados","8":"product_cat-forca-de-tracao-rolamento-de-pressao-carga-vertical-resistencia-ao-impacto","9":"product_cat-laboratorio","10":"product_cat-tampa-de-metal-tampa-de-coroa-tampa-de-aba-tampa-de-rosca-tampa-de-abertura-de-garra","12":"first","13":"instock","14":"shipping-taxable","15":"product-type-simple"},"aioseo_notices":[],"_links":{"self":[{"href":"https:\/\/www.canneed.com\/po\/wp-json\/wp\/v2\/product\/238","targetHints":{"allow":["GET"]}}],"collection":[{"href":"https:\/\/www.canneed.com\/po\/wp-json\/wp\/v2\/product"}],"about":[{"href":"https:\/\/www.canneed.com\/po\/wp-json\/wp\/v2\/types\/product"}],"wp:featuredmedia":[{"embeddable":true,"href":"https:\/\/www.canneed.com\/po\/wp-json\/wp\/v2\/media\/269"}],"wp:attachment":[{"href":"https:\/\/www.canneed.com\/po\/wp-json\/wp\/v2\/media?parent=238"}],"wp:term":[{"taxonomy":"product_brand","embeddable":true,"href":"https:\/\/www.canneed.com\/po\/wp-json\/wp\/v2\/product_brand?post=238"},{"taxonomy":"product_cat","embeddable":true,"href":"https:\/\/www.canneed.com\/po\/wp-json\/wp\/v2\/product_cat?post=238"},{"taxonomy":"product_tag","embeddable":true,"href":"https:\/\/www.canneed.com\/po\/wp-json\/wp\/v2\/product_tag?post=238"}],"curies":[{"name":"wp","href":"https:\/\/api.w.org\/{rel}","templated":true}]}}