{"id":235,"date":"2025-05-15T11:04:45","date_gmt":"2025-05-15T03:04:45","guid":{"rendered":"http:\/\/www.canneed.com\/po\/?post_type=product&#038;p=235"},"modified":"2025-05-15T11:04:51","modified_gmt":"2025-05-15T03:04:51","slug":"canneed-ptg-100","status":"publish","type":"product","link":"https:\/\/www.canneed.com\/po\/product\/canneed-ptg-100\/","title":{"rendered":"CanNeed-PTG-100"},"content":{"rendered":"<p>&nbsp;<\/p>\n<h3>Aplicativos<\/h3>\n<div class='prodocut_content'>Essa unidade serve para verificar rapidamente a espessura das placas. Nessa vers\u00e3o, a amostra \u00e9 apresentada verticalmente. Equipado com o indicador digital Mitutoyo de resolu\u00e7\u00e3o 0,001 mm.<br \/>\nSe adquiridos o adaptador e o cabo, o medidor pode ser conectado a um computador ou sistema SPC para coleta de dados.<\/div>\n","protected":false},"excerpt":{"rendered":"<h3>Medidor digital de espessura de placa<\/h3>\n","protected":false},"featured_media":266,"template":"","meta":[],"product_brand":[],"product_cat":[17,65,21,31],"product_tag":[],"class_list":{"0":"post-235","1":"product","2":"type-product","3":"status-publish","4":"has-post-thumbnail","6":"product_cat-cerveja-enlatada-bebidas-enlatadas-alimentos-enlatados","7":"product_cat-estanqueidade-vazamento","8":"product_cat-laboratorio","9":"product_cat-tampa-de-metal-tampa-de-coroa-tampa-de-aba-tampa-de-rosca-tampa-de-abertura-de-garra","11":"first","12":"instock","13":"shipping-taxable","14":"product-type-simple"},"aioseo_notices":[],"_links":{"self":[{"href":"https:\/\/www.canneed.com\/po\/wp-json\/wp\/v2\/product\/235","targetHints":{"allow":["GET"]}}],"collection":[{"href":"https:\/\/www.canneed.com\/po\/wp-json\/wp\/v2\/product"}],"about":[{"href":"https:\/\/www.canneed.com\/po\/wp-json\/wp\/v2\/types\/product"}],"wp:featuredmedia":[{"embeddable":true,"href":"https:\/\/www.canneed.com\/po\/wp-json\/wp\/v2\/media\/266"}],"wp:attachment":[{"href":"https:\/\/www.canneed.com\/po\/wp-json\/wp\/v2\/media?parent=235"}],"wp:term":[{"taxonomy":"product_brand","embeddable":true,"href":"https:\/\/www.canneed.com\/po\/wp-json\/wp\/v2\/product_brand?post=235"},{"taxonomy":"product_cat","embeddable":true,"href":"https:\/\/www.canneed.com\/po\/wp-json\/wp\/v2\/product_cat?post=235"},{"taxonomy":"product_tag","embeddable":true,"href":"https:\/\/www.canneed.com\/po\/wp-json\/wp\/v2\/product_tag?post=235"}],"curies":[{"name":"wp","href":"https:\/\/api.w.org\/{rel}","templated":true}]}}