{"id":231,"date":"2025-05-15T11:04:44","date_gmt":"2025-05-15T03:04:44","guid":{"rendered":"http:\/\/www.canneed.com\/po\/?post_type=product&#038;p=231"},"modified":"2025-05-15T11:04:50","modified_gmt":"2025-05-15T03:04:50","slug":"canneed-sst-2","status":"publish","type":"product","link":"https:\/\/www.canneed.com\/po\/product\/canneed-sst-2\/","title":{"rendered":"CanNeed-SST-2"},"content":{"rendered":"<p>&nbsp;<\/p>\n<h3>Aplicativos<\/h3>\n<div class='prodocut_content'>O testador de veda\u00e7\u00e3o segura CanNeed-CND-SST-2 \u00e9 utilizado para testar a integridade da veda\u00e7\u00e3o em recipientes e latas de vidro ou pl\u00e1stico. O CND-SST-2 foi concebido para responder \u00e0s necessidades especiais de selagem de latas e garrafas que utilizam tampas de alum\u00ednio roll-on, coroas de tor\u00e7\u00e3o ou tampas de pl\u00e1stico. O CND-SST-3 funciona com ar comprimido, nitrog\u00e9nio ou di\u00f3xido de carbono. Ao detetar fugas de g\u00e1s, em vez de l\u00edquido, o Secure Seal Tester fornece leituras mais sens\u00edveis e precisas.<\/div>\n<p>&nbsp;<\/p>\n<h3>Vantagens<\/h3>\n<div class='prodocut_content'>1) Adopta ar comprimido ou CO2 para pressurizar.<br \/>\n2) Mede com o m\u00e9todo de press\u00e3o positiva, evitando a defici\u00eancia quando a press\u00e3o de medi\u00e7\u00e3o \u00e9 inferior a 1 bar com o m\u00e9todo de press\u00e3o negativa.<br \/>\n3) Gama de press\u00e3o de medi\u00e7\u00e3o: 0-16bar (1.6Mpa)<br \/>\n4) Fabricado em alum\u00ednio anodizado, a\u00e7o inoxid\u00e1vel e materiais pl\u00e1sticos, s\u00f3lido e dur\u00e1vel.<br \/>\n5) Equipado com uma v\u00e1lvula redutora de press\u00e3o no interior da m\u00e1quina, permite definir facilmente a press\u00e3o m\u00e1xima de ensaio.<br \/>\n6) Algumas destas carater\u00edsticas de seguran\u00e7a s\u00e3o a v\u00e1lvula de seguran\u00e7a em s\u00e9rie, a disposi\u00e7\u00e3o dos orif\u00edcios de alinhamento na tampa e a carater\u00edstica de ventila\u00e7\u00e3o r\u00e1pida. Outras incluem o fecho seguro da tampa, a v\u00e1lvula de al\u00edvio do regulador e o conceito de que o recipiente de teste est\u00e1 submerso em \u00e1gua rodeado por um tanque de forma cil\u00edndrica.<br \/>\n7) Controlo preciso do fluxo, velocidade de subida ajust\u00e1vel. Intervalo de ajuste: o tempo de pressuriza\u00e7\u00e3o para 1Mpa pode ser ajustado para qualquer momento no intervalo de 5-60 segundos.<br \/>\n8) Alta sensibilidade e alta precis\u00e3o.<\/div>\n","protected":false},"excerpt":{"rendered":"<h3>Testador de veda\u00e7\u00e3o seguro<\/h3>\n","protected":false},"featured_media":262,"template":"","meta":[],"product_brand":[],"product_cat":[33,26,27,53],"product_tag":[],"class_list":{"0":"post-231","1":"product","2":"type-product","3":"status-publish","4":"has-post-thumbnail","6":"product_cat-bebidas-engarrafadas-pet-garrafas-pet-pre-formas-tampas-plasticas","7":"product_cat-garrafas-de-vidro-cerveja-engarrafada-vinho-uisque","8":"product_cat-linha-on-line-embalagem","9":"product_cat-peso-conteudo-liquido","11":"first","12":"instock","13":"shipping-taxable","14":"product-type-simple"},"aioseo_notices":[],"_links":{"self":[{"href":"https:\/\/www.canneed.com\/po\/wp-json\/wp\/v2\/product\/231","targetHints":{"allow":["GET"]}}],"collection":[{"href":"https:\/\/www.canneed.com\/po\/wp-json\/wp\/v2\/product"}],"about":[{"href":"https:\/\/www.canneed.com\/po\/wp-json\/wp\/v2\/types\/product"}],"wp:featuredmedia":[{"embeddable":true,"href":"https:\/\/www.canneed.com\/po\/wp-json\/wp\/v2\/media\/262"}],"wp:attachment":[{"href":"https:\/\/www.canneed.com\/po\/wp-json\/wp\/v2\/media?parent=231"}],"wp:term":[{"taxonomy":"product_brand","embeddable":true,"href":"https:\/\/www.canneed.com\/po\/wp-json\/wp\/v2\/product_brand?post=231"},{"taxonomy":"product_cat","embeddable":true,"href":"https:\/\/www.canneed.com\/po\/wp-json\/wp\/v2\/product_cat?post=231"},{"taxonomy":"product_tag","embeddable":true,"href":"https:\/\/www.canneed.com\/po\/wp-json\/wp\/v2\/product_tag?post=231"}],"curies":[{"name":"wp","href":"https:\/\/api.w.org\/{rel}","templated":true}]}}