{"id":229,"date":"2025-05-15T11:04:44","date_gmt":"2025-05-15T03:04:44","guid":{"rendered":"http:\/\/www.canneed.com\/po\/?post_type=product&#038;p=229"},"modified":"2025-05-15T11:04:49","modified_gmt":"2025-05-15T03:04:49","slug":"canneed-mbt-201","status":"publish","type":"product","link":"https:\/\/www.canneed.com\/po\/product\/canneed-mbt-201\/","title":{"rendered":"CanNeed-MBT-201"},"content":{"rendered":"<p>&nbsp;<\/p>\n<h3>Aplicativos<\/h3>\n<div class='prodocut_content'>O Medidor de Espessura de Efeito Hall CanNeed-MBT 201 (Medidor de Espessura de Parede de Garrafa) \u00e9 um medidor compacto e leve para medir materiais n\u00e3o ferrosos, como pl\u00e1sticos, vidro, compostos, alum\u00ednio e tit\u00e2nio. A precis\u00e3o da medi\u00e7\u00e3o \u00e9 independente da forma do material.<br \/>\nO CanNeed-MBT 201 \u00e9 baseado na teoria do efeito Hall. Para medir a espessura, uma pequena esfera de a\u00e7o \u00e9 colocada em um lado do material de teste e a sonda \u00e9 colocada no outro lado. O sensor de efeito Hall da sonda mede a dist\u00e2ncia entre a ponta da sonda e a esfera de a\u00e7o, exibindo instantaneamente a leitura da espessura.<\/div>\n<p>&nbsp;<\/p>\n<h3>Vantagens<\/h3>\n<div class='prodocut_content'>\n<ol>\n<li>\n\t\tUsa m\u00e9todos de medi\u00e7\u00e3o n\u00e3o destrutivos para medir rapidamente v\u00e1rias posi\u00e7\u00f5es de objetos com formas complexas e tamanhos diferentes, at\u00e9 mesmo cantos mortos, ranhuras e canais.\n\t<\/li>\n<li>\n\t\tExibe valores de espessura em tempo real e captura automaticamente a espessura m\u00ednima.\n\t<\/li>\n<li>\n\t\tO CanNeed-MBT-201 \u00e9 o instrumento padr\u00e3o para o setor de embalagens pl\u00e1sticas.\n\t<\/li>\n<li>\n\t\tR\u00e1pido, at\u00e9 16 vezes por segundo\n\t<\/li>\n<li>\n\t\tPrecis\u00e3o de \u00b11%\n\t<\/li>\n<li>\n\t\tArmazenamento interno de registro de dados de at\u00e9 95.000 leituras de espessura\n\t<\/li>\n<\/ol>\n<\/div>\n","protected":false},"excerpt":{"rendered":"<h3>Medidor de espessura de efeito Hall (medidor de espessura de parede de garrafa)<\/h3>\n","protected":false},"featured_media":260,"template":"","meta":[],"product_brand":[],"product_cat":[21,57,31],"product_tag":[],"class_list":{"0":"post-229","1":"product","2":"type-product","3":"status-publish","4":"has-post-thumbnail","6":"product_cat-laboratorio","7":"product_cat-pressao-resistencia-a-pressao","8":"product_cat-tampa-de-metal-tampa-de-coroa-tampa-de-aba-tampa-de-rosca-tampa-de-abertura-de-garra","10":"first","11":"instock","12":"shipping-taxable","13":"product-type-simple"},"aioseo_notices":[],"_links":{"self":[{"href":"https:\/\/www.canneed.com\/po\/wp-json\/wp\/v2\/product\/229","targetHints":{"allow":["GET"]}}],"collection":[{"href":"https:\/\/www.canneed.com\/po\/wp-json\/wp\/v2\/product"}],"about":[{"href":"https:\/\/www.canneed.com\/po\/wp-json\/wp\/v2\/types\/product"}],"wp:featuredmedia":[{"embeddable":true,"href":"https:\/\/www.canneed.com\/po\/wp-json\/wp\/v2\/media\/260"}],"wp:attachment":[{"href":"https:\/\/www.canneed.com\/po\/wp-json\/wp\/v2\/media?parent=229"}],"wp:term":[{"taxonomy":"product_brand","embeddable":true,"href":"https:\/\/www.canneed.com\/po\/wp-json\/wp\/v2\/product_brand?post=229"},{"taxonomy":"product_cat","embeddable":true,"href":"https:\/\/www.canneed.com\/po\/wp-json\/wp\/v2\/product_cat?post=229"},{"taxonomy":"product_tag","embeddable":true,"href":"https:\/\/www.canneed.com\/po\/wp-json\/wp\/v2\/product_tag?post=229"}],"curies":[{"name":"wp","href":"https:\/\/api.w.org\/{rel}","templated":true}]}}