{"id":225,"date":"2025-05-15T11:04:44","date_gmt":"2025-05-15T03:04:44","guid":{"rendered":"http:\/\/www.canneed.com\/po\/?post_type=product&#038;p=225"},"modified":"2025-05-15T11:04:48","modified_gmt":"2025-05-15T03:04:48","slug":"canneed-fwg-100-d","status":"publish","type":"product","link":"https:\/\/www.canneed.com\/po\/product\/canneed-fwg-100-d\/","title":{"rendered":"CanNeed-FWG-100-d"},"content":{"rendered":"<p>&nbsp;<\/p>\n<h3>Aplicativos<\/h3>\n<div class='prodocut_content'>O calibrador de altura de flangeamento da lata vazia \u00e9 utilizado para medir a largura de flangeamento da lata vazia. O design confi\u00e1vel e press\u00e3o de medi\u00e7\u00e3o constante e \u00e2ngulo de detec\u00e7\u00e3o fazem operadores inexperientes conseguir executar medi\u00e7\u00e3o com precis\u00e3o. A linha central \u00e9 localizada automaticamente, e o calibrador \u00e9 aplic\u00e1vel para medir diversas latas.<\/div>\n","protected":false},"excerpt":{"rendered":"<h3>Calibrador de Largura de Flangeamento da Lata Vazia<\/h3>\n","protected":false},"featured_media":257,"template":"","meta":[],"product_brand":[],"product_cat":[15],"product_tag":[],"class_list":{"0":"post-225","1":"product","2":"type-product","3":"status-publish","4":"has-post-thumbnail","6":"product_cat-uncategorized","8":"first","9":"outofstock","10":"shipping-taxable","11":"product-type-simple"},"aioseo_notices":[],"_links":{"self":[{"href":"https:\/\/www.canneed.com\/po\/wp-json\/wp\/v2\/product\/225","targetHints":{"allow":["GET"]}}],"collection":[{"href":"https:\/\/www.canneed.com\/po\/wp-json\/wp\/v2\/product"}],"about":[{"href":"https:\/\/www.canneed.com\/po\/wp-json\/wp\/v2\/types\/product"}],"wp:featuredmedia":[{"embeddable":true,"href":"https:\/\/www.canneed.com\/po\/wp-json\/wp\/v2\/media\/257"}],"wp:attachment":[{"href":"https:\/\/www.canneed.com\/po\/wp-json\/wp\/v2\/media?parent=225"}],"wp:term":[{"taxonomy":"product_brand","embeddable":true,"href":"https:\/\/www.canneed.com\/po\/wp-json\/wp\/v2\/product_brand?post=225"},{"taxonomy":"product_cat","embeddable":true,"href":"https:\/\/www.canneed.com\/po\/wp-json\/wp\/v2\/product_cat?post=225"},{"taxonomy":"product_tag","embeddable":true,"href":"https:\/\/www.canneed.com\/po\/wp-json\/wp\/v2\/product_tag?post=225"}],"curies":[{"name":"wp","href":"https:\/\/api.w.org\/{rel}","templated":true}]}}