{"id":223,"date":"2025-05-15T11:04:44","date_gmt":"2025-05-15T03:04:44","guid":{"rendered":"http:\/\/www.canneed.com\/po\/?post_type=product&#038;p=223"},"modified":"2025-05-15T11:04:48","modified_gmt":"2025-05-15T03:04:48","slug":"canneed-bdg-100","status":"publish","type":"product","link":"https:\/\/www.canneed.com\/po\/product\/canneed-bdg-100\/","title":{"rendered":"CanNeed-BDG-100"},"content":{"rendered":"<p>&nbsp;<\/p>\n<h3>Aplicativos<\/h3>\n<div class='prodocut_content'>O CanNeed-BDG-100 Bottom Depth Gauge \u00e9 um medidor digital para medir os par\u00e2metros de profundidade do fundo de latas de bebidas. Por favor, indique o di\u00e2metro da lata aquando da encomenda.<\/div>\n<p>&nbsp;<\/p>\n<h3>Vantagens<\/h3>\n<div class='prodocut_content'>\n<ol>\n<li>\n\t\t\u00c9 com o Indicador Digital Mitutoyo de Resolu\u00e7\u00e3o 0,01mm.\n\t<\/li>\n<li>\n\t\tSe for adquirido o adaptador e o cabo, o medidor pode ser ligado a um computador ou sistema SPC para recolha de dados.\n\t<\/li>\n<li>\n\t\tSa\u00edda de dados SPC padr\u00e3o Mitutoyo\n\t<\/li>\n<li>\n\t\tEcr\u00e3 digital de f\u00e1cil leitura\n\t<\/li>\n<\/ol>\n<\/div>\n","protected":false},"excerpt":{"rendered":"<h3>Medidor de Profundidade do Fundo CanNeed-BDG-100<\/h3>\n","protected":false},"featured_media":255,"template":"","meta":[],"product_brand":[],"product_cat":[16],"product_tag":[],"class_list":{"0":"post-223","1":"product","2":"type-product","3":"status-publish","4":"has-post-thumbnail","6":"product_cat-objeto-de-deteccao","8":"first","9":"instock","10":"shipping-taxable","11":"product-type-simple"},"aioseo_notices":[],"_links":{"self":[{"href":"https:\/\/www.canneed.com\/po\/wp-json\/wp\/v2\/product\/223","targetHints":{"allow":["GET"]}}],"collection":[{"href":"https:\/\/www.canneed.com\/po\/wp-json\/wp\/v2\/product"}],"about":[{"href":"https:\/\/www.canneed.com\/po\/wp-json\/wp\/v2\/types\/product"}],"wp:featuredmedia":[{"embeddable":true,"href":"https:\/\/www.canneed.com\/po\/wp-json\/wp\/v2\/media\/255"}],"wp:attachment":[{"href":"https:\/\/www.canneed.com\/po\/wp-json\/wp\/v2\/media?parent=223"}],"wp:term":[{"taxonomy":"product_brand","embeddable":true,"href":"https:\/\/www.canneed.com\/po\/wp-json\/wp\/v2\/product_brand?post=223"},{"taxonomy":"product_cat","embeddable":true,"href":"https:\/\/www.canneed.com\/po\/wp-json\/wp\/v2\/product_cat?post=223"},{"taxonomy":"product_tag","embeddable":true,"href":"https:\/\/www.canneed.com\/po\/wp-json\/wp\/v2\/product_tag?post=223"}],"curies":[{"name":"wp","href":"https:\/\/api.w.org\/{rel}","templated":true}]}}