{"id":221,"date":"2025-05-15T11:04:43","date_gmt":"2025-05-15T03:04:43","guid":{"rendered":"http:\/\/www.canneed.com\/po\/?post_type=product&#038;p=221"},"modified":"2025-05-15T11:04:47","modified_gmt":"2025-05-15T03:04:47","slug":"canneed-ach-200","status":"publish","type":"product","link":"https:\/\/www.canneed.com\/po\/product\/canneed-ach-200\/","title":{"rendered":"CanNeed-ACH-200"},"content":{"rendered":"<p>&nbsp;<\/p>\n<h3>Aplicativos<\/h3>\n<div class='prodocut_content'>O medidor de altura do enrolado&nbsp; Canneed-ACH-200d \u00e9 utilizado para medir a altura do enrolado para latas de aerosol . ACH-200d \u00e9 o padr\u00e3o da ind\u00fastria.<\/div>\n<p>&nbsp;<\/p>\n<h3>Vantagens<\/h3>\n<div class='prodocut_content'>O calibrador \u00e9 calibrado primeiro colocando o anel de calibra\u00e7\u00e3o no calibrador. Neste caso, o mostrador tem de indicar o valor de 4,25 mm.<br \/>\nA medi\u00e7\u00e3o na lata \u00e9 feita inserindo o calibre at\u00e9 \u00e0 haste na lata e, em seguida, libertando lentamente o bot\u00e3o para ver a leitura.<\/div>\n","protected":false},"excerpt":{"rendered":"<h3>Medidor de Altura do enrolado da Lata de Aerosol(digital)<\/h3>\n","protected":false},"featured_media":253,"template":"","meta":[],"product_brand":[],"product_cat":[33,30,21],"product_tag":[],"class_list":{"0":"post-221","1":"product","2":"type-product","3":"status-publish","4":"has-post-thumbnail","6":"product_cat-bebidas-engarrafadas-pet-garrafas-pet-pre-formas-tampas-plasticas","7":"product_cat-dimensoes","8":"product_cat-laboratorio","10":"first","11":"instock","12":"shipping-taxable","13":"product-type-simple"},"aioseo_notices":[],"_links":{"self":[{"href":"https:\/\/www.canneed.com\/po\/wp-json\/wp\/v2\/product\/221","targetHints":{"allow":["GET"]}}],"collection":[{"href":"https:\/\/www.canneed.com\/po\/wp-json\/wp\/v2\/product"}],"about":[{"href":"https:\/\/www.canneed.com\/po\/wp-json\/wp\/v2\/types\/product"}],"wp:featuredmedia":[{"embeddable":true,"href":"https:\/\/www.canneed.com\/po\/wp-json\/wp\/v2\/media\/253"}],"wp:attachment":[{"href":"https:\/\/www.canneed.com\/po\/wp-json\/wp\/v2\/media?parent=221"}],"wp:term":[{"taxonomy":"product_brand","embeddable":true,"href":"https:\/\/www.canneed.com\/po\/wp-json\/wp\/v2\/product_brand?post=221"},{"taxonomy":"product_cat","embeddable":true,"href":"https:\/\/www.canneed.com\/po\/wp-json\/wp\/v2\/product_cat?post=221"},{"taxonomy":"product_tag","embeddable":true,"href":"https:\/\/www.canneed.com\/po\/wp-json\/wp\/v2\/product_tag?post=221"}],"curies":[{"name":"wp","href":"https:\/\/api.w.org\/{rel}","templated":true}]}}