{"id":183,"date":"2025-05-15T11:04:34","date_gmt":"2025-05-15T03:04:34","guid":{"rendered":"http:\/\/www.canneed.com\/po\/?post_type=product&#038;p=183"},"modified":"2025-05-15T11:04:41","modified_gmt":"2025-05-15T03:04:41","slug":"hallmag-300","status":"publish","type":"product","link":"https:\/\/www.canneed.com\/po\/product\/hallmag-300\/","title":{"rendered":"Hallmag\u00ae-300"},"content":{"rendered":"<p>&nbsp;<\/p>\n<h3>Aplicativos<\/h3>\n<div class='prodocut_content'>O \u201cMedidor de espessura de efeito Hall Canneed-Hallmag-300 (Medidor de espessura de garrafa magn\u00e9tica)\u201d \u00e9 um medidor de espessura port\u00e1til refinado. \u00c9 utilizado para medir a espessura de materiais n\u00e3o magn\u00e9ticos, como pl\u00e1stico, vidro, sint\u00e9ticos, alum\u00ednio e tit\u00e2nio, etc. A precis\u00e3o da medi\u00e7\u00e3o n\u00e3o \u00e9 distorcida pelas formas das amostras.<br \/>\nO Canneed-Hallmag-300 baseia-se na teoria do efeito Hall. Para o teste, coloca-se a esfera de a\u00e7o num dos lados da amostra e a sonda no outro lado. O sensor de efeito Hall na sonda mede a dist\u00e2ncia entre a ponta da sonda e a esfera de a\u00e7o. A calculadora apresentar\u00e1 as leituras de espessura reais.<\/div>\n<p>&nbsp;<\/p>\n<h3>Vantagens<\/h3>\n<div class='prodocut_content'>\n<ol>\n<li>\n\t\tM\u00e9todo de teste n\u00e3o destrutivo adotado. Com medi\u00e7\u00e3o r\u00e1pida da espessura pontual em \u00e1reas onde \u00e9 necess\u00e1ria uma medi\u00e7\u00e3o exacta de cantos, pequenos raios ou formas complexas\n\t<\/li>\n<li>\n\t\tApresenta as leituras de espessura em tempo real e capta automaticamente a espessura m\u00ednima\n\t<\/li>\n<li>\n\t\tUm instrumento padr\u00e3o na ind\u00fastria de embalagens de pl\u00e1stico\n\t<\/li>\n<li>\n\t\tMedi\u00e7\u00e3o r\u00e1pida, at\u00e9 16 vezes por segundo\n\t<\/li>\n<li>\n\t\tPrecis\u00e3o: \u00b11%\n\t<\/li>\n<li>\n\t\tArmazena 95.000 leituras de espessura como registo de dados interno\n\t<\/li>\n<\/ol>\n<\/div>\n","protected":false},"excerpt":{"rendered":"<h3>Medidor de espessura de efeito Hall<\/h3>\n","protected":false},"featured_media":213,"template":"","meta":[],"product_brand":[],"product_cat":[33,32,58,21],"product_tag":[],"class_list":{"0":"post-183","1":"product","2":"type-product","3":"status-publish","4":"has-post-thumbnail","6":"product_cat-bebidas-engarrafadas-pet-garrafas-pet-pre-formas-tampas-plasticas","7":"product_cat-cosmeticos-produtos-farmaceuticos-alimentos-ensacados","8":"product_cat-forca-de-tracao-rolamento-de-pressao-carga-vertical-resistencia-ao-impacto","9":"product_cat-laboratorio","11":"first","12":"instock","13":"shipping-taxable","14":"product-type-simple"},"aioseo_notices":[],"_links":{"self":[{"href":"https:\/\/www.canneed.com\/po\/wp-json\/wp\/v2\/product\/183","targetHints":{"allow":["GET"]}}],"collection":[{"href":"https:\/\/www.canneed.com\/po\/wp-json\/wp\/v2\/product"}],"about":[{"href":"https:\/\/www.canneed.com\/po\/wp-json\/wp\/v2\/types\/product"}],"wp:featuredmedia":[{"embeddable":true,"href":"https:\/\/www.canneed.com\/po\/wp-json\/wp\/v2\/media\/213"}],"wp:attachment":[{"href":"https:\/\/www.canneed.com\/po\/wp-json\/wp\/v2\/media?parent=183"}],"wp:term":[{"taxonomy":"product_brand","embeddable":true,"href":"https:\/\/www.canneed.com\/po\/wp-json\/wp\/v2\/product_brand?post=183"},{"taxonomy":"product_cat","embeddable":true,"href":"https:\/\/www.canneed.com\/po\/wp-json\/wp\/v2\/product_cat?post=183"},{"taxonomy":"product_tag","embeddable":true,"href":"https:\/\/www.canneed.com\/po\/wp-json\/wp\/v2\/product_tag?post=183"}],"curies":[{"name":"wp","href":"https:\/\/api.w.org\/{rel}","templated":true}]}}