{"id":18,"date":"2025-05-15T11:04:05","date_gmt":"2025-05-15T03:04:05","guid":{"rendered":"http:\/\/www.canneed.com\/po\/?post_type=product&#038;p=18"},"modified":"2025-05-15T11:04:09","modified_gmt":"2025-05-15T03:04:09","slug":"canneed-der-400","status":"publish","type":"product","link":"https:\/\/www.canneed.com\/po\/product\/canneed-der-400\/","title":{"rendered":"CanNeed-DER-400"},"content":{"rendered":"<p>&nbsp;<\/p>\n<h3>Aplicativos<\/h3>\n<div class='prodocut_content'>\n<p>\n\t<span style=\"color:#000000;background-color:#FFFFFF;\">O USO do Produto:<\/span>\n<\/p>\n<p>\n\t<span style=\"color:#000000;background-color:#FFFFFF;\">I. Usos: Testador de Integridade de Revestimento dentro Lata DER-400 \u00e9 utilizado para medir a integridade de revestimento dentro Lata(densidade do revestimento interior, o valor da corrente). Se a integridade de revestimento n\u00e3o for completa, o contente vai corroer o metal, e afectar\u00e1 a qualidade e armazenamento do produto. Equipado com suporte da tampa e equipamento de v\u00e1cuo, o testador pode medir a &#8221; integridade do revestimento do investimento interior da tampa &#8221; .<br \/>\n<\/span>\n<\/p>\n<\/div>\n<p>&nbsp;<\/p>\n<h3>Vantagens<\/h3>\n<div class='prodocut_content'>\n<p>\n\t<span style=\"color:#000000;background-color:#FFFFFF;\">Vantagens DOS produtos:<\/span>\n<\/p>\n<p>\n\t<span style=\"color:#000000;background-color:#FFFFFF;\"><span>O<\/span><span>&nbsp;<\/span><span>testador de&nbsp;<\/span><span>integridade&nbsp;<\/span><span>de<\/span><span>&nbsp;revestimento&nbsp;<\/span><span>dentro lata&nbsp;<\/span><span>DER-400<\/span><span>&nbsp;med a exposi\u00e7\u00e3o metal mais rapidamente&nbsp;<\/span><span>do&nbsp;<\/span><span>que o&nbsp;<\/span><span>DER-4.<\/span><span>com<\/span><span>&nbsp;Design eletr\u00f4nic<\/span><span>o&nbsp;<\/span><span>melhorado, a medi\u00e7\u00e3o&nbsp;<\/span><span>\u00e9<\/span><span>&nbsp;mais sens<\/span><span>\u00ed<\/span><span>vel, mais confi<\/span><span>\u00e1<\/span><span>vel,&nbsp;<\/span><span>e<\/span><span>&nbsp;mais precisa<\/span><span>, com gradua\u00e7\u00e3o de&nbsp;<\/span><span>0.01mA .&nbsp;<\/span><span>O grampo melhorado da lata tem&nbsp;<\/span><span>propriedades anti-corros\u00e3o<\/span><span>&nbsp;e&nbsp;<\/span><span>vida mais longa.&nbsp;<\/span><span>O t<\/span><span>eclado de membrana&nbsp;<\/span><span>\u00e9<\/span><span>&nbsp;mais dur<\/span><span>\u00e1<\/span><span>vel e tem uma melhor resist<\/span><span>\u00ea<\/span><span>ncia&nbsp;<\/span><span>\u00e0<\/span><span>&nbsp;corros\u00e3o. Fun\u00e7\u00e3o de &#8220;tens\u00e3o inversa&#8221;&nbsp;<\/span><span>faz&nbsp;<\/span><span>&nbsp;<\/span><span>a&nbsp;<\/span><span>polaridade da tens\u00e3o&nbsp;<\/span><span>inver<\/span><span>ti<\/span><span>da por pressionar o bot\u00e3o uma vez, e&nbsp;<\/span><span>vai fazer a posi\u00e7\u00e3o<\/span><span>&nbsp;<\/span><span>met<\/span><span>\u00e1<\/span><span>licas expostas&nbsp;<\/span><span>produzir&nbsp;<\/span><span>bolhas ,&nbsp;<\/span><span>ent\u00e3o \u00e9&nbsp;<\/span><span>f<\/span><span>\u00e1<\/span><span>cil de observar&nbsp;<\/span><span>e&nbsp;<\/span><span>determinar&nbsp;<\/span><span>a localiza\u00e7\u00e3o d<\/span><span>as pe\u00e7as defeituosas (posi\u00e7\u00e3o<\/span><span>&nbsp;met\u00e1lica<\/span><span>&nbsp;exposta).<\/span><br \/>\n<\/span>\n<\/p>\n<\/div>\n<p>&nbsp;<\/p>\n<h3>Par\u00e2metro t\u00e9cnico<\/h3>\n<div class='prodocut_content'>\n<p>\n\t<b>Par\u00e2metros t\u00e9cnicos:&nbsp;<\/b>\n<\/p>\n<p>\n\t<span>tens\u00e3o de medi\u00e7\u00e3o: 6.3V,&nbsp;<\/span>\n<\/p>\n<p>\n\t<span>faixa de medi\u00e7\u00e3o: 0-500mA,&nbsp;<\/span>\n<\/p>\n<p>\n\t<span>gradua\u00e7\u00e3o: 0,01mA,&nbsp;<\/span>\n<\/p>\n<p>\n\t<span>precis\u00e3o: +\/- 2%,&nbsp;<\/span>\n<\/p>\n<p>\n\t<span>interface de dados: RS232<\/span>\n<\/p>\n<\/div>\n","protected":false},"excerpt":{"rendered":"<h3>Medidor de porosidade ou teste de Integridade de Revestimento dentro Lata<\/h3>\n","protected":false},"featured_media":46,"template":"","meta":[],"product_brand":[],"product_cat":[15,22],"product_tag":[],"class_list":{"0":"post-18","1":"product","2":"type-product","3":"status-publish","4":"has-post-thumbnail","6":"product_cat-uncategorized","7":"product_cat-lata-lata-de-spray-de-tres-pecas-revestimento","9":"first","10":"instock","11":"shipping-taxable","12":"product-type-simple"},"aioseo_notices":[],"_links":{"self":[{"href":"https:\/\/www.canneed.com\/po\/wp-json\/wp\/v2\/product\/18","targetHints":{"allow":["GET"]}}],"collection":[{"href":"https:\/\/www.canneed.com\/po\/wp-json\/wp\/v2\/product"}],"about":[{"href":"https:\/\/www.canneed.com\/po\/wp-json\/wp\/v2\/types\/product"}],"wp:featuredmedia":[{"embeddable":true,"href":"https:\/\/www.canneed.com\/po\/wp-json\/wp\/v2\/media\/46"}],"wp:attachment":[{"href":"https:\/\/www.canneed.com\/po\/wp-json\/wp\/v2\/media?parent=18"}],"wp:term":[{"taxonomy":"product_brand","embeddable":true,"href":"https:\/\/www.canneed.com\/po\/wp-json\/wp\/v2\/product_brand?post=18"},{"taxonomy":"product_cat","embeddable":true,"href":"https:\/\/www.canneed.com\/po\/wp-json\/wp\/v2\/product_cat?post=18"},{"taxonomy":"product_tag","embeddable":true,"href":"https:\/\/www.canneed.com\/po\/wp-json\/wp\/v2\/product_tag?post=18"}],"curies":[{"name":"wp","href":"https:\/\/api.w.org\/{rel}","templated":true}]}}