{"id":17,"date":"2025-05-15T11:04:05","date_gmt":"2025-05-15T03:04:05","guid":{"rendered":"http:\/\/www.canneed.com\/po\/?post_type=product&#038;p=17"},"modified":"2025-05-15T11:04:08","modified_gmt":"2025-05-15T03:04:08","slug":"canneed-ader-c6000","status":"publish","type":"product","link":"https:\/\/www.canneed.com\/po\/product\/canneed-ader-c6000\/","title":{"rendered":"CanNeed-ADER-C6000"},"content":{"rendered":"<p>&nbsp;<\/p>\n<h3>Aplicativos<\/h3>\n<div class='prodocut_content'><span>O CanNeed-ADER-C6000 \u00e9 um medidor de esmalte digital totalmente autom\u00e1tico com funcionamento sem supervis\u00e3o. \u00c9 utilizado para medir a cobertura, a compacidade e o valor da corrente el\u00e9ctrica do revestimento de esmalte no interior das latas de bebidas. O conte\u00fado corroer\u00e1 o material met\u00e1lico e afectar\u00e1 a qualidade e o armazenamento dos produtos se o revestimento de esmalte no interior das latas n\u00e3o estiver integrado.&nbsp;<br \/>\nA m\u00e1quina adoptou uma tecnologia de inspe\u00e7\u00e3o totalmente autom\u00e1tica, mais eficiente e mais eficaz, reduzindo os erros humanos. \u00c9 a norma para avaliar a qualidade das latas na ind\u00fastria de fabrico de latas.<br \/>\n<\/span><\/div>\n<p>&nbsp;<\/p>\n<h3>Vantagens<\/h3>\n<div class='prodocut_content'><span style=\"color:#000000;font-family:-apple-system, BlinkMacSystemFont, \"font-size:14.4px;background-color:#FFFFFF;\">1) Equipped with multi-channel automatic sampling device, can test a variety of can samples at one&nbsp;time.<\/span><br class=\"\" \/><br \/>\n<span style=\"color:#000000;font-family:-apple-system, BlinkMacSystemFont, \"font-size:14.4px;background-color:#FFFFFF;\">&nbsp;2) Patented design liquid level control system, automatic infusion of electrolyte and accurate&nbsp;recognition of liquid level.<\/span><br class=\"\" \/><br \/>\n<span style=\"color:#000000;font-family:-apple-system, BlinkMacSystemFont, \"font-size:14.4px;background-color:#FFFFFF;\">&nbsp;3) Auto measurement in all process, saving time and cost of HR, avoiding personal error.<\/span><br class=\"\" \/><br \/>\n<span style=\"color:#000000;font-family:-apple-system, BlinkMacSystemFont, \"font-size:14.4px;background-color:#FFFFFF;\">&nbsp;4) Fully self-checking to ensure that the results from each test can be relied upon, calibration time can&nbsp;be customized.<\/span><br class=\"\" \/><br \/>\n<span style=\"color:#000000;font-family:-apple-system, BlinkMacSystemFont, \"font-size:14.4px;background-color:#FFFFFF;\">&nbsp;5) Automatic monitoring, alarm itself if tested value beyond a set range.<\/span><br class=\"\" \/><br \/>\n<span style=\"color:#000000;font-family:-apple-system, BlinkMacSystemFont, \"font-size:14.4px;background-color:#FFFFFF;\">&nbsp;6) Automatic sorting unqualified samples, equipped with retention area for unqualified samples, it is&nbsp;convenient for users to analyze defect products.<\/span><br class=\"\" \/><br \/>\n<span style=\"color:#000000;font-family:-apple-system, BlinkMacSystemFont, \"font-size:14.4px;background-color:#FFFFFF;\">&nbsp;7) Double station measurement, measuring about 8 sample cans per minute.<\/span><br class=\"\" \/><br \/>\n<span style=\"color:#000000;font-family:-apple-system, BlinkMacSystemFont, \"font-size:14.4px;background-color:#FFFFFF;\">&nbsp;8) Assemble with world-class components, secure, durable, which is with outstanding accuracy and&nbsp;repeatability.<\/span><br class=\"\" \/><br \/>\n<span style=\"color:#000000;font-family:-apple-system, BlinkMacSystemFont, \"font-size:14.4px;background-color:#FFFFFF;\">&nbsp;9) Simple operation and maintenance.<\/span><br class=\"\" \/><br \/>\n<span style=\"color:#000000;font-family:-apple-system, BlinkMacSystemFont, \"font-size:14.4px;background-color:#FFFFFF;\">&nbsp;10) Assemble with HD camera for convenient after-sales service via remote connection.<\/span><br class=\"\" \/><br \/>\n<span style=\"color:#000000;font-family:-apple-system, BlinkMacSystemFont, \"font-size:14.4px;background-color:#FFFFFF;\">&nbsp;11) Test result can be sent to SPC system.<\/span><br class=\"\" \/><br \/>\n<span style=\"color:#000000;font-family:-apple-system, BlinkMacSystemFont, \"font-size:14.4px;background-color:#FFFFFF;\">&nbsp;12) Database management software for easy data query and statistics.<\/span><br class=\"\" \/><br \/>\n<span style=\"color:#000000;font-family:-apple-system, BlinkMacSystemFont, \"font-size:14.4px;background-color:#FFFFFF;\">&nbsp;13) Can review single measure result after test for various cans, auto calculate the average,<\/span><br class=\"\" \/><br \/>\n<span style=\"color:#000000;font-family:-apple-system, BlinkMacSystemFont, \"font-size:14.4px;background-color:#FFFFFF;\">&nbsp;14) maximum and minimum values.<\/span><br class=\"\" \/><br \/>\n<span style=\"color:#000000;font-family:-apple-system, BlinkMacSystemFont, \"font-size:14.4px;background-color:#FFFFFF;\">&nbsp;15) Data can be stored to Excel form.<\/span><br class=\"\" \/><br \/>\n<span style=\"color:#000000;font-family:-apple-system, BlinkMacSystemFont, \"font-size:14.4px;background-color:#FFFFFF;\">&nbsp;16) User-defined report format, suitable for style and format of enterprises.<\/span><\/div>\n","protected":false},"excerpt":{"rendered":"<h3>Calibrador digital autom\u00e1tico de esmalte para latas<\/h3>\n","protected":false},"featured_media":45,"template":"","meta":[],"product_brand":[],"product_cat":[23],"product_tag":[],"class_list":{"0":"post-17","1":"product","2":"type-product","3":"status-publish","4":"has-post-thumbnail","6":"product_cat-lata-garrafa-de-aluminio-de-duas-pecas","8":"first","9":"instock","10":"shipping-taxable","11":"product-type-simple"},"aioseo_notices":[],"_links":{"self":[{"href":"https:\/\/www.canneed.com\/po\/wp-json\/wp\/v2\/product\/17","targetHints":{"allow":["GET"]}}],"collection":[{"href":"https:\/\/www.canneed.com\/po\/wp-json\/wp\/v2\/product"}],"about":[{"href":"https:\/\/www.canneed.com\/po\/wp-json\/wp\/v2\/types\/product"}],"wp:featuredmedia":[{"embeddable":true,"href":"https:\/\/www.canneed.com\/po\/wp-json\/wp\/v2\/media\/45"}],"wp:attachment":[{"href":"https:\/\/www.canneed.com\/po\/wp-json\/wp\/v2\/media?parent=17"}],"wp:term":[{"taxonomy":"product_brand","embeddable":true,"href":"https:\/\/www.canneed.com\/po\/wp-json\/wp\/v2\/product_brand?post=17"},{"taxonomy":"product_cat","embeddable":true,"href":"https:\/\/www.canneed.com\/po\/wp-json\/wp\/v2\/product_cat?post=17"},{"taxonomy":"product_tag","embeddable":true,"href":"https:\/\/www.canneed.com\/po\/wp-json\/wp\/v2\/product_tag?post=17"}],"curies":[{"name":"wp","href":"https:\/\/api.w.org\/{rel}","templated":true}]}}