{"id":161,"date":"2025-05-15T11:04:32","date_gmt":"2025-05-15T03:04:32","guid":{"rendered":"http:\/\/www.canneed.com\/po\/?post_type=product&#038;p=161"},"modified":"2025-05-15T11:04:35","modified_gmt":"2025-05-15T03:04:35","slug":"canneed-ccst-800","status":"publish","type":"product","link":"https:\/\/www.canneed.com\/po\/product\/canneed-ccst-800\/","title":{"rendered":"CanNeed-CCST-800"},"content":{"rendered":"","protected":false},"excerpt":{"rendered":"<h3>Detector de Resistir \u00e0 Press\u00e3o da Tampa da Garrafa  (com 8 cabe\u00e7as)<\/h3>\n","protected":false},"featured_media":191,"template":"","meta":[],"product_brand":[],"product_cat":[19,17,21],"product_tag":[],"class_list":{"0":"post-161","1":"product","2":"type-product","3":"status-publish","4":"has-post-thumbnail","6":"product_cat-bainha-dupla","7":"product_cat-cerveja-enlatada-bebidas-enlatadas-alimentos-enlatados","8":"product_cat-laboratorio","10":"first","11":"instock","12":"shipping-taxable","13":"product-type-simple"},"aioseo_notices":[],"_links":{"self":[{"href":"https:\/\/www.canneed.com\/po\/wp-json\/wp\/v2\/product\/161","targetHints":{"allow":["GET"]}}],"collection":[{"href":"https:\/\/www.canneed.com\/po\/wp-json\/wp\/v2\/product"}],"about":[{"href":"https:\/\/www.canneed.com\/po\/wp-json\/wp\/v2\/types\/product"}],"wp:featuredmedia":[{"embeddable":true,"href":"https:\/\/www.canneed.com\/po\/wp-json\/wp\/v2\/media\/191"}],"wp:attachment":[{"href":"https:\/\/www.canneed.com\/po\/wp-json\/wp\/v2\/media?parent=161"}],"wp:term":[{"taxonomy":"product_brand","embeddable":true,"href":"https:\/\/www.canneed.com\/po\/wp-json\/wp\/v2\/product_brand?post=161"},{"taxonomy":"product_cat","embeddable":true,"href":"https:\/\/www.canneed.com\/po\/wp-json\/wp\/v2\/product_cat?post=161"},{"taxonomy":"product_tag","embeddable":true,"href":"https:\/\/www.canneed.com\/po\/wp-json\/wp\/v2\/product_tag?post=161"}],"curies":[{"name":"wp","href":"https:\/\/api.w.org\/{rel}","templated":true}]}}