{"id":14,"date":"2025-05-15T11:04:05","date_gmt":"2025-05-15T03:04:05","guid":{"rendered":"http:\/\/www.canneed.com\/po\/?post_type=product&#038;p=14"},"modified":"2025-05-15T11:04:08","modified_gmt":"2025-05-15T03:04:08","slug":"canneed-css-100b","status":"publish","type":"product","link":"https:\/\/www.canneed.com\/po\/product\/canneed-css-100b\/","title":{"rendered":"CanNeed-CSS-100B"},"content":{"rendered":"<p>&nbsp;<\/p>\n<h3>Aplicativos<\/h3>\n<div class='prodocut_content'>\n<p class=\"MsoNormal\">\n\tA serra de fecho flangeado de anti-ru\u00eddo CanNeed-CSS-100B tem design de anti-ru\u00eddo especial, e faz o ru\u00eddo baixo quando corta a lata.\n<\/p>\n<p class=\"MsoNormal\">\n\t<span>A serra de fecho flangeado de anti-ru\u00eddo CanNeed-CSS-100B \u00e9 utilizado para cortar a lata com di\u00e2metro 65 mm (tais como cerveja enlatada, lata com fundo de 209), o processo de corte \u00e9 preciso, r\u00e1pido, seguro e conveniente. O processo de corte n\u00e3o faz a lata deformar. O efeito de corte preciso ajuda obter incis\u00e3o clara, fazendo imagem muito clarao quando o projector de flangeamento de Seam Sight da CanNeed Instrumento Ltda. verifica fecho flangeado.<\/span>\n<\/p>\n<p class=\"MsoNormal\">\n\t<span>A serra \u00e9 de material superdura, dur\u00e1vel,&nbsp;e faz incis\u00e3o&nbsp;t\u00e3o clara sem&nbsp;rebarba<\/span>\n<\/p>\n<\/div>\n<p>&nbsp;<\/p>\n<h3>Vantagens<\/h3>\n<div class='prodocut_content'>\n<p class=\"MsoNormal\">\n\t\n<\/p>\n<ol>\n<li>\n\t\tDi\u00e2metro da amostra: 65 mm(outras formas de latas precisam-se personalizar)\n\t<\/li>\n<li>\n\t\tAlimenta\u00e7\u00e3o: 220V\n\t<\/li>\n<li>\n\t\tSerra: 80 \u00d7 22 \u00d7 0,5 mm(No. do artigo HSS-1-80-5)\n\t<\/li>\n<li>\n\t\tTaxa de rota\u00e7\u00e3o de corte: cerca de 1000 rev \/ min\n\t<\/li>\n<li>\n\t\tPot\u00eancia: 100 Watts\n\t<\/li>\n<\/ol>\n<p>\n\t\n<\/p>\n<\/div>\n","protected":false},"excerpt":{"rendered":"<h3>Cortador  para recrava\u00e7\u00e3o e flange (pestanha)  Anti-ru\u00eddo<\/h3>\n","protected":false},"featured_media":44,"template":"","meta":[],"product_brand":[],"product_cat":[19,17,21,22],"product_tag":[],"class_list":{"0":"post-14","1":"product","2":"type-product","3":"status-publish","4":"has-post-thumbnail","6":"product_cat-bainha-dupla","7":"product_cat-cerveja-enlatada-bebidas-enlatadas-alimentos-enlatados","8":"product_cat-laboratorio","9":"product_cat-lata-lata-de-spray-de-tres-pecas-revestimento","11":"first","12":"instock","13":"shipping-taxable","14":"product-type-simple"},"aioseo_notices":[],"_links":{"self":[{"href":"https:\/\/www.canneed.com\/po\/wp-json\/wp\/v2\/product\/14","targetHints":{"allow":["GET"]}}],"collection":[{"href":"https:\/\/www.canneed.com\/po\/wp-json\/wp\/v2\/product"}],"about":[{"href":"https:\/\/www.canneed.com\/po\/wp-json\/wp\/v2\/types\/product"}],"wp:featuredmedia":[{"embeddable":true,"href":"https:\/\/www.canneed.com\/po\/wp-json\/wp\/v2\/media\/44"}],"wp:attachment":[{"href":"https:\/\/www.canneed.com\/po\/wp-json\/wp\/v2\/media?parent=14"}],"wp:term":[{"taxonomy":"product_brand","embeddable":true,"href":"https:\/\/www.canneed.com\/po\/wp-json\/wp\/v2\/product_brand?post=14"},{"taxonomy":"product_cat","embeddable":true,"href":"https:\/\/www.canneed.com\/po\/wp-json\/wp\/v2\/product_cat?post=14"},{"taxonomy":"product_tag","embeddable":true,"href":"https:\/\/www.canneed.com\/po\/wp-json\/wp\/v2\/product_tag?post=14"}],"curies":[{"name":"wp","href":"https:\/\/api.w.org\/{rel}","templated":true}]}}