{"id":110,"date":"2025-05-15T11:04:21","date_gmt":"2025-05-15T03:04:21","guid":{"rendered":"http:\/\/www.canneed.com\/po\/?post_type=product&#038;p=110"},"modified":"2025-05-15T11:04:31","modified_gmt":"2025-05-15T03:04:31","slug":"canneed-bpt-4000","status":"publish","type":"product","link":"https:\/\/www.canneed.com\/po\/product\/canneed-bpt-4000\/","title":{"rendered":"CanNeed-BPT-4000"},"content":{"rendered":"<p>&nbsp;<\/p>\n<h3>Aplicativos<\/h3>\n<div class='prodocut_content'>\n<p>\n\t<span style=\"color:#FFFFFF;background-color:#000000;\"><span style=\"color:#000000;background-color:#FFFFFF;\"><strong>A aplica\u00e7\u00e3o do P<\/strong><\/span><span style=\"color:#000000;\"><span style=\"color:#000000;background-color:#FFFFFF;\"><strong><\/strong><\/span><span style=\"color:#000000;background-color:#FFFFFF;\"><strong><\/strong><\/span><\/span><span style=\"color:#000000;background-color:#FFFFFF;\"><strong>roduto:<\/strong><\/span><\/span>\n<\/p>\n<p>\n\t<span style=\"color:#FFFFFF;background-color:#000000;\"><span style=\"color:#000000;background-color:#FFFFFF;\"><span>O testador de press\u00e3o na garrafa de vidro(com dupla localiza\u00e7\u00e3o autom\u00e1tica) CanNeed-BPT-4000 da CanNeed Instrumento Ltda. pode testar a propriedade de resist\u00eancia \u00e0 press\u00e3o da garrafa de vidro, e pode ser realizado atrav\u00e9s de ensaio de passar, mas tamb\u00e9m pode ser realizado por ensaio de rebentamento.<\/span><br \/>\n<span>De localiza\u00e7\u00e3o dupla, r\u00e1pido e eficiente. Controlado por PLC, com interface de opera\u00e7\u00e3o de tela t\u00e1til, fixa\u00e7\u00e3o de amostra autom\u00e1tica, testes automatizados, processo de pressuriza\u00e7\u00e3o de controle servo e visualiza\u00e7\u00e3o de dados em tempo real, regista os resultados de testes automaticamente<\/span><br \/>\n<span>CanNeed-BPT-4000 tem dois tipos de m\u00e9todos de ensaio: &#8220;m\u00e9todos de ensaio de pressuriza\u00e7\u00e3o linear&#8221; e &#8220;m\u00e9todos de ensaio de manuten\u00e7\u00e3o de press\u00e3o&#8221;, o usu\u00e1rio pode escolher o m\u00e9todo de ensaio conforme a sua necessidade.&nbsp;<\/span><br \/>\n<\/span><\/span>\n<\/p>\n<\/div>\n<p>&nbsp;<\/p>\n<h3>Vantagens<\/h3>\n<div class='prodocut_content'>\n<p>\n\t<span style=\"color:#000000;background-color:#FFFFFF;\"><strong>Vantagens:<\/strong><\/span>\n<\/p>\n<p>\n\t<span style=\"color:#000000;background-color:#FFFFFF;\"> <\/span>\n<\/p>\n<p class=\"MsoNormal\" style=\"text-indent:0pt;\">\n\t(1) de localiza\u00e7\u00e3o dupla, &nbsp;de alta velocidade, e de alta efici\u00eancia.<br \/>\n(2) com aperto autom\u00e1tico e detec\u00e7\u00e3o autom\u00e1tica, dados de medi\u00e7\u00e3o s\u00e3o salvos automaticamente.<br \/>\n(3) de controle da tela t\u00e1til de PLC.<br \/>\n(4) tem dois tipos de m\u00e9todos de ensaio: &#8220;m\u00e9todos de ensaio de pressuriza\u00e7\u00e3o linear&#8221; e &#8220;m\u00e9todos de ensaio de manuten\u00e7\u00e3o de press\u00e3o&#8221;.<br \/>\n(5) bloquea a cabe\u00e7a de press\u00e3o de tipo de compensas\u00e3o, permanecer o bloqueio sob alta press\u00e3o, tem vida longa.\n<\/p>\n<\/div>\n<p>&nbsp;<\/p>\n<h3>Par\u00e2metro t\u00e9cnico<\/h3>\n<div class='prodocut_content'>\n<p>\n\t<span style=\"color:#000000;background-color:#FFFFFF;\"><strong>Par\u00e2metros t\u00e9cnicos:<\/strong><\/span>\n<\/p>\n<p>\n\t<span style=\"color:#000000;background-color:#FFFFFF;\"><span>* Faixa de medi\u00e7\u00e3o: 0 &#8230; 6 MPa<\/span><br \/>\n<span>* Precis\u00e3o de press\u00e3o: 0.01MPa<\/span><br \/>\n<span>* Fonte de \u00e1gua: 0,1 ~ 0,3 Mpa &nbsp;\u00e1gua corrente<\/span><br \/>\n<span>* Temperatura de trabalho: 0-50\u00ba C<\/span><br \/>\n<span>* Pot\u00eancia: 110-120 ou 220 \/ 240V @ 50\/60 Hz<\/span><br \/>\n<span>* Interface de sa\u00edda: sa\u00edda serial padr\u00e3o RS232&nbsp;<\/span><br \/>\n<\/span>\n<\/p>\n<p>\n\t<span style=\"color:#000000;background-color:#FFFFFF;\"><span><span style=\"background-color:#FFFFFF;color:#000000;\"><strong>Processo de Trabalho\uff1a<\/strong><\/span><\/span><\/span>\n<\/p>\n<p>\n\t<span style=\"color:#000000;background-color:#FFFFFF;\"><span><span>Durante o teste, enche a garrafa de amostra com \u00e1gua at\u00e9 cheia, coloca na primeira localiza\u00e7\u00e3o de teste, fecha a porta de prote\u00e7\u00e3o, aperta a amostra automaticamente, testa por aumentar a press\u00e3o, at\u00e9 chegar o valor de press\u00e3o definido(ensaio de passar) ou ensaio de rebentamento (ensaio destrutivo). A tela t\u00e1til exibe a press\u00e3o em tempo real, e pode salvar os valores de teste. O ensaio foi conclu\u00eddo, a porta de prote\u00e7\u00e3o abre automaticamente &nbsp;e retira a amostra. A qualquer momento de ensaio de a primeira localiza\u00e7\u00e3o, pode colocar a amostra na segunda localiza\u00e7\u00e3o para fazer ensaio.&nbsp;<\/span><\/span><\/span>\n<\/p>\n<p>\n\t\n<\/p>\n<p>\n\t<span style=\"color:#000000;background-color:#FFFFFF;\"><span> <\/p>\n<table class=\"MsoTableGrid\" align=\"center\" style=\"width:511.65pt;\">\n<tbody>\n<tr>\n<td width=\"336\" valign=\"top\" style=\"border:1px dotted #AAAAAA;\">\n<p class=\"MsoNormal\">\n\t\t\t\t\t\t<span style=\"color:#0000FF;font-family:\u5b8b\u4f53;font-size:10.5pt;font-weight:bold;\">M\u00e9todo (A), m\u00e9todo de ensaio de manuten\u00e7\u00e3o de press\u00e3o:<\/span><span style=\"color:#0000FF;font-family:\u5b8b\u4f53;font-size:10.5pt;font-weight:bold;\"><\/span><span style=\"color:#0000FF;font-family:\u5b8b\u4f53;font-size:10.5pt;font-weight:bold;\"><\/span>\n\t\t\t\t\t<\/p>\n<p class=\"MsoNormal\">\n\t\t\t\t\t\t<span style=\"font-family:\u5b8b\u4f53;font-size:10.5pt;\">Neste modo, a garrafa de vidro \u00e9 pressurizada a taxa de pressuriza\u00e7\u00e3o inicial de 1,0 MPa\/S &nbsp;at\u00e9 o valor de press\u00e3o pr\u00e9-definida e mante por 60 segundos, e em seguida, rapidamente reduz a press\u00e3o.<br \/>\nOs par\u00e2metros de entrada incluem: press\u00e3o de &nbsp;manuten\u00e7\u00e3o pr\u00e9-definida, tempo de manuten\u00e7\u00e3o de press\u00e3o.<br \/>\n<\/span>\n\t\t\t\t\t<\/p>\n<p class=\"MsoNormal\">\n\t\t\t\t\t\t<span style=\"font-family:\u5b8b\u4f53;font-size:10.5pt;\"><\/span><span style=\"font-family:\u5b8b\u4f53;font-size:10.5pt;\"><\/span><span style=\"font-family:\u5b8b\u4f53;font-size:10.5pt;\"><\/span><span style=\"font-family:\u5b8b\u4f53;font-size:10.5pt;\"><\/span>\n\t\t\t\t\t<\/p>\n<\/td>\n<td width=\"345\" valign=\"top\" style=\"border:1px dotted #AAAAAA;\">\n<p class=\"MsoNormal\">\n\t\t\t\t\t\t<span style=\"font-family:\"font-size:10.5pt;\"><img loading=\"lazy\" decoding=\"async\" src=\"http:\/\/www.canneed.com\/UploadFile\/image\/20150205\/20150205150591629162.jpg\" width=\"332\" height=\"200\" \/><\/span><span style=\"font-family:\u5b8b\u4f53;font-size:10.5pt;\">&nbsp;<\/span>\n\t\t\t\t\t<\/p>\n<\/td>\n<\/tr>\n<tr>\n<td width=\"336\" valign=\"top\" style=\"border:1px dotted #AAAAAA;\">\n<p class=\"MsoNormal\">\n\t\t\t\t\t\t<span style=\"color:#0000FF;font-family:\u5b8b\u4f53;font-size:10.5pt;font-weight:bold;\">M\u00e9todo (B), m\u00e9todos de ensaio de pressuriza\u00e7\u00e3o linear<\/span><span style=\"color:#0000FF;font-family:\u5b8b\u4f53;font-size:10.5pt;font-weight:bold;\"><\/span><span style=\"color:#0000FF;font-family:\u5b8b\u4f53;font-size:10.5pt;font-weight:bold;\"><\/span>\n\t\t\t\t\t<\/p>\n<p class=\"MsoNormal\">\n\t\t\t\t\t\t<span style=\"font-family:\u5b8b\u4f53;font-size:10.5pt;\">Neste modo, a garrafa de vidro \u00e9 pressurizada de forma linear a taxa de 0,58 Mpa\/s at\u00e9 chegar o valor de press\u00e3o pr\u00e9-definida (ensaio de passar)ou partida da garrafa (ensaios destrutivos).<br \/>\nOs par\u00e2metros de entrada incluem: press\u00e3o depr\u00e9-definida, taxa de pressuriza\u00e7\u00e3o.<br \/>\n<\/span>\n\t\t\t\t\t<\/p>\n<p class=\"MsoNormal\">\n\t\t\t\t\t\t<span style=\"font-family:\u5b8b\u4f53;font-size:10.5pt;\"><\/span><span style=\"font-family:\u5b8b\u4f53;font-size:10.5pt;\"><\/span>\n\t\t\t\t\t<\/p>\n<\/td>\n<td width=\"345\" valign=\"top\" style=\"border:1px dotted #AAAAAA;\">\n<p class=\"MsoNormal\">\n\t\t\t\t\t\t<span style=\"font-family:\"font-size:10.5pt;\"><img loading=\"lazy\" decoding=\"async\" src=\"http:\/\/www.canneed.com\/UploadFile\/image\/20150205\/20150205150517571757.jpg\" width=\"332\" height=\"200\" \/><\/span>\n\t\t\t\t\t<\/p>\n<\/td>\n<\/tr>\n<\/tbody>\n<\/table>\n<p>\n<\/span><\/span>\n<\/p>\n<\/div>\n","protected":false},"excerpt":{"rendered":"<h3>Testador de Press\u00e3o na Garrafa de Vidro (com dupla localiza\u00e7\u00e3o autom\u00e1tica)<\/h3>\n","protected":false},"featured_media":151,"template":"","meta":[],"product_brand":[],"product_cat":[32,58,26,21],"product_tag":[],"class_list":{"0":"post-110","1":"product","2":"type-product","3":"status-publish","4":"has-post-thumbnail","6":"product_cat-cosmeticos-produtos-farmaceuticos-alimentos-ensacados","7":"product_cat-forca-de-tracao-rolamento-de-pressao-carga-vertical-resistencia-ao-impacto","8":"product_cat-garrafas-de-vidro-cerveja-engarrafada-vinho-uisque","9":"product_cat-laboratorio","11":"first","12":"instock","13":"shipping-taxable","14":"product-type-simple"},"aioseo_notices":[],"_links":{"self":[{"href":"https:\/\/www.canneed.com\/po\/wp-json\/wp\/v2\/product\/110","targetHints":{"allow":["GET"]}}],"collection":[{"href":"https:\/\/www.canneed.com\/po\/wp-json\/wp\/v2\/product"}],"about":[{"href":"https:\/\/www.canneed.com\/po\/wp-json\/wp\/v2\/types\/product"}],"wp:featuredmedia":[{"embeddable":true,"href":"https:\/\/www.canneed.com\/po\/wp-json\/wp\/v2\/media\/151"}],"wp:attachment":[{"href":"https:\/\/www.canneed.com\/po\/wp-json\/wp\/v2\/media?parent=110"}],"wp:term":[{"taxonomy":"product_brand","embeddable":true,"href":"https:\/\/www.canneed.com\/po\/wp-json\/wp\/v2\/product_brand?post=110"},{"taxonomy":"product_cat","embeddable":true,"href":"https:\/\/www.canneed.com\/po\/wp-json\/wp\/v2\/product_cat?post=110"},{"taxonomy":"product_tag","embeddable":true,"href":"https:\/\/www.canneed.com\/po\/wp-json\/wp\/v2\/product_tag?post=110"}],"curies":[{"name":"wp","href":"https:\/\/api.w.org\/{rel}","templated":true}]}}