{"id":108,"date":"2025-05-15T11:04:21","date_gmt":"2025-05-15T03:04:21","guid":{"rendered":"http:\/\/www.canneed.com\/po\/?post_type=product&#038;p=108"},"modified":"2025-05-15T11:04:29","modified_gmt":"2025-05-15T03:04:29","slug":"canneed-mbct-100","status":"publish","type":"product","link":"https:\/\/www.canneed.com\/po\/product\/canneed-mbct-100\/","title":{"rendered":"CanNeed-MBCT-100"},"content":{"rendered":"<p>&nbsp;<\/p>\n<h3>Aplicativos<\/h3>\n<div class='prodocut_content'>O testador de ebuli\u00e7\u00e3o de malte CanNeed-MBCT-100 adota o controle de temperatura de exibi\u00e7\u00e3o digital, com alta precis\u00e3o de controle de temperatura. O dispositivo de refluxo \u00e9 um dispositivo de refluxo de quatro grupos, usando material de a\u00e7o inoxid\u00e1vel, apar\u00eancia requintada, instrumento mais dur\u00e1vel. Sandu\u00edche de isolamento, equipado com dispositivo de agita\u00e7\u00e3o autom\u00e1tica. Teste de ebuli\u00e7\u00e3o: ebuli\u00e7\u00e3o a 108 \u2103 por 2 horas; teste de nitrog\u00eanio de coagulabilidade: ebuli\u00e7\u00e3o a 105 \u2103 por 5 horas. O instrumento \u00e9 muito silencioso durante o teste, e o instrumento emite um alarme automaticamente ao final do teste.<\/p>\n<p>Uso:<br \/>\nTeste de nitrog\u00eanio de coagulabilidade do malte&nbsp;<br \/>\nTeste de cor de ebuli\u00e7\u00e3o do malte<\/div>\n<p>&nbsp;<\/p>\n<h3>Vantagens<\/h3>\n<div class='prodocut_content'>\n<ol>\n<li>\n\t\tFabricado com os melhores componentes e materiais e com a mais recente tecnologia\n\t<\/li>\n<li>\n\t\tTeste de ebuli\u00e7\u00e3o: 108 \u2103 por 2 horas.\n\t<\/li>\n<li>\n\t\tTeste de coagulabilidade com nitrog\u00eanio: ferver a 105\u00b0C por 5 horas.\n\t<\/li>\n<li>\n\t\tDe acordo com suas diferentes necessidades de temperatura e tempo de espera, \u00e9 poss\u00edvel definir qualquer temperatura e tempo de espera, desde a temperatura ambiente at\u00e9 108\u00b0C.\n\t<\/li>\n<li>\n\t\tA temperatura do teste pode ser salva e alterada\n\t<\/li>\n<li>\n\t\tTela de cristal l\u00edquido, exibi\u00e7\u00e3o em tempo real do tempo e da temperatura, pode mudar para exibir a curva de temperatura.\n\t<\/li>\n<li>\n\t\tControle programado, alta precis\u00e3o do controle de temperatura, erro de temperatura de \u00b1 0,5\u00b0C\n\t<\/li>\n<li>\n\t\tA qualquer momento durante o processo de teste, os par\u00e2metros de tempo e temperatura s\u00e3o exibidos na tela, e a qualquer momento \u00e9 poss\u00edvel verificar o tempo de espera.\n\t<\/li>\n<\/ol>\n<\/div>\n","protected":false},"excerpt":{"rendered":"<h3>Testador de fervura de malte<\/h3>\n","protected":false},"featured_media":146,"template":"","meta":[],"product_brand":[],"product_cat":[26,21,57],"product_tag":[],"class_list":{"0":"post-108","1":"product","2":"type-product","3":"status-publish","4":"has-post-thumbnail","6":"product_cat-garrafas-de-vidro-cerveja-engarrafada-vinho-uisque","7":"product_cat-laboratorio","8":"product_cat-pressao-resistencia-a-pressao","10":"first","11":"instock","12":"shipping-taxable","13":"product-type-simple"},"aioseo_notices":[],"_links":{"self":[{"href":"https:\/\/www.canneed.com\/po\/wp-json\/wp\/v2\/product\/108","targetHints":{"allow":["GET"]}}],"collection":[{"href":"https:\/\/www.canneed.com\/po\/wp-json\/wp\/v2\/product"}],"about":[{"href":"https:\/\/www.canneed.com\/po\/wp-json\/wp\/v2\/types\/product"}],"wp:featuredmedia":[{"embeddable":true,"href":"https:\/\/www.canneed.com\/po\/wp-json\/wp\/v2\/media\/146"}],"wp:attachment":[{"href":"https:\/\/www.canneed.com\/po\/wp-json\/wp\/v2\/media?parent=108"}],"wp:term":[{"taxonomy":"product_brand","embeddable":true,"href":"https:\/\/www.canneed.com\/po\/wp-json\/wp\/v2\/product_brand?post=108"},{"taxonomy":"product_cat","embeddable":true,"href":"https:\/\/www.canneed.com\/po\/wp-json\/wp\/v2\/product_cat?post=108"},{"taxonomy":"product_tag","embeddable":true,"href":"https:\/\/www.canneed.com\/po\/wp-json\/wp\/v2\/product_tag?post=108"}],"curies":[{"name":"wp","href":"https:\/\/api.w.org\/{rel}","templated":true}]}}