{"id":107,"date":"2025-05-15T11:04:21","date_gmt":"2025-05-15T03:04:21","guid":{"rendered":"http:\/\/www.canneed.com\/po\/?post_type=product&#038;p=107"},"modified":"2025-05-15T11:04:29","modified_gmt":"2025-05-15T03:04:29","slug":"canneed-stg-200-d","status":"publish","type":"product","link":"https:\/\/www.canneed.com\/po\/product\/canneed-stg-200-d\/","title":{"rendered":"CanNeed-STG-200-d"},"content":{"rendered":"<p>&nbsp;<\/p>\n<h3>Aplicativos<\/h3>\n<div class='prodocut_content'>Ap\u00f3s o corte da estrutura de costura dupla, a espessura da costura medida no monitor de costura n\u00e3o \u00e9 exacta, pelo que a espessura da costura tem de ser medida antes do corte da estrutura de costura dupla.<\/p>\n<p>O \u201cMedidor de espessura da costura CanNeed-STG-200-d (Digital)\u201d \u00e9 utilizado para medir a espessura da costura das latas. Com compensa\u00e7\u00e3o do \u00e2ngulo de medi\u00e7\u00e3o. O ponto de medi\u00e7\u00e3o central pode ser ajustado. As latas podem ser posicionadas automaticamente no centro durante a medi\u00e7\u00e3o. Com o indicador digital Mitutoyo de resolu\u00e7\u00e3o 0,01mm.<\/div>\n<p>&nbsp;<\/p>\n<h3>Vantagens<\/h3>\n<div class='prodocut_content'>Design fi\u00e1vel, press\u00e3o de medi\u00e7\u00e3o invari\u00e1vel e \u00e2ngulo de medi\u00e7\u00e3o que permitem que os operadores inexperientes tamb\u00e9m possam efetuar a medi\u00e7\u00e3o com precis\u00e3o. Alinhamento autom\u00e1tico do centro do corpo da lata, aplic\u00e1vel a diferentes tipos de latas.<\/p>\n<p>Os medidores podem ser ligados a um computador ou sistema SPC atrav\u00e9s do adaptador e do cabo, de modo a evitar o registo manual e o erro pessoal. O medidor tamb\u00e9m pode ser combinado com os monitores de costura Canneed e importar os dados de medi\u00e7\u00e3o para o computador.<\/div>\n","protected":false},"excerpt":{"rendered":"<h3>Calibrador de Espessura de Flangeamento (digital)<\/h3>\n","protected":false},"featured_media":144,"template":"","meta":[],"product_brand":[],"product_cat":[24,56,21],"product_tag":[],"class_list":{"0":"post-107","1":"product","2":"type-product","3":"status-publish","4":"has-post-thumbnail","6":"product_cat-cerveja-mosto-malte-microrganismos","7":"product_cat-cor-croma","8":"product_cat-laboratorio","10":"first","11":"instock","12":"shipping-taxable","13":"product-type-simple"},"aioseo_notices":[],"_links":{"self":[{"href":"https:\/\/www.canneed.com\/po\/wp-json\/wp\/v2\/product\/107","targetHints":{"allow":["GET"]}}],"collection":[{"href":"https:\/\/www.canneed.com\/po\/wp-json\/wp\/v2\/product"}],"about":[{"href":"https:\/\/www.canneed.com\/po\/wp-json\/wp\/v2\/types\/product"}],"wp:featuredmedia":[{"embeddable":true,"href":"https:\/\/www.canneed.com\/po\/wp-json\/wp\/v2\/media\/144"}],"wp:attachment":[{"href":"https:\/\/www.canneed.com\/po\/wp-json\/wp\/v2\/media?parent=107"}],"wp:term":[{"taxonomy":"product_brand","embeddable":true,"href":"https:\/\/www.canneed.com\/po\/wp-json\/wp\/v2\/product_brand?post=107"},{"taxonomy":"product_cat","embeddable":true,"href":"https:\/\/www.canneed.com\/po\/wp-json\/wp\/v2\/product_cat?post=107"},{"taxonomy":"product_tag","embeddable":true,"href":"https:\/\/www.canneed.com\/po\/wp-json\/wp\/v2\/product_tag?post=107"}],"curies":[{"name":"wp","href":"https:\/\/api.w.org\/{rel}","templated":true}]}}