{"id":99,"date":"2025-05-13T15:57:30","date_gmt":"2025-05-13T07:57:30","guid":{"rendered":"http:\/\/www.canneed.com\/fr\/?post_type=product&#038;p=99"},"modified":"2025-05-13T15:57:37","modified_gmt":"2025-05-13T07:57:37","slug":"canneed-can-5000","status":"publish","type":"product","link":"https:\/\/www.canneed.com\/fr\/product\/canneed-can-5000\/","title":{"rendered":"CanNeed-CAN-5000"},"content":{"rendered":"<p>&nbsp;<\/p>\n<h3>Application<\/h3>\n<div class='prodocut_content'>Le \u00ab CanNeed-CAN-5000 Air Meter \u00bb permet de mesurer la teneur totale en air des boissons gazeuses conditionn\u00e9es dans des bouteilles et des canettes en verre et en PET. Cet instrument est recommand\u00e9 pour tester la teneur en air lorsqu&rsquo;une plus grande rapidit\u00e9 et une plus grande pr\u00e9cision sont requises. Il est applicable \u00e0 diff\u00e9rentes tailles de bouteilles et de canettes.<\/p>\n<p>CanNeed-CAN-5000 a le plus petit diam\u00e8tre int\u00e9rieur de la t\u00eate de per\u00e7age et le plus petit volume de tube, conform\u00e9ment au principe \u00ab vider l&rsquo;air \u00e0 l&rsquo;int\u00e9rieur du tube \u00bb, afin d&rsquo;\u00e9viter que l&rsquo;air suppl\u00e9mentaire provenant de l&rsquo;ext\u00e9rieur n&rsquo;affecte les r\u00e9sultats de l&rsquo;essai.<\/p>\n<p>Le tube d&rsquo;analyse de l&rsquo;air a \u00e9t\u00e9 fix\u00e9 au-dessus du dispositif de per\u00e7age qui pr\u00e9sente la distance la plus courte entre le tube et la t\u00eate de per\u00e7age, de mani\u00e8re \u00e0 ce que l&rsquo;air contenu dans la bouteille soit enti\u00e8rement lib\u00e9r\u00e9 dans le tube d&rsquo;analyse.<\/p>\n<p>CanNeed-CAN-5000 peut mesurer la pression totale de la bi\u00e8re ou de la boisson, coordonner les tests de temp\u00e9rature et calculer le volume de CO2. Le compteur de pression et le compteur de temp\u00e9rature pr\u00e9cis garantissent des r\u00e9sultats exacts et fiables.<\/div>\n<p>&nbsp;<\/p>\n<h3>Param\u00e8tres techniques<\/h3>\n<div class='prodocut_content'>\n<ul>\n<li>\n\t\tPlage de mesure de la teneur en air : 0-30 ml, r\u00e9solution de la teneur en air : 0,05 ml ;\n\t<\/li>\n<li>\n\t\tPlage de mesure de la pression:0-0,6 Mpa, R\u00e9solution de la pression:0,01Mpa ;\n\t<\/li>\n<li>\n\t\tPlage de mesure de la temp\u00e9rature:0-50\u2103\uff0cTemperature resolution:0.1\u2103 ;\n\t<\/li>\n<li>\n\t\tGamme de mesure du contenu en CO2:0-4.00%v\/v(0.8%w\/w)\n\t<\/li>\n<\/ul>\n<\/div>\n","protected":false},"excerpt":{"rendered":"<h3>Compteur d&rsquo;air<\/h3>\n","protected":false},"featured_media":135,"comment_status":"closed","ping_status":"closed","template":"","meta":[],"product_brand":[],"product_cat":[17,26,28,21],"product_tag":[],"class_list":{"0":"post-99","1":"product","2":"type-product","3":"status-publish","4":"has-post-thumbnail","6":"product_cat-biere-en-conserve-boisson-en-conserve-en-conserve","7":"product_cat-bouteilles-en-verre-bouteilles-de-biere-vin-whisky","8":"product_cat-gaz-carbonique","9":"product_cat-laboratoire","11":"first","12":"instock","13":"shipping-taxable","14":"product-type-simple"},"aioseo_notices":[],"_links":{"self":[{"href":"https:\/\/www.canneed.com\/fr\/wp-json\/wp\/v2\/product\/99","targetHints":{"allow":["GET"]}}],"collection":[{"href":"https:\/\/www.canneed.com\/fr\/wp-json\/wp\/v2\/product"}],"about":[{"href":"https:\/\/www.canneed.com\/fr\/wp-json\/wp\/v2\/types\/product"}],"replies":[{"embeddable":true,"href":"https:\/\/www.canneed.com\/fr\/wp-json\/wp\/v2\/comments?post=99"}],"wp:featuredmedia":[{"embeddable":true,"href":"https:\/\/www.canneed.com\/fr\/wp-json\/wp\/v2\/media\/135"}],"wp:attachment":[{"href":"https:\/\/www.canneed.com\/fr\/wp-json\/wp\/v2\/media?parent=99"}],"wp:term":[{"taxonomy":"product_brand","embeddable":true,"href":"https:\/\/www.canneed.com\/fr\/wp-json\/wp\/v2\/product_brand?post=99"},{"taxonomy":"product_cat","embeddable":true,"href":"https:\/\/www.canneed.com\/fr\/wp-json\/wp\/v2\/product_cat?post=99"},{"taxonomy":"product_tag","embeddable":true,"href":"https:\/\/www.canneed.com\/fr\/wp-json\/wp\/v2\/product_tag?post=99"}],"curies":[{"name":"wp","href":"https:\/\/api.w.org\/{rel}","templated":true}]}}