{"id":97,"date":"2025-05-13T15:57:29","date_gmt":"2025-05-13T07:57:29","guid":{"rendered":"http:\/\/www.canneed.com\/fr\/?post_type=product&#038;p=97"},"modified":"2025-05-13T15:57:36","modified_gmt":"2025-05-13T07:57:36","slug":"canneed-pcd-100","status":"publish","type":"product","link":"https:\/\/www.canneed.com\/fr\/product\/canneed-pcd-100\/","title":{"rendered":"CanNeed-PCD-100"},"content":{"rendered":"<p>&nbsp;<\/p>\n<h3>Application<\/h3>\n<div class='prodocut_content'>Le \u00ab CanNeed-PCD Pressure Calibration Device \u00bb est un instrument de pr\u00e9cision d\u00e9di\u00e9 \u00e0 l&rsquo;\u00e9talonnage des manom\u00e8tres \u00e0 CO2 et des compteurs de pression num\u00e9riques. Il permet d&rsquo;am\u00e9liorer efficacement la pr\u00e9cision du CO2. Le dispositif d&rsquo;\u00e9talonnage de pression CanNeed-PCD a un design compact et reconnaissable, il est facile \u00e0 utiliser et peut \u00eatre utilis\u00e9 de mani\u00e8re multifonctionnelle dans les brasseries et l&rsquo;industrie des boissons non alcoolis\u00e9es. L&rsquo;\u00e9talonnage des appareils de mesure doit de plus en plus \u00eatre tra\u00e7able, car les analyses en laboratoire en d\u00e9pendent. Il est utilis\u00e9 avec de l&rsquo;air comprim\u00e9 ou d&rsquo;autres gaz comme support.<\/p>\n<p>CanNeed propose des technologies d&rsquo;\u00e9talonnage compl\u00e8tes pour les testeurs de CO2 :<br \/>\n1. Comment juger de la pr\u00e9cision des testeurs de CO2 ?<br \/>\n2. Quels sont les dispositifs standard dont les clients ont besoin pour \u00e9talonner les testeurs de CO2.<br \/>\n3. Quels sont les \u00e9carts de mesure des testeurs de CO2 ?<\/div>\n<p>&nbsp;<\/p>\n<h3>Param\u00e8tres techniques<\/h3>\n<div class='prodocut_content'>\n<ul>\n<li>\n\t\tMoyen : Air comprim\u00e9 ou autre gaz\n\t<\/li>\n<li>\n\t\tPlage de pression : 0\uff5e0.6Mpa\n\t<\/li>\n<li>\n\t\tAccuracy: 0.4%\u00d70.6Mpa=0.0024Mpa\n\t<\/li>\n<\/ul>\n<\/div>\n","protected":false},"excerpt":{"rendered":"<h3>Dispositif d&rsquo;\u00e9talonnage de la pression<\/h3>\n","protected":false},"featured_media":133,"comment_status":"closed","ping_status":"closed","template":"","meta":[],"product_brand":[],"product_cat":[26,28,21],"product_tag":[],"class_list":{"0":"post-97","1":"product","2":"type-product","3":"status-publish","4":"has-post-thumbnail","6":"product_cat-bouteilles-en-verre-bouteilles-de-biere-vin-whisky","7":"product_cat-gaz-carbonique","8":"product_cat-laboratoire","10":"first","11":"instock","12":"shipping-taxable","13":"product-type-simple"},"aioseo_notices":[],"_links":{"self":[{"href":"https:\/\/www.canneed.com\/fr\/wp-json\/wp\/v2\/product\/97","targetHints":{"allow":["GET"]}}],"collection":[{"href":"https:\/\/www.canneed.com\/fr\/wp-json\/wp\/v2\/product"}],"about":[{"href":"https:\/\/www.canneed.com\/fr\/wp-json\/wp\/v2\/types\/product"}],"replies":[{"embeddable":true,"href":"https:\/\/www.canneed.com\/fr\/wp-json\/wp\/v2\/comments?post=97"}],"wp:featuredmedia":[{"embeddable":true,"href":"https:\/\/www.canneed.com\/fr\/wp-json\/wp\/v2\/media\/133"}],"wp:attachment":[{"href":"https:\/\/www.canneed.com\/fr\/wp-json\/wp\/v2\/media?parent=97"}],"wp:term":[{"taxonomy":"product_brand","embeddable":true,"href":"https:\/\/www.canneed.com\/fr\/wp-json\/wp\/v2\/product_brand?post=97"},{"taxonomy":"product_cat","embeddable":true,"href":"https:\/\/www.canneed.com\/fr\/wp-json\/wp\/v2\/product_cat?post=97"},{"taxonomy":"product_tag","embeddable":true,"href":"https:\/\/www.canneed.com\/fr\/wp-json\/wp\/v2\/product_tag?post=97"}],"curies":[{"name":"wp","href":"https:\/\/api.w.org\/{rel}","templated":true}]}}