{"id":96,"date":"2025-05-13T15:57:29","date_gmt":"2025-05-13T07:57:29","guid":{"rendered":"http:\/\/www.canneed.com\/fr\/?post_type=product&#038;p=96"},"modified":"2025-05-13T15:57:36","modified_gmt":"2025-05-13T07:57:36","slug":"canneed-can-5001","status":"publish","type":"product","link":"https:\/\/www.canneed.com\/fr\/product\/canneed-can-5001\/","title":{"rendered":"CanNeed-CAN-5001"},"content":{"rendered":"<p>&nbsp;<\/p>\n<h3>Application<\/h3>\n<div class='prodocut_content'>Le testeur de CO2 et le testeur de pression CanNeed-CAN-5001, CAN-5002 sont destin\u00e9s \u00e0 mesurer la teneur en CO2 des boissons gazeuses conditionn\u00e9es dans des bouteilles ou des canettes en verre ou en PET. Il est con\u00e7u conform\u00e9ment \u00e0 la th\u00e9orie ASBC de l&rsquo;American Society of Brewing Chemists, correspondant \u00e0 la norme GB\/T 4928 &#8211; 2001 Brewing Analysis Methods et \u00e0 la norme GB\/T 10792 &#8211; 1995 Carbonated Beverage Analysis Methods. Par cons\u00e9quent, cette machine est largement utilis\u00e9e par les bureaux de supervision de la qualit\u00e9 et de la technique et les entreprises de boissons.<\/div>\n<p>&nbsp;<\/p>\n<h3>Les avantages<\/h3>\n<div class='prodocut_content'>Il est applicable aux bouteilles ou aux bo\u00eetes de diff\u00e9rentes tailles. Une fois l&rsquo;\u00e9chantillon perc\u00e9, la pression est lue sur le manom\u00e8tre d\u00e8s que la pression d&rsquo;\u00e9quilibre est atteinte. Avec un thermom\u00e8tre \u00e0 cadran install\u00e9 dans le mod\u00e8le CanNeed-CAN-5001-T, la temp\u00e9rature du liquide est lue en m\u00eame temps. Avec le mod\u00e8le CanNeed-CAN-5001, la bouteille ou le bidon peut \u00eatre retir\u00e9 de l&rsquo;instrument pour mesurer la temp\u00e9rature du liquide \u00e0 l&rsquo;aide d&rsquo;un thermom\u00e8tre s\u00e9par\u00e9. La teneur en CO2 est d\u00e9termin\u00e9e \u00e0 l&rsquo;aide de la r\u00e8gle \u00e0 calcul du CO2 ou des diagrammes de relation temp\u00e9rature\/pression.<\/p>\n<p>La machine est simple dans sa structure et pratique dans son utilisation. \u00c9quip\u00e9e d&rsquo;un manom\u00e8tre de haute pr\u00e9cision et d&rsquo;un thermom\u00e8tre standard, elle peut garantir la pr\u00e9cision et la fiabilit\u00e9 des r\u00e9sultats.<\/p>\n<p>Si elle est utilis\u00e9e avec le compteur d&rsquo;air CanNeed-IAM-30, elle peut tester la teneur en CO2 ainsi que la teneur en air.<\/div>\n","protected":false},"excerpt":{"rendered":"<h3>Testeur de CO2 et testeur de pression<\/h3>\n","protected":false},"featured_media":131,"comment_status":"closed","ping_status":"closed","template":"","meta":[],"product_brand":[],"product_cat":[17,26,33,28,21],"product_tag":[],"class_list":{"0":"post-96","1":"product","2":"type-product","3":"status-publish","4":"has-post-thumbnail","6":"product_cat-biere-en-conserve-boisson-en-conserve-en-conserve","7":"product_cat-bouteilles-en-verre-bouteilles-de-biere-vin-whisky","8":"product_cat-bouteilles-pet-boissons-bouteilles-pet-embryons-de-bouteilles-bouchons-en-plastique","9":"product_cat-gaz-carbonique","10":"product_cat-laboratoire","12":"first","13":"instock","14":"shipping-taxable","15":"product-type-simple"},"aioseo_notices":[],"_links":{"self":[{"href":"https:\/\/www.canneed.com\/fr\/wp-json\/wp\/v2\/product\/96","targetHints":{"allow":["GET"]}}],"collection":[{"href":"https:\/\/www.canneed.com\/fr\/wp-json\/wp\/v2\/product"}],"about":[{"href":"https:\/\/www.canneed.com\/fr\/wp-json\/wp\/v2\/types\/product"}],"replies":[{"embeddable":true,"href":"https:\/\/www.canneed.com\/fr\/wp-json\/wp\/v2\/comments?post=96"}],"wp:featuredmedia":[{"embeddable":true,"href":"https:\/\/www.canneed.com\/fr\/wp-json\/wp\/v2\/media\/131"}],"wp:attachment":[{"href":"https:\/\/www.canneed.com\/fr\/wp-json\/wp\/v2\/media?parent=96"}],"wp:term":[{"taxonomy":"product_brand","embeddable":true,"href":"https:\/\/www.canneed.com\/fr\/wp-json\/wp\/v2\/product_brand?post=96"},{"taxonomy":"product_cat","embeddable":true,"href":"https:\/\/www.canneed.com\/fr\/wp-json\/wp\/v2\/product_cat?post=96"},{"taxonomy":"product_tag","embeddable":true,"href":"https:\/\/www.canneed.com\/fr\/wp-json\/wp\/v2\/product_tag?post=96"}],"curies":[{"name":"wp","href":"https:\/\/api.w.org\/{rel}","templated":true}]}}