{"id":95,"date":"2025-05-13T15:57:29","date_gmt":"2025-05-13T07:57:29","guid":{"rendered":"http:\/\/www.canneed.com\/fr\/?post_type=product&#038;p=95"},"modified":"2025-05-13T15:57:35","modified_gmt":"2025-05-13T07:57:35","slug":"canneed-bcc-7001","status":"publish","type":"product","link":"https:\/\/www.canneed.com\/fr\/product\/canneed-bcc-7001\/","title":{"rendered":"CanNeed-BCC-7001"},"content":{"rendered":"<p>&nbsp;<\/p>\n<h3>Application<\/h3>\n<div class='prodocut_content'>Le calculateur num\u00e9rique de CO2 pour boissons CanNeed-BCC-7001 permet de mesurer la teneur en CO2 de la bi\u00e8re en bouteille de verre, en bo\u00eete ou en bouteille PET et d&rsquo;autres boissons gazeuses. Le fonctionnement est simple, lorsque la mesure est en cours, le BCC-7001 calcule automatiquement le CO2.<br \/>\nApr\u00e8s avoir perc\u00e9 le r\u00e9cipient, l&rsquo;utilisateur agite l&rsquo;appareil avec l&rsquo;\u00e9chantillon \u00e0 la main, puis d\u00e9marre l&rsquo;appareil, qui calcule automatiquement la temp\u00e9rature et la pression, et le r\u00e9sultat s&rsquo;affiche \u00e0 l&rsquo;\u00e9cran.<br \/>\nLa calculatrice num\u00e9rique de CO2 pour boissons CanNeed-BCC-7001 s&rsquo;applique \u00e0 diff\u00e9rentes tailles de bouteilles en verre, de canettes et de bouteilles en PET.<br \/>\nSi l&rsquo;on combine l&rsquo;appareil de mesure de l&rsquo;air IAM, il est possible de mesurer l&rsquo;air du goulot de la bouteille et la teneur totale en air en m\u00eame temps lors de la mesure de la teneur en CO2.<\/div>\n<p>&nbsp;<\/p>\n<h3>Param\u00e8tres techniques<\/h3>\n<div class='prodocut_content'>Plage de mesure:CO2 :&nbsp; 2,50 &#8211; 9,99 g\/l<br \/>\nTemp\u00e9rature : -10 &#8211; +60 \u2103<br \/>\nPression : -1 &#8211; +6 bar<br \/>\nPr\u00e9cision:CO2 : \u00b10.10 g\/l<br \/>\nTemp\u00e9rature : \u00b10.2\u2103<br \/>\nPression : \u00b10,01 bar<br \/>\nTension : 200-250 V, 50\/60 Hz<br \/>\nDimensions : (H x L x P) 550 x 190 x 190 mm<br \/>\nPoids : 2 kg<br \/>\nHauteur de la bouteille : min. 50 mm, max. 360 mm<br \/>\nDiam\u00e8tre de la bouteille : max. 110 mm<\/div>\n","protected":false},"excerpt":{"rendered":"<h3>Calculatrice num\u00e9rique de CO2 pour boissons<\/h3>\n","protected":false},"featured_media":130,"comment_status":"closed","ping_status":"closed","template":"","meta":[],"product_brand":[],"product_cat":[17,26,33,28,21],"product_tag":[],"class_list":{"0":"post-95","1":"product","2":"type-product","3":"status-publish","4":"has-post-thumbnail","6":"product_cat-biere-en-conserve-boisson-en-conserve-en-conserve","7":"product_cat-bouteilles-en-verre-bouteilles-de-biere-vin-whisky","8":"product_cat-bouteilles-pet-boissons-bouteilles-pet-embryons-de-bouteilles-bouchons-en-plastique","9":"product_cat-gaz-carbonique","10":"product_cat-laboratoire","12":"first","13":"instock","14":"shipping-taxable","15":"product-type-simple"},"aioseo_notices":[],"_links":{"self":[{"href":"https:\/\/www.canneed.com\/fr\/wp-json\/wp\/v2\/product\/95","targetHints":{"allow":["GET"]}}],"collection":[{"href":"https:\/\/www.canneed.com\/fr\/wp-json\/wp\/v2\/product"}],"about":[{"href":"https:\/\/www.canneed.com\/fr\/wp-json\/wp\/v2\/types\/product"}],"replies":[{"embeddable":true,"href":"https:\/\/www.canneed.com\/fr\/wp-json\/wp\/v2\/comments?post=95"}],"wp:featuredmedia":[{"embeddable":true,"href":"https:\/\/www.canneed.com\/fr\/wp-json\/wp\/v2\/media\/130"}],"wp:attachment":[{"href":"https:\/\/www.canneed.com\/fr\/wp-json\/wp\/v2\/media?parent=95"}],"wp:term":[{"taxonomy":"product_brand","embeddable":true,"href":"https:\/\/www.canneed.com\/fr\/wp-json\/wp\/v2\/product_brand?post=95"},{"taxonomy":"product_cat","embeddable":true,"href":"https:\/\/www.canneed.com\/fr\/wp-json\/wp\/v2\/product_cat?post=95"},{"taxonomy":"product_tag","embeddable":true,"href":"https:\/\/www.canneed.com\/fr\/wp-json\/wp\/v2\/product_tag?post=95"}],"curies":[{"name":"wp","href":"https:\/\/api.w.org\/{rel}","templated":true}]}}