{"id":94,"date":"2025-05-13T15:57:29","date_gmt":"2025-05-13T07:57:29","guid":{"rendered":"http:\/\/www.canneed.com\/fr\/?post_type=product&#038;p=94"},"modified":"2025-05-13T15:57:35","modified_gmt":"2025-05-13T07:57:35","slug":"canneed-bcc-200","status":"publish","type":"product","link":"https:\/\/www.canneed.com\/fr\/product\/canneed-bcc-200\/","title":{"rendered":"CanNeed-BCC-200"},"content":{"rendered":"<p>&nbsp;<\/p>\n<h3>Application<\/h3>\n<div class='prodocut_content'>Le calculateur num\u00e9rique de CO2 pour boissons CanNeed-BCC-200 permet de mesurer la teneur en CO2 de la bi\u00e8re en bouteille de verre, en bo\u00eete ou en bouteille PET et d&rsquo;autres boissons gazeuses. Le fonctionnement est simple, la pr\u00e9cision \u00e9lev\u00e9e et la teneur en CO2 est calcul\u00e9e automatiquement. Apr\u00e8s avoir perc\u00e9 l&rsquo;\u00e9chantillon, secouez l&rsquo;appareil avec l&rsquo;\u00e9chantillon, commencez la mesure, puis l&rsquo;instrument mesurera la temp\u00e9rature et la pression de l&rsquo;\u00e9chantillon et affichera la teneur en CO2. Il est applicable \u00e0 diff\u00e9rentes tailles de bouteilles en verre, de bo\u00eetes de conserve et de bouteilles en PET.<\/p>\n<p>\u00c9quip\u00e9 d&rsquo;un capteur de pression import\u00e9 de haute pr\u00e9cision et d&rsquo;un capteur de temp\u00e9rature de haute pr\u00e9cision, il peut garantir la pr\u00e9cision et la fiabilit\u00e9 des r\u00e9sultats.<\/p>\n<p>Si l&rsquo;on combine l&rsquo;appareil de mesure de l&rsquo;air IAM, il est possible de mesurer l&rsquo;air du goulot de la bouteille et la teneur totale en air en m\u00eame temps lors de la mesure de la teneur en CO2.<\/div>\n","protected":false},"excerpt":{"rendered":"<h3>Calculatrice num\u00e9rique de CO2 pour boissons<\/h3>\n","protected":false},"featured_media":128,"comment_status":"closed","ping_status":"closed","template":"","meta":[],"product_brand":[],"product_cat":[17,26,33,28,21],"product_tag":[],"class_list":{"0":"post-94","1":"product","2":"type-product","3":"status-publish","4":"has-post-thumbnail","6":"product_cat-biere-en-conserve-boisson-en-conserve-en-conserve","7":"product_cat-bouteilles-en-verre-bouteilles-de-biere-vin-whisky","8":"product_cat-bouteilles-pet-boissons-bouteilles-pet-embryons-de-bouteilles-bouchons-en-plastique","9":"product_cat-gaz-carbonique","10":"product_cat-laboratoire","12":"first","13":"instock","14":"shipping-taxable","15":"product-type-simple"},"aioseo_notices":[],"_links":{"self":[{"href":"https:\/\/www.canneed.com\/fr\/wp-json\/wp\/v2\/product\/94","targetHints":{"allow":["GET"]}}],"collection":[{"href":"https:\/\/www.canneed.com\/fr\/wp-json\/wp\/v2\/product"}],"about":[{"href":"https:\/\/www.canneed.com\/fr\/wp-json\/wp\/v2\/types\/product"}],"replies":[{"embeddable":true,"href":"https:\/\/www.canneed.com\/fr\/wp-json\/wp\/v2\/comments?post=94"}],"wp:featuredmedia":[{"embeddable":true,"href":"https:\/\/www.canneed.com\/fr\/wp-json\/wp\/v2\/media\/128"}],"wp:attachment":[{"href":"https:\/\/www.canneed.com\/fr\/wp-json\/wp\/v2\/media?parent=94"}],"wp:term":[{"taxonomy":"product_brand","embeddable":true,"href":"https:\/\/www.canneed.com\/fr\/wp-json\/wp\/v2\/product_brand?post=94"},{"taxonomy":"product_cat","embeddable":true,"href":"https:\/\/www.canneed.com\/fr\/wp-json\/wp\/v2\/product_cat?post=94"},{"taxonomy":"product_tag","embeddable":true,"href":"https:\/\/www.canneed.com\/fr\/wp-json\/wp\/v2\/product_tag?post=94"}],"curies":[{"name":"wp","href":"https:\/\/api.w.org\/{rel}","templated":true}]}}