{"id":91,"date":"2025-05-13T15:57:29","date_gmt":"2025-05-13T07:57:29","guid":{"rendered":"http:\/\/www.canneed.com\/fr\/?post_type=product&#038;p=91"},"modified":"2025-05-13T15:57:34","modified_gmt":"2025-05-13T07:57:34","slug":"canneed-str-100","status":"publish","type":"product","link":"https:\/\/www.canneed.com\/fr\/product\/canneed-str-100\/","title":{"rendered":"CanNeed-STR-100"},"content":{"rendered":"<p>&nbsp;<\/p>\n<h3>Application<\/h3>\n<div class='prodocut_content'>Le d\u00e9nudeur de garniture de couvercle de bo\u00eete CanNeed-STR-100 est con\u00e7u pour couper rapidement et pr\u00e9cis\u00e9ment la garniture de couvercle de bo\u00eete en place afin d&rsquo;inspecter les plis et l&rsquo;\u00e9tanch\u00e9it\u00e9 du crochet du couvercle. Le CanNeed-STR-100 est \u00e9galement utilis\u00e9 pour les tests d&rsquo;\u00e9bullition o\u00f9 un grand nombre d&rsquo;\u00e9chantillons de bo\u00eetes doivent \u00eatre coup\u00e9s \u00e0 partir du couvercle pour observer l&rsquo;int\u00e9rieur de la bo\u00eete.<\/div>\n<p>&nbsp;<\/p>\n<h3>Les avantages<\/h3>\n<div class='prodocut_content'>Le \u00ab CanNeed-STR-100 Seam Stripper \u00bb automatique est une m\u00e9thode de d\u00e9montage judicieuse et abordable pour pr\u00e9parer l&rsquo;analyse du d\u00e9montage des doubles coutures. Une op\u00e9ration de d\u00e9montage rapide et s\u00fbre sans endommager ou d\u00e9former le crochet de la couverture. R\u00e9duction du temps de d\u00e9montage pour des inspections plus fr\u00e9quentes. Changement rapide de l&rsquo;outillage en quelques secondes. Des mod\u00e8les sont disponibles pour la plupart des tailles courantes de bo\u00eetes de boisson et de bo\u00eetes alimentaires. Lors de la commande, le diam\u00e8tre de l&rsquo;extr\u00e9mit\u00e9 et la hauteur de la bo\u00eete doivent \u00eatre sp\u00e9cifi\u00e9s afin que les pi\u00e8ces de rechange appropri\u00e9es soient incluses. Coupe et d\u00e9nude efficacement les bo\u00eetes en aluminium et en acier en un seul mouvement. 10 secondes par bo\u00eete. Elimine les actions r\u00e9p\u00e9titives \u00e0 la main.<\/p>\n<p>Une partie importante de l&rsquo;\u00e9valuation du serti est le d\u00e9montage r\u00e9el du serti de la bo\u00eete pour d\u00e9terminer l&rsquo;\u00e9tanch\u00e9it\u00e9 ou le niveau de plis.<\/div>\n","protected":false},"excerpt":{"rendered":"<h3>D\u00e9colleur du roulage du couvercle<\/h3>\n","protected":false},"featured_media":123,"comment_status":"closed","ping_status":"closed","template":"","meta":[],"product_brand":[],"product_cat":[17,22,21,19],"product_tag":[],"class_list":{"0":"post-91","1":"product","2":"type-product","3":"status-publish","4":"has-post-thumbnail","6":"product_cat-biere-en-conserve-boisson-en-conserve-en-conserve","7":"product_cat-canette-aerosol-en-trois-parties-revetement","8":"product_cat-laboratoire","9":"product_cat-ourlet-double","11":"first","12":"instock","13":"shipping-taxable","14":"product-type-simple"},"aioseo_notices":[],"_links":{"self":[{"href":"https:\/\/www.canneed.com\/fr\/wp-json\/wp\/v2\/product\/91","targetHints":{"allow":["GET"]}}],"collection":[{"href":"https:\/\/www.canneed.com\/fr\/wp-json\/wp\/v2\/product"}],"about":[{"href":"https:\/\/www.canneed.com\/fr\/wp-json\/wp\/v2\/types\/product"}],"replies":[{"embeddable":true,"href":"https:\/\/www.canneed.com\/fr\/wp-json\/wp\/v2\/comments?post=91"}],"wp:featuredmedia":[{"embeddable":true,"href":"https:\/\/www.canneed.com\/fr\/wp-json\/wp\/v2\/media\/123"}],"wp:attachment":[{"href":"https:\/\/www.canneed.com\/fr\/wp-json\/wp\/v2\/media?parent=91"}],"wp:term":[{"taxonomy":"product_brand","embeddable":true,"href":"https:\/\/www.canneed.com\/fr\/wp-json\/wp\/v2\/product_brand?post=91"},{"taxonomy":"product_cat","embeddable":true,"href":"https:\/\/www.canneed.com\/fr\/wp-json\/wp\/v2\/product_cat?post=91"},{"taxonomy":"product_tag","embeddable":true,"href":"https:\/\/www.canneed.com\/fr\/wp-json\/wp\/v2\/product_tag?post=91"}],"curies":[{"name":"wp","href":"https:\/\/api.w.org\/{rel}","templated":true}]}}