{"id":88,"date":"2025-05-13T15:57:29","date_gmt":"2025-05-13T07:57:29","guid":{"rendered":"http:\/\/www.canneed.com\/fr\/?post_type=product&#038;p=88"},"modified":"2025-05-13T15:57:33","modified_gmt":"2025-05-13T07:57:33","slug":"canneed-css-1000","status":"publish","type":"product","link":"https:\/\/www.canneed.com\/fr\/product\/canneed-css-1000\/","title":{"rendered":"CanNeed-CSS-1000"},"content":{"rendered":"<p>&nbsp;<\/p>\n<h3>Application<\/h3>\n<div class='prodocut_content'><span>La scie de scellement et de roulage silencieuse CSS-1000 est destin\u00e9e exclusivement \u00e0 d\u00e9couper les contenants \u00e0 diam\u00e8tre 65mm (par exemple la cannette de la bi\u00e8re , les cannettes \u00e0 capsule 209)\uff0c la d\u00e9coupe est pr\u00e9cis , rapide, s\u00e9curitaire et commode. Les contenants ne peuvent \u00eatre d\u00e9form\u00e9s lors du d\u00e9coupe .Effet de d\u00e9coupe pr\u00e9cis, acqu\u00e9rir une fente claire, alors que les images sont limpides lorsqu\u2019on utilise le projecteur du roulage Seam Sight de la soci\u00e9t\u00e9 Canneed pour tester le scellement et le roulage.<\/span><\/div>\n<p>&nbsp;<\/p>\n<h3>Les avantages<\/h3>\n<div class='prodocut_content'><span>La scie de scellement et de roulage silencieuse CSS-1000 est con\u00e7ue sp\u00e9cifiquement en mode muet, diminuer le bruit de d\u00e9coupe du contenant.<\/span><br \/>\n<span>Lames en acier hyper rigide, \u00eatre solides et durables, les tranchants sont limpides, sans ar\u00eates.<\/span><br \/>\n<span>La scie de scellement et de roulage silencieuse CSS-1000 adopte multi fonctions de s\u00e9curit\u00e9 dans l\u2019aspect de conception, prot\u00e9geant autant que possible les op\u00e9rateurs.<\/span><br \/>\n<span>Premi\u00e8re d\u00e9fense : Installer les commutateurs de proximit\u00e9 aupr\u00e8s des lames de scie, le moteur peut \u00eatre d\u00e9marr\u00e9 \u00e0 condition que les contenants soient introduits dans l\u2019appareil.<\/span><br \/>\n<span>Deuxi\u00e8me d\u00e9fense: Installer les commutateurs de proximit\u00e9 sur le carter, l\u2019appareil peut \u00eatre d\u00e9clench\u00e9 d\u00e8s que le carter soit ferm\u00e9, \u00e9vitant autant que possible le remplacement des lames de scie \u00e0 d\u00e9montage du carter et la destruction caus\u00e9e par l\u2019\u00e9limination des limailles de fer.<\/span><br \/>\n<span>Troisi\u00e8me d\u00e9fense: Disposer les interrupteurs d\u2019arr\u00eat urgence aupr\u00e8s le bouton d\u2019op\u00e9ration, de sorte qu\u2019on puisse couper l\u2019alimentation en temps voulu en cas d\u2019accident, prot\u00e9geant la s\u00e9curit\u00e9 des op\u00e9rateurs.<\/span><\/div>\n","protected":false},"excerpt":{"rendered":"<h3>Scie de scellement et de roulage silencieuse (d\u00e9coupeur de roulage)<\/h3>\n","protected":false},"featured_media":120,"comment_status":"closed","ping_status":"closed","template":"","meta":[],"product_brand":[],"product_cat":[17,21,19],"product_tag":[],"class_list":{"0":"post-88","1":"product","2":"type-product","3":"status-publish","4":"has-post-thumbnail","6":"product_cat-biere-en-conserve-boisson-en-conserve-en-conserve","7":"product_cat-laboratoire","8":"product_cat-ourlet-double","10":"first","11":"instock","12":"shipping-taxable","13":"product-type-simple"},"aioseo_notices":[],"_links":{"self":[{"href":"https:\/\/www.canneed.com\/fr\/wp-json\/wp\/v2\/product\/88","targetHints":{"allow":["GET"]}}],"collection":[{"href":"https:\/\/www.canneed.com\/fr\/wp-json\/wp\/v2\/product"}],"about":[{"href":"https:\/\/www.canneed.com\/fr\/wp-json\/wp\/v2\/types\/product"}],"replies":[{"embeddable":true,"href":"https:\/\/www.canneed.com\/fr\/wp-json\/wp\/v2\/comments?post=88"}],"wp:featuredmedia":[{"embeddable":true,"href":"https:\/\/www.canneed.com\/fr\/wp-json\/wp\/v2\/media\/120"}],"wp:attachment":[{"href":"https:\/\/www.canneed.com\/fr\/wp-json\/wp\/v2\/media?parent=88"}],"wp:term":[{"taxonomy":"product_brand","embeddable":true,"href":"https:\/\/www.canneed.com\/fr\/wp-json\/wp\/v2\/product_brand?post=88"},{"taxonomy":"product_cat","embeddable":true,"href":"https:\/\/www.canneed.com\/fr\/wp-json\/wp\/v2\/product_cat?post=88"},{"taxonomy":"product_tag","embeddable":true,"href":"https:\/\/www.canneed.com\/fr\/wp-json\/wp\/v2\/product_tag?post=88"}],"curies":[{"name":"wp","href":"https:\/\/api.w.org\/{rel}","templated":true}]}}